{"id":28456,"date":"2021-06-27T16:38:02","date_gmt":"2021-06-27T19:38:02","guid":{"rendered":"https:\/\/www.argensend.com\/?post_type=product&#038;p=28456"},"modified":"2024-12-06T16:12:17","modified_gmt":"2024-12-06T19:12:17","slug":"argentina-el-gran-libro","status":"publish","type":"product","link":"https:\/\/www.argensend.com\/en\/product\/argentina-el-gran-libro\/","title":{"rendered":"Argentina &#8211; el Gran Libro"},"content":{"rendered":"","protected":false},"excerpt":{"rendered":"<div class=\"product-essential col1-set\">\n<div id=\"ja-tab-products\" class=\"product-collateral\">\n<div class=\"ja-tab-content\">\n<div id=\"ja-tabitem-desc\">\n<p>&nbsp;<\/p>\n<\/div>\n<\/div>\n<\/div>\n<\/div>\n<div class=\"box-collateral box-up-sell\">\n<p>Un homenaje a los treinta a\u00f1os de trayectoria de la ic\u00f3nica revista Lugares. El impactante recorrido fotogr\u00e1fico permite descubrir particularidades de las veintitr\u00e9s provincias argentinas. Desde las coloridas tramas de la puna hasta los grandiosos paisajes sure\u00f1os en esta exploraci\u00f3n se aprecian formas; matices y texturas del fascinante territorio nacional y los seres que lo habitan: un viaje excepcional que atraviesa la diversidad del pa\u00eds. La obra incluye dos desplegables de flora y fauna y un identikit con los rasgos m\u00e1s sobresalientes de cada provincia.<\/p>\n<\/div>","protected":false},"featured_media":28457,"comment_status":"closed","ping_status":"closed","template":"","meta":{"_acf_changed":false,"om_disable_all_campaigns":false,"_monsterinsights_skip_tracking":false,"_monsterinsights_sitenote_active":false,"_monsterinsights_sitenote_note":"","_monsterinsights_sitenote_category":0,"jetpack_post_was_ever_published":false},"etheme_brands":[],"product_brand":[],"product_cat":[685],"product_tag":[1753,1752,1149,1007,1749,1762,1743,1750,1744,1766,1193,1767,1081,1754,1763,1764,1768,1192,1751,1765],"class_list":{"0":"post-28456","1":"product","2":"type-product","3":"status-publish","4":"has-post-thumbnail","6":"product_cat-libros","7":"product_tag-carteleras","8":"product_tag-carteles","9":"product_tag-casa","10":"product_tag-chapa","11":"product_tag-chapon","12":"product_tag-club-del-poster","13":"product_tag-decoracion","14":"product_tag-decoration","15":"product_tag-decorativo","16":"product_tag-duro","17":"product_tag-fileteado","18":"product_tag-firme","19":"product_tag-home","20":"product_tag-melaticos","21":"product_tag-metal","22":"product_tag-metalico","23":"product_tag-personalizado","24":"product_tag-porteno","25":"product_tag-poster","26":"product_tag-rigido","28":"first","29":"instock","30":"taxable","31":"shipping-taxable","32":"purchasable","33":"product-type-simple"},"acf":[],"aioseo_notices":[],"jetpack_sharing_enabled":true,"_links":{"self":[{"href":"https:\/\/www.argensend.com\/en\/wp-json\/wp\/v2\/product\/28456","targetHints":{"allow":["GET"]}}],"collection":[{"href":"https:\/\/www.argensend.com\/en\/wp-json\/wp\/v2\/product"}],"about":[{"href":"https:\/\/www.argensend.com\/en\/wp-json\/wp\/v2\/types\/product"}],"replies":[{"embeddable":true,"href":"https:\/\/www.argensend.com\/en\/wp-json\/wp\/v2\/comments?post=28456"}],"version-history":[{"count":3,"href":"https:\/\/www.argensend.com\/en\/wp-json\/wp\/v2\/product\/28456\/revisions"}],"predecessor-version":[{"id":106862,"href":"https:\/\/www.argensend.com\/en\/wp-json\/wp\/v2\/product\/28456\/revisions\/106862"}],"wp:featuredmedia":[{"embeddable":true,"href":"https:\/\/www.argensend.com\/en\/wp-json\/wp\/v2\/media\/28457"}],"wp:attachment":[{"href":"https:\/\/www.argensend.com\/en\/wp-json\/wp\/v2\/media?parent=28456"}],"wp:term":[{"taxonomy":"brand","embeddable":true,"href":"https:\/\/www.argensend.com\/en\/wp-json\/wp\/v2\/etheme_brands?post=28456"},{"taxonomy":"product_brand","embeddable":true,"href":"https:\/\/www.argensend.com\/en\/wp-json\/wp\/v2\/product_brand?post=28456"},{"taxonomy":"product_cat","embeddable":true,"href":"https:\/\/www.argensend.com\/en\/wp-json\/wp\/v2\/product_cat?post=28456"},{"taxonomy":"product_tag","embeddable":true,"href":"https:\/\/www.argensend.com\/en\/wp-json\/wp\/v2\/product_tag?post=28456"}],"curies":[{"name":"wp","href":"https:\/\/api.w.org\/{rel}","templated":true}]}}