{"id":28487,"date":"2021-06-27T21:24:28","date_gmt":"2021-06-28T00:24:28","guid":{"rendered":"https:\/\/www.argensend.com\/?post_type=product&#038;p=28487"},"modified":"2025-04-21T20:59:25","modified_gmt":"2025-04-21T23:59:25","slug":"kapac-premezcla-para-preparar-masa-para-tartas-y-empanadas-500-grs-x-3-unidades","status":"publish","type":"product","link":"https:\/\/www.argensend.com\/en\/product\/kapac-premezcla-para-preparar-masa-para-tartas-y-empanadas-500-grs-x-3-unidades\/","title":{"rendered":"Kapac &#8211; Premezcla para Tartas y Empanadas 500gr &#8211; 3 Unidades"},"content":{"rendered":"","protected":false},"excerpt":{"rendered":"<p>Ingredientes: almid\u00f3n de ma\u00edz, harina de arroz, leche entera en polvo, f\u00e9cula de mandioca, huevo entero en polvo, sal. Espesante, emulsionante. Contiene leche, huevo y lecitina de soja.<\/p>\n<p>Solo se necesita agregar agua para su elaboraci\u00f3n. Mantenga el producto en lugar fresco y seco. (20\u00b0C \u2013 60% HR)<br \/>\n<strong>Vida \u00fatil: 12\u00a0meses despu\u00e9s de envasado.<\/strong><\/p>\n<p>Peso neto: 500 grs<\/p>\n<p>SIN TACC<\/p>\n<p>LIBRE DE GLUTEN<\/p>","protected":false},"featured_media":28488,"comment_status":"closed","ping_status":"closed","template":"","meta":{"_acf_changed":false,"om_disable_all_campaigns":false,"_monsterinsights_skip_tracking":false,"_monsterinsights_sitenote_active":false,"_monsterinsights_sitenote_note":"","_monsterinsights_sitenote_category":0},"etheme_brands":[],"product_brand":[],"product_cat":[8797,8804],"product_tag":[1831,1835,767,602,762,578,60,764,766,763,1650,601,1829,1828,1833,167,382,765],"class_list":{"0":"post-28487","1":"product","2":"type-product","3":"status-publish","4":"has-post-thumbnail","6":"product_cat-premezclas","7":"product_cat-salado-sin-tacc","8":"product_tag-1831","9":"product_tag-25de-mayo","10":"product_tag-bajas-calorias","11":"product_tag-caseinate","12":"product_tag-caseinato","13":"product_tag-cocinar","14":"product_tag-dulce-de-leche","15":"product_tag-jalea","16":"product_tag-light","17":"product_tag-manjar","18":"product_tag-mayo","19":"product_tag-repostero","20":"product_tag-semana-de-mayo","21":"product_tag-semana-especial","22":"product_tag-semana-festiva","23":"product_tag-sin-tacc","24":"product_tag-sweet-jam","25":"product_tag-whiout-tacc","27":"first","28":"outofstock","29":"taxable","30":"shipping-taxable","31":"purchasable","32":"product-type-simple"},"acf":[],"aioseo_notices":[],"_links":{"self":[{"href":"https:\/\/www.argensend.com\/en\/wp-json\/wp\/v2\/product\/28487","targetHints":{"allow":["GET"]}}],"collection":[{"href":"https:\/\/www.argensend.com\/en\/wp-json\/wp\/v2\/product"}],"about":[{"href":"https:\/\/www.argensend.com\/en\/wp-json\/wp\/v2\/types\/product"}],"replies":[{"embeddable":true,"href":"https:\/\/www.argensend.com\/en\/wp-json\/wp\/v2\/comments?post=28487"}],"version-history":[{"count":5,"href":"https:\/\/www.argensend.com\/en\/wp-json\/wp\/v2\/product\/28487\/revisions"}],"predecessor-version":[{"id":107241,"href":"https:\/\/www.argensend.com\/en\/wp-json\/wp\/v2\/product\/28487\/revisions\/107241"}],"wp:featuredmedia":[{"embeddable":true,"href":"https:\/\/www.argensend.com\/en\/wp-json\/wp\/v2\/media\/28488"}],"wp:attachment":[{"href":"https:\/\/www.argensend.com\/en\/wp-json\/wp\/v2\/media?parent=28487"}],"wp:term":[{"taxonomy":"brand","embeddable":true,"href":"https:\/\/www.argensend.com\/en\/wp-json\/wp\/v2\/etheme_brands?post=28487"},{"taxonomy":"product_brand","embeddable":true,"href":"https:\/\/www.argensend.com\/en\/wp-json\/wp\/v2\/product_brand?post=28487"},{"taxonomy":"product_cat","embeddable":true,"href":"https:\/\/www.argensend.com\/en\/wp-json\/wp\/v2\/product_cat?post=28487"},{"taxonomy":"product_tag","embeddable":true,"href":"https:\/\/www.argensend.com\/en\/wp-json\/wp\/v2\/product_tag?post=28487"}],"curies":[{"name":"wp","href":"https:\/\/api.w.org\/{rel}","templated":true}]}}