{"id":28922,"date":"2021-07-09T11:45:17","date_gmt":"2021-07-09T14:45:17","guid":{"rendered":"https:\/\/www.argensend.com\/?post_type=product&#038;p=28922"},"modified":"2024-12-06T16:12:46","modified_gmt":"2024-12-06T19:12:46","slug":"maquina-de-sushi-profesional-porfessional-sushi-machine","status":"publish","type":"product","link":"https:\/\/www.argensend.com\/en\/product\/maquina-de-sushi-profesional-porfessional-sushi-machine\/","title":{"rendered":"Maquina de Sushi Profesional \/ Porfessional Sushi Machine"},"content":{"rendered":"","protected":false},"excerpt":{"rendered":"<p>Caracter\u00edsticas: M\u00e1quina autom\u00e1tica para hacer sushi. Ideal para casas, restaurantes o para regalar. Muy facil de usar y lavar. Material ABS. Medidas: 3.5 cm de di\u00e1metro, \u00a07.5 cm de largo.<\/p>\n<p><em>EN:<\/em> Characteristics: Automatic sushi making machine. Ideal for homes, restaurants or as a gift. Very easy to use and wash. ABS material. Measurements: 3.5 cm in diameter, 7.5 cm long.<\/p>\n<p>&nbsp;<\/p>","protected":false},"featured_media":28923,"comment_status":"closed","ping_status":"closed","template":"","meta":{"_acf_changed":false,"om_disable_all_campaigns":false,"_monsterinsights_skip_tracking":false,"_monsterinsights_sitenote_active":false,"_monsterinsights_sitenote_note":"","_monsterinsights_sitenote_category":0},"etheme_brands":[],"product_brand":[],"product_cat":[3320],"product_tag":[1267,789,232,3344,3345,3343,3342,3321],"class_list":{"0":"post-28922","1":"product","2":"type-product","3":"status-publish","4":"has-post-thumbnail","6":"product_cat-cocina","7":"product_tag-casero","8":"product_tag-comida","9":"product_tag-food","10":"product_tag-hecho-a-mano","11":"product_tag-homemade","12":"product_tag-machine","13":"product_tag-maquina","14":"product_tag-sushi","16":"first","17":"instock","18":"taxable","19":"shipping-taxable","20":"purchasable","21":"product-type-simple"},"acf":[],"aioseo_notices":[],"_links":{"self":[{"href":"https:\/\/www.argensend.com\/en\/wp-json\/wp\/v2\/product\/28922","targetHints":{"allow":["GET"]}}],"collection":[{"href":"https:\/\/www.argensend.com\/en\/wp-json\/wp\/v2\/product"}],"about":[{"href":"https:\/\/www.argensend.com\/en\/wp-json\/wp\/v2\/types\/product"}],"replies":[{"embeddable":true,"href":"https:\/\/www.argensend.com\/en\/wp-json\/wp\/v2\/comments?post=28922"}],"version-history":[{"count":2,"href":"https:\/\/www.argensend.com\/en\/wp-json\/wp\/v2\/product\/28922\/revisions"}],"predecessor-version":[{"id":103303,"href":"https:\/\/www.argensend.com\/en\/wp-json\/wp\/v2\/product\/28922\/revisions\/103303"}],"wp:featuredmedia":[{"embeddable":true,"href":"https:\/\/www.argensend.com\/en\/wp-json\/wp\/v2\/media\/28923"}],"wp:attachment":[{"href":"https:\/\/www.argensend.com\/en\/wp-json\/wp\/v2\/media?parent=28922"}],"wp:term":[{"taxonomy":"brand","embeddable":true,"href":"https:\/\/www.argensend.com\/en\/wp-json\/wp\/v2\/etheme_brands?post=28922"},{"taxonomy":"product_brand","embeddable":true,"href":"https:\/\/www.argensend.com\/en\/wp-json\/wp\/v2\/product_brand?post=28922"},{"taxonomy":"product_cat","embeddable":true,"href":"https:\/\/www.argensend.com\/en\/wp-json\/wp\/v2\/product_cat?post=28922"},{"taxonomy":"product_tag","embeddable":true,"href":"https:\/\/www.argensend.com\/en\/wp-json\/wp\/v2\/product_tag?post=28922"}],"curies":[{"name":"wp","href":"https:\/\/api.w.org\/{rel}","templated":true}]}}