{"id":28984,"date":"2021-07-09T21:54:09","date_gmt":"2021-07-10T00:54:09","guid":{"rendered":"https:\/\/www.argensend.com\/?post_type=product&#038;p=28984"},"modified":"2024-12-06T16:12:50","modified_gmt":"2024-12-06T19:12:50","slug":"tabla-picadas-bambu-2-cuchillos-1-tenedor-y-bowl-ceramica","status":"publish","type":"product","link":"https:\/\/www.argensend.com\/en\/product\/tabla-picadas-bambu-2-cuchillos-1-tenedor-y-bowl-ceramica\/","title":{"rendered":"Tabla Picadas Bambu 2-cuchillos 1-tenedor y Bowl Cer\u00e1mica"},"content":{"rendered":"","protected":false},"excerpt":{"rendered":"<p>Tabla de BAMB\u00da Para Picadas con 3 Utensilios (2 cortantes para distintos alimentos + 1 Tenedor) + Bowl Cer\u00e1mica , ideal para compartir una Picada o Tabla de quesos con la presentaci\u00f3n Exclusiva de este dise\u00f1o de \u00daLTIMA GENERACI\u00d3N.<\/p>\n<p>Tama\u00f1o: 32cm x 29cm<br \/>\nAltura de la tabla: 2cm<br \/>\nMaterial: Bamb\u00fa, Acero Inox, Bowl Cer\u00e1mica<\/p>\n<p>INCLUYE 2 CUCHILLOS Y TENEDOR: 1 Tenedor y 2 cuchillos para cortar todos los tipo de quesos, blandos, semi-duros y duros y fiambres. Tanto los cuchillos como el tenedor tienen Mango de Bamb\u00fa y son de acero Inoxidable de alta duraci\u00f3n.<\/p>\n<p>INCLUYE BOWL CER\u00c1MICO<\/p>","protected":false},"featured_media":28985,"comment_status":"closed","ping_status":"closed","template":"","meta":{"_acf_changed":false,"om_disable_all_campaigns":false,"_monsterinsights_skip_tracking":false,"_monsterinsights_sitenote_active":false,"_monsterinsights_sitenote_note":"","_monsterinsights_sitenote_category":0},"etheme_brands":[],"product_brand":[],"product_cat":[606],"product_tag":[1831,1830,312,311,314,313,1650,1829,1828,310,315],"class_list":{"0":"post-28984","1":"product","2":"type-product","3":"status-publish","4":"has-post-thumbnail","6":"product_cat-cocina-deco-bazar","7":"product_tag-1831","8":"product_tag-25-de-mayo","9":"product_tag-asado","10":"product_tag-cuchillo","11":"product_tag-knife","12":"product_tag-madera","13":"product_tag-mayo","14":"product_tag-semana-de-mayo","15":"product_tag-semana-especial","16":"product_tag-tramontina","17":"product_tag-wood","19":"first","20":"instock","21":"taxable","22":"shipping-taxable","23":"purchasable","24":"product-type-simple"},"acf":[],"aioseo_notices":[],"_links":{"self":[{"href":"https:\/\/www.argensend.com\/en\/wp-json\/wp\/v2\/product\/28984","targetHints":{"allow":["GET"]}}],"collection":[{"href":"https:\/\/www.argensend.com\/en\/wp-json\/wp\/v2\/product"}],"about":[{"href":"https:\/\/www.argensend.com\/en\/wp-json\/wp\/v2\/types\/product"}],"replies":[{"embeddable":true,"href":"https:\/\/www.argensend.com\/en\/wp-json\/wp\/v2\/comments?post=28984"}],"version-history":[{"count":1,"href":"https:\/\/www.argensend.com\/en\/wp-json\/wp\/v2\/product\/28984\/revisions"}],"predecessor-version":[{"id":97322,"href":"https:\/\/www.argensend.com\/en\/wp-json\/wp\/v2\/product\/28984\/revisions\/97322"}],"wp:featuredmedia":[{"embeddable":true,"href":"https:\/\/www.argensend.com\/en\/wp-json\/wp\/v2\/media\/28985"}],"wp:attachment":[{"href":"https:\/\/www.argensend.com\/en\/wp-json\/wp\/v2\/media?parent=28984"}],"wp:term":[{"taxonomy":"brand","embeddable":true,"href":"https:\/\/www.argensend.com\/en\/wp-json\/wp\/v2\/etheme_brands?post=28984"},{"taxonomy":"product_brand","embeddable":true,"href":"https:\/\/www.argensend.com\/en\/wp-json\/wp\/v2\/product_brand?post=28984"},{"taxonomy":"product_cat","embeddable":true,"href":"https:\/\/www.argensend.com\/en\/wp-json\/wp\/v2\/product_cat?post=28984"},{"taxonomy":"product_tag","embeddable":true,"href":"https:\/\/www.argensend.com\/en\/wp-json\/wp\/v2\/product_tag?post=28984"}],"curies":[{"name":"wp","href":"https:\/\/api.w.org\/{rel}","templated":true}]}}