{"id":28998,"date":"2021-07-10T12:04:42","date_gmt":"2021-07-10T15:04:42","guid":{"rendered":"https:\/\/www.argensend.com\/?post_type=product&#038;p=28998"},"modified":"2025-04-21T20:55:50","modified_gmt":"2025-04-21T23:55:50","slug":"ladrillo-desintoxicante-sal-himalaya-5-cm","status":"publish","type":"product","link":"https:\/\/www.argensend.com\/en\/product\/ladrillo-desintoxicante-sal-himalaya-5-cm\/","title":{"rendered":"Ladrillo Desintoxicante Sal Himalaya 5cm"},"content":{"rendered":"","protected":false},"excerpt":{"rendered":"<p>Ladrillo Desintoxicante Sal Himalaya<\/p>\n<p>Caracteristicas:<br \/>\nALTURA: 20cms<br \/>\nANCHO: 10cms<br \/>\nESPESOR: 5cms<\/p>\n<p>Forma de uso:<\/p>\n<p>1. Calentar los ladrillos de sal hasta 40-55C\u00ba utilizando uno de los m\u00e9todos siguientes.<br \/>\na) Microondas: 30 segundos, con incrementos de 5 segundos para alcanzar la temperatura deseada<br \/>\nb) Horno: 200 grados durante 5 minutos<br \/>\n2. Coloque una toalla en el suelo y arriba ambos ladrillos.<br \/>\n3. Acom\u00f3dese en un sill\u00f3n o una silla c\u00f3moda para poder hacer descansar los pies descalzos mojados ubicados directamente en los ladrillos de sal.<br \/>\n4. 15-25 minutos de este placer y metodo natural es lo que necesita su cuerpo para comenzar a desintoxicarse. Para mejores resultados repetir diariamente durante 15-25 d\u00edas una vez al d\u00eda, y despu\u00e9s seg\u00fan se desee.<br \/>\nLimpieza del Ladrillo<\/p>\n<p>Simplemente limpie el ladrillo de sal del Himalaya con la misma toalla en la que estaba apoyado, puede mojarlo unos segundos para ademas lograr una descarga en\u00e9rgetica. No se requiere ninguna limpieza adicional, ya que estos bloques de sal son antibacterianos, antis\u00e9pticos, hipoalerg\u00e9nicos, , antimicrobianos y fungicidas debido a su PRINCIPAL PROPIEDAD DE SAL DE ROCA NATURAL<br \/>\nCuidados<br \/>\nTenga cuidado al calentar los bloques de sal. Pruebe la temperatura del bloque de sal antes de su uso. Si est\u00e1 demasiado caliente deje enfriar los ladrillos durante 15-20 minutos o hasta su temperatura deseada. El calor del ladrillo tiene que ser placentero y no quemar . No permita que los ni\u00f1os utilicen este producto sin supervisi\u00f3n de adultos.<\/p>","protected":false},"featured_media":28999,"comment_status":"closed","ping_status":"closed","template":"","meta":{"_acf_changed":false,"om_disable_all_campaigns":false,"_monsterinsights_skip_tracking":false,"_monsterinsights_sitenote_active":false,"_monsterinsights_sitenote_note":"","_monsterinsights_sitenote_category":0},"etheme_brands":[],"product_brand":[],"product_cat":[2130],"product_tag":[1831,1830,1650,1829,1828],"class_list":{"0":"post-28998","1":"product","2":"type-product","3":"status-publish","4":"has-post-thumbnail","6":"product_cat-sal-especias","7":"product_tag-1831","8":"product_tag-25-de-mayo","9":"product_tag-mayo","10":"product_tag-semana-de-mayo","11":"product_tag-semana-especial","13":"first","14":"instock","15":"taxable","16":"shipping-taxable","17":"purchasable","18":"product-type-simple"},"acf":[],"aioseo_notices":[],"_links":{"self":[{"href":"https:\/\/www.argensend.com\/en\/wp-json\/wp\/v2\/product\/28998","targetHints":{"allow":["GET"]}}],"collection":[{"href":"https:\/\/www.argensend.com\/en\/wp-json\/wp\/v2\/product"}],"about":[{"href":"https:\/\/www.argensend.com\/en\/wp-json\/wp\/v2\/types\/product"}],"replies":[{"embeddable":true,"href":"https:\/\/www.argensend.com\/en\/wp-json\/wp\/v2\/comments?post=28998"}],"version-history":[{"count":1,"href":"https:\/\/www.argensend.com\/en\/wp-json\/wp\/v2\/product\/28998\/revisions"}],"predecessor-version":[{"id":102926,"href":"https:\/\/www.argensend.com\/en\/wp-json\/wp\/v2\/product\/28998\/revisions\/102926"}],"wp:featuredmedia":[{"embeddable":true,"href":"https:\/\/www.argensend.com\/en\/wp-json\/wp\/v2\/media\/28999"}],"wp:attachment":[{"href":"https:\/\/www.argensend.com\/en\/wp-json\/wp\/v2\/media?parent=28998"}],"wp:term":[{"taxonomy":"brand","embeddable":true,"href":"https:\/\/www.argensend.com\/en\/wp-json\/wp\/v2\/etheme_brands?post=28998"},{"taxonomy":"product_brand","embeddable":true,"href":"https:\/\/www.argensend.com\/en\/wp-json\/wp\/v2\/product_brand?post=28998"},{"taxonomy":"product_cat","embeddable":true,"href":"https:\/\/www.argensend.com\/en\/wp-json\/wp\/v2\/product_cat?post=28998"},{"taxonomy":"product_tag","embeddable":true,"href":"https:\/\/www.argensend.com\/en\/wp-json\/wp\/v2\/product_tag?post=28998"}],"curies":[{"name":"wp","href":"https:\/\/api.w.org\/{rel}","templated":true}]}}