{"id":29277,"date":"2021-07-11T22:15:11","date_gmt":"2021-07-12T01:15:11","guid":{"rendered":"https:\/\/www.argensend.com\/?post_type=product&#038;p=29277"},"modified":"2024-12-06T16:12:53","modified_gmt":"2024-12-06T19:12:53","slug":"termometro-digital-cocina-lcd-pinchacarne-liquido-acero-inoxidable","status":"publish","type":"product","link":"https:\/\/www.argensend.com\/en\/product\/termometro-digital-cocina-lcd-pinchacarne-liquido-acero-inoxidable\/","title":{"rendered":"Termometro Digital Cocina Lcd Pinchacarne Liquido Acero Inoxidable"},"content":{"rendered":"","protected":false},"excerpt":{"rendered":"<p>Es un instrumento de medici\u00f3n muy \u00fatil para medir la temperatura interna de carnes, Pollos, u otros alimentos cocidos que son f\u00e1ciles de obtener la lectura de la temperatura.<br \/>\nEn gran medida puede detectar la temperatura exacta y f\u00e1cil de usar.<br \/>\nSer\u00e1 una buena opci\u00f3n tanto para la cocina como para la reposter\u00eda!<br \/>\nLa sonda del term\u00f3metro de carne har\u00e1 la vida m\u00e1s conveniente, muy \u00fatil en la cocina!!<\/p>\n<p>&#8211; Voltaje: 1.5 V (pila no incluida AG13).<br \/>\n&#8211; Resoluci\u00f3n De La Temperatura: 0.10\/\u00b0 F.<br \/>\n&#8211; Rango: 0.0 \u00b0 C a + 80 \u00b0 C (\u00b1 $ NUMBER \u00b0 C o 2 \u00b0 F), otro rango (\u00b1 $ NUMBER \u00b0 C-10 \u00b0 C o 10 \u00b0 F-20 \u00b0 F).<br \/>\n&#8211; Medici\u00f3n de Frecuencia: 1 Seg, 10 seg, sue\u00f1o, selecci\u00f3n autom\u00e1tica de &#8211; Encendido\/apagado, \u00b0 C\/y acirc; y botones de espera.<br \/>\n&#8211; Powered por 1 x bater\u00eda AG13.<br \/>\n&#8211; Rango De Medici\u00f3n:-50 \u00b0 C + 300 \u00b0 C (-58 \u00b0 F a + 572 \u00b0 F).<br \/>\n&#8211; \u00b0 C y \u00b0 F display seleccionable.<br \/>\n&#8211; Sensaci\u00f3n de bater\u00eda baja y la pantalla.<br \/>\n&#8211; Memoria de la medida pasada.<br \/>\n&#8211; 15 minutos de apagado autom\u00e1tico para ahorro de energ\u00eda (opcional).<\/p>","protected":false},"featured_media":29278,"comment_status":"closed","ping_status":"closed","template":"","meta":{"_acf_changed":false,"om_disable_all_campaigns":false,"_monsterinsights_skip_tracking":false,"_monsterinsights_sitenote_active":false,"_monsterinsights_sitenote_note":"","_monsterinsights_sitenote_category":0},"etheme_brands":[],"product_brand":[],"product_cat":[606],"product_tag":[1831,1830,312,311,314,313,1650,1829,1828,310,315],"class_list":{"0":"post-29277","1":"product","2":"type-product","3":"status-publish","4":"has-post-thumbnail","6":"product_cat-cocina-deco-bazar","7":"product_tag-1831","8":"product_tag-25-de-mayo","9":"product_tag-asado","10":"product_tag-cuchillo","11":"product_tag-knife","12":"product_tag-madera","13":"product_tag-mayo","14":"product_tag-semana-de-mayo","15":"product_tag-semana-especial","16":"product_tag-tramontina","17":"product_tag-wood","19":"first","20":"instock","21":"taxable","22":"shipping-taxable","23":"purchasable","24":"product-type-simple"},"acf":[],"aioseo_notices":[],"_links":{"self":[{"href":"https:\/\/www.argensend.com\/en\/wp-json\/wp\/v2\/product\/29277","targetHints":{"allow":["GET"]}}],"collection":[{"href":"https:\/\/www.argensend.com\/en\/wp-json\/wp\/v2\/product"}],"about":[{"href":"https:\/\/www.argensend.com\/en\/wp-json\/wp\/v2\/types\/product"}],"replies":[{"embeddable":true,"href":"https:\/\/www.argensend.com\/en\/wp-json\/wp\/v2\/comments?post=29277"}],"version-history":[{"count":0,"href":"https:\/\/www.argensend.com\/en\/wp-json\/wp\/v2\/product\/29277\/revisions"}],"wp:featuredmedia":[{"embeddable":true,"href":"https:\/\/www.argensend.com\/en\/wp-json\/wp\/v2\/media\/29278"}],"wp:attachment":[{"href":"https:\/\/www.argensend.com\/en\/wp-json\/wp\/v2\/media?parent=29277"}],"wp:term":[{"taxonomy":"brand","embeddable":true,"href":"https:\/\/www.argensend.com\/en\/wp-json\/wp\/v2\/etheme_brands?post=29277"},{"taxonomy":"product_brand","embeddable":true,"href":"https:\/\/www.argensend.com\/en\/wp-json\/wp\/v2\/product_brand?post=29277"},{"taxonomy":"product_cat","embeddable":true,"href":"https:\/\/www.argensend.com\/en\/wp-json\/wp\/v2\/product_cat?post=29277"},{"taxonomy":"product_tag","embeddable":true,"href":"https:\/\/www.argensend.com\/en\/wp-json\/wp\/v2\/product_tag?post=29277"}],"curies":[{"name":"wp","href":"https:\/\/api.w.org\/{rel}","templated":true}]}}