{"id":29907,"date":"2021-07-28T18:42:18","date_gmt":"2021-07-28T21:42:18","guid":{"rendered":"https:\/\/www.argensend.com\/?post_type=product&#038;p=29907"},"modified":"2024-12-06T16:13:07","modified_gmt":"2024-12-06T19:13:07","slug":"rayito-de-sol-bronceador-x-70-grs-fps-30-rayito-de-sol","status":"publish","type":"product","link":"https:\/\/www.argensend.com\/en\/product\/rayito-de-sol-bronceador-x-70-grs-fps-30-rayito-de-sol\/","title":{"rendered":"Rayito de Sol Bronceador Fps 30 70gr"},"content":{"rendered":"","protected":false},"excerpt":{"rendered":"<p>Crema bronceadora de consistencia untuosa, rica en emolientes y cera de abejas. Provee una humectaci\u00f3n intensa y mejora la suavidad de la piel adem\u00e1s de proteger la piel de la radiaci\u00f3n solar dejando un extraordinario tono bronceado. Testeado Dermatol\u00f3gicamente. Hipoalerg\u00e9nico, Formulado para reducir el posible surgimiento de alergias cut\u00e1neas. No es fotot\u00f3xico. No produce fotoalergia. Cruelty Free.Prepara la piel para el bronceado, garantizando una pigmentaci\u00f3n protegida\u00a0 de los perjudiciales efectos de la radiaci\u00f3n solar. Preserva la humedad natural de la piel, sobre todo cuando hay exposici\u00f3n solar que es cuando m\u00e1s pierde humedad transd\u00e9rmica. Act\u00faa como antioxidante y ayuda a neutralizar los efectos de los radicales libres, especialmente sobre el col\u00e1geno de la piel.<\/p>","protected":false},"featured_media":29908,"comment_status":"closed","ping_status":"closed","template":"","meta":{"_acf_changed":false,"om_disable_all_campaigns":false,"_monsterinsights_skip_tracking":false,"_monsterinsights_sitenote_active":false,"_monsterinsights_sitenote_note":"","_monsterinsights_sitenote_category":0},"etheme_brands":[],"product_brand":[],"product_cat":[8819],"product_tag":[3243,3246,1612,1057,3244,3014,456,3247,3245],"class_list":{"0":"post-29907","1":"product","2":"type-product","3":"status-publish","4":"has-post-thumbnail","6":"product_cat-farmacia","7":"product_tag-bagovit","8":"product_tag-beauty","9":"product_tag-belleza","10":"product_tag-body","11":"product_tag-cara","12":"product_tag-cream","13":"product_tag-crema","14":"product_tag-crema-corporal","15":"product_tag-sale","17":"first","18":"instock","19":"taxable","20":"shipping-taxable","21":"purchasable","22":"product-type-simple"},"acf":[],"aioseo_notices":[],"_links":{"self":[{"href":"https:\/\/www.argensend.com\/en\/wp-json\/wp\/v2\/product\/29907","targetHints":{"allow":["GET"]}}],"collection":[{"href":"https:\/\/www.argensend.com\/en\/wp-json\/wp\/v2\/product"}],"about":[{"href":"https:\/\/www.argensend.com\/en\/wp-json\/wp\/v2\/types\/product"}],"replies":[{"embeddable":true,"href":"https:\/\/www.argensend.com\/en\/wp-json\/wp\/v2\/comments?post=29907"}],"version-history":[{"count":2,"href":"https:\/\/www.argensend.com\/en\/wp-json\/wp\/v2\/product\/29907\/revisions"}],"predecessor-version":[{"id":100563,"href":"https:\/\/www.argensend.com\/en\/wp-json\/wp\/v2\/product\/29907\/revisions\/100563"}],"wp:featuredmedia":[{"embeddable":true,"href":"https:\/\/www.argensend.com\/en\/wp-json\/wp\/v2\/media\/29908"}],"wp:attachment":[{"href":"https:\/\/www.argensend.com\/en\/wp-json\/wp\/v2\/media?parent=29907"}],"wp:term":[{"taxonomy":"brand","embeddable":true,"href":"https:\/\/www.argensend.com\/en\/wp-json\/wp\/v2\/etheme_brands?post=29907"},{"taxonomy":"product_brand","embeddable":true,"href":"https:\/\/www.argensend.com\/en\/wp-json\/wp\/v2\/product_brand?post=29907"},{"taxonomy":"product_cat","embeddable":true,"href":"https:\/\/www.argensend.com\/en\/wp-json\/wp\/v2\/product_cat?post=29907"},{"taxonomy":"product_tag","embeddable":true,"href":"https:\/\/www.argensend.com\/en\/wp-json\/wp\/v2\/product_tag?post=29907"}],"curies":[{"name":"wp","href":"https:\/\/api.w.org\/{rel}","templated":true}]}}