{"id":31673,"date":"2021-08-14T10:20:22","date_gmt":"2021-08-14T13:20:22","guid":{"rendered":"https:\/\/www.argensend.com\/?post_type=product&#038;p=31673"},"modified":"2024-12-06T16:14:12","modified_gmt":"2024-12-06T19:14:12","slug":"shock-queratinico-1-litro","status":"publish","type":"product","link":"https:\/\/www.argensend.com\/en\/product\/shock-queratinico-1-litro\/","title":{"rendered":"Shock Queratinico 1lt"},"content":{"rendered":"","protected":false},"excerpt":{"rendered":"<p>Por su esencia natural, la keratina es considerada como una de las prote\u00ednas fundamentales para la recuperaci\u00f3n de los da\u00f1os del cabello ya que se encuentra de forma natural en las principales capas del cabello. Esta prote\u00edna es vital para la protecci\u00f3n, mantenimiento y apariencia saludable del cabello ya que constituye un 85% de la composici\u00f3n de cada hebra. Su funcion es cauterizar y nutrir, elimina el frizz da brillo suavidad.<\/p>\n<p>Duraci\u00f3n: 4 a 6 meses garantizados !<\/p>","protected":false},"featured_media":31672,"comment_status":"closed","ping_status":"closed","template":"","meta":{"_acf_changed":false,"om_disable_all_campaigns":false,"_monsterinsights_skip_tracking":false,"_monsterinsights_sitenote_active":false,"_monsterinsights_sitenote_note":"","_monsterinsights_sitenote_category":0},"etheme_brands":[],"product_brand":[],"product_cat":[8819],"product_tag":[456,464,467,466,465],"class_list":{"0":"post-31673","1":"product","2":"type-product","3":"status-publish","4":"has-post-thumbnail","6":"product_cat-farmacia","7":"product_tag-crema","8":"product_tag-crema-dermaglos","9":"product_tag-crema-en-pote","10":"product_tag-crema-facial","11":"product_tag-dermaglos","13":"first","14":"instock","15":"taxable","16":"shipping-taxable","17":"purchasable","18":"product-type-simple"},"acf":[],"aioseo_notices":[],"_links":{"self":[{"href":"https:\/\/www.argensend.com\/en\/wp-json\/wp\/v2\/product\/31673","targetHints":{"allow":["GET"]}}],"collection":[{"href":"https:\/\/www.argensend.com\/en\/wp-json\/wp\/v2\/product"}],"about":[{"href":"https:\/\/www.argensend.com\/en\/wp-json\/wp\/v2\/types\/product"}],"replies":[{"embeddable":true,"href":"https:\/\/www.argensend.com\/en\/wp-json\/wp\/v2\/comments?post=31673"}],"version-history":[{"count":2,"href":"https:\/\/www.argensend.com\/en\/wp-json\/wp\/v2\/product\/31673\/revisions"}],"predecessor-version":[{"id":100761,"href":"https:\/\/www.argensend.com\/en\/wp-json\/wp\/v2\/product\/31673\/revisions\/100761"}],"wp:featuredmedia":[{"embeddable":true,"href":"https:\/\/www.argensend.com\/en\/wp-json\/wp\/v2\/media\/31672"}],"wp:attachment":[{"href":"https:\/\/www.argensend.com\/en\/wp-json\/wp\/v2\/media?parent=31673"}],"wp:term":[{"taxonomy":"brand","embeddable":true,"href":"https:\/\/www.argensend.com\/en\/wp-json\/wp\/v2\/etheme_brands?post=31673"},{"taxonomy":"product_brand","embeddable":true,"href":"https:\/\/www.argensend.com\/en\/wp-json\/wp\/v2\/product_brand?post=31673"},{"taxonomy":"product_cat","embeddable":true,"href":"https:\/\/www.argensend.com\/en\/wp-json\/wp\/v2\/product_cat?post=31673"},{"taxonomy":"product_tag","embeddable":true,"href":"https:\/\/www.argensend.com\/en\/wp-json\/wp\/v2\/product_tag?post=31673"}],"curies":[{"name":"wp","href":"https:\/\/api.w.org\/{rel}","templated":true}]}}