{"id":31692,"date":"2021-08-14T11:03:57","date_gmt":"2021-08-14T14:03:57","guid":{"rendered":"https:\/\/www.argensend.com\/?post_type=product&#038;p=31692"},"modified":"2024-12-06T16:14:15","modified_gmt":"2024-12-06T19:14:15","slug":"alisado-biomolecular-1-litro","status":"publish","type":"product","link":"https:\/\/www.argensend.com\/en\/product\/alisado-biomolecular-1-litro\/","title":{"rendered":"Alisado Biomolecular 1lt"},"content":{"rendered":"","protected":false},"excerpt":{"rendered":"<div class=\"user-content\">\n<div class=\"user-content\">\n<p>Es una t\u00e9cnica muy sencilla que cierra la cut\u00edcula del cabello. Con el tiempo, perdemos los amino\u00e1cidos propios del pelo y el alisado biomolecular trabaja para recuperarlos. \u00c9sta t\u00e9cnica elimina las ondulaciones del cabello rizado o con mucho frizz. Su funcion es la alisar cabellos ondulados y eliminar el frizz.<\/p>\n<p>Duraci\u00f3n: 4 a 6 meses garantizados !<\/p>\n<\/div>\n<div class=\"text-center p-top-half p-bottom-half m-bottom clear-both border-bottom\"><\/div>\n<\/div>\n<div class=\"text-center p-top-half p-bottom-half m-bottom clear-both border-bottom\"><\/div>","protected":false},"featured_media":31691,"comment_status":"closed","ping_status":"closed","template":"","meta":{"_acf_changed":false,"om_disable_all_campaigns":false,"_monsterinsights_skip_tracking":false,"_monsterinsights_sitenote_active":false,"_monsterinsights_sitenote_note":"","_monsterinsights_sitenote_category":0},"etheme_brands":[],"product_brand":[],"product_cat":[8819],"product_tag":[456,464,467,466,465],"class_list":{"0":"post-31692","1":"product","2":"type-product","3":"status-publish","4":"has-post-thumbnail","6":"product_cat-farmacia","7":"product_tag-crema","8":"product_tag-crema-dermaglos","9":"product_tag-crema-en-pote","10":"product_tag-crema-facial","11":"product_tag-dermaglos","13":"first","14":"instock","15":"taxable","16":"shipping-taxable","17":"purchasable","18":"product-type-simple"},"acf":[],"aioseo_notices":[],"_links":{"self":[{"href":"https:\/\/www.argensend.com\/en\/wp-json\/wp\/v2\/product\/31692","targetHints":{"allow":["GET"]}}],"collection":[{"href":"https:\/\/www.argensend.com\/en\/wp-json\/wp\/v2\/product"}],"about":[{"href":"https:\/\/www.argensend.com\/en\/wp-json\/wp\/v2\/types\/product"}],"replies":[{"embeddable":true,"href":"https:\/\/www.argensend.com\/en\/wp-json\/wp\/v2\/comments?post=31692"}],"version-history":[{"count":2,"href":"https:\/\/www.argensend.com\/en\/wp-json\/wp\/v2\/product\/31692\/revisions"}],"predecessor-version":[{"id":100769,"href":"https:\/\/www.argensend.com\/en\/wp-json\/wp\/v2\/product\/31692\/revisions\/100769"}],"wp:featuredmedia":[{"embeddable":true,"href":"https:\/\/www.argensend.com\/en\/wp-json\/wp\/v2\/media\/31691"}],"wp:attachment":[{"href":"https:\/\/www.argensend.com\/en\/wp-json\/wp\/v2\/media?parent=31692"}],"wp:term":[{"taxonomy":"brand","embeddable":true,"href":"https:\/\/www.argensend.com\/en\/wp-json\/wp\/v2\/etheme_brands?post=31692"},{"taxonomy":"product_brand","embeddable":true,"href":"https:\/\/www.argensend.com\/en\/wp-json\/wp\/v2\/product_brand?post=31692"},{"taxonomy":"product_cat","embeddable":true,"href":"https:\/\/www.argensend.com\/en\/wp-json\/wp\/v2\/product_cat?post=31692"},{"taxonomy":"product_tag","embeddable":true,"href":"https:\/\/www.argensend.com\/en\/wp-json\/wp\/v2\/product_tag?post=31692"}],"curies":[{"name":"wp","href":"https:\/\/api.w.org\/{rel}","templated":true}]}}