{"id":32511,"date":"2021-08-20T10:12:09","date_gmt":"2021-08-20T13:12:09","guid":{"rendered":"https:\/\/www.argensend.com\/?post_type=product&#038;p=32511"},"modified":"2024-12-06T16:14:37","modified_gmt":"2024-12-06T19:14:37","slug":"libro-cielos-hostiles-david-morgan-malvinas-sea-harrier-book-hostile-skies-david-morgan-malvinas-sea-harrier","status":"publish","type":"product","link":"https:\/\/www.argensend.com\/en\/product\/libro-cielos-hostiles-david-morgan-malvinas-sea-harrier-book-hostile-skies-david-morgan-malvinas-sea-harrier\/","title":{"rendered":"Libro &#8211; Cielos Hostiles David Morgan Malvinas Sea Harrier"},"content":{"rendered":"<p>Las memorias de guerra de David Morgan nos muestran las dos caras de la experiencia de combate de un piloto de Sea Harrier durante el conflicto de Malvinas. Por un lado nos brinda una completa visi\u00f3n t\u00e9cnica de lo que significa operar un avi\u00f3n de combate desde un portaaviones, describiendo en detalle los procedimientos para volarlo. Por otro lado, nos acerca a la experiencia humana de la guerra, a trav\u00e9s de sus propias sensaciones como piloto: el miedo a los ataques de un enemigo respetado, el tedio de la espera entre misiones, la adrenalina previa al combate inminente, el conflicto interno por haber matado a un hombre.<\/p>\n<p>Mucho m\u00e1s que un simple relato de aventuras y mucho m\u00e1s que un fr\u00edo ensayo hist\u00f3rico sobre el conflicto, estas memorias llenan un vac\u00edo fundamental en la bibliograf\u00eda sobre una guerra breve y violenta.<\/p>\n<p>T\u00edtulo: Cielos hostiles \u2013 El conflicto de Malvinas a trav\u00e9s de los ojos de un piloto de Sea harrier<br \/>\nAutor: David Morgan<br \/>\nP\u00e1ginas: 337<br \/>\nFotos: \u2014<br \/>\nA\u00f1o de edici\u00f3n: 2021<br \/>\nMedidas: 23 cm x 15 cm<br \/>\nTapa blanda<\/p>\n<p>&#8212;&#8212;&#8212;&#8212;&#8212;&#8212;&#8212;&#8212;&#8212;&#8212;&#8212;&#8212;&#8212;&#8212;&#8212;&#8212;&#8212;&#8212;&#8212;&#8212;&#8212;&#8212;&#8212;&#8212;&#8212;&#8212;&#8212;&#8212;&#8212;&#8212;&#8212;&#8212;&#8212;&#8212;&#8212;&#8212;&#8212;&#8212;&#8212;&#8212;&#8212;&#8212;<\/p>\n<p>David Morgan&#8217;s war memoirs show us both sides of the combat experience of a Sea Harrier pilot during the Malvinas conflict. On the one hand, he gives us a complete technical view of what it means to operate a fighter plane from an aircraft carrier, describing in detail the procedures for flying it. On the other hand, he brings us closer to the human experience of war, through his own sensations as a pilot: the fear of attacks from a respected enemy, the tedium of waiting between missions, the adrenaline before the imminent combat, the internal conflict for having killed a man.<\/p>\n<p>Much more than a simple adventure tale and much more than a cold historical essay on the conflict, this memoir fills a critical gap in the literature on a brief and violent war.<\/p>\n<p>Title: Hostile Skies &#8211; The Malvinas Conflict through the Eyes of a Sea Harrier Pilot<br \/>\nAuthor: David Morgan<br \/>\nPages: 337<br \/>\nPhotos: &#8211;<br \/>\nYear of edition: 2021<br \/>\nSize: 23 cm x 15 cm<br \/>\nSoft cover<\/p>","protected":false},"excerpt":{"rendered":"<p>Las memorias de guerra de David Morgan nos muestran las dos caras de la experiencia de combate de un piloto de Sea Harrier durante el&#8230;<\/p>","protected":false},"featured_media":32518,"comment_status":"closed","ping_status":"closed","template":"","meta":{"_acf_changed":false,"om_disable_all_campaigns":false,"_monsterinsights_skip_tracking":false,"_monsterinsights_sitenote_active":false,"_monsterinsights_sitenote_note":"","_monsterinsights_sitenote_category":0},"etheme_brands":[],"product_brand":[],"product_cat":[685,77],"product_tag":[203,234,224,755,3736,3731,3732,3737,3733,3734,3735,752,3730,3666,3738,3729],"class_list":{"0":"post-32511","1":"product","2":"type-product","3":"status-publish","4":"has-post-thumbnail","6":"product_cat-libros","7":"product_cat-tradicion-argentina","8":"product_tag-argentina","9":"product_tag-argentine","10":"product_tag-argentino","11":"product_tag-book","12":"product_tag-cielos","13":"product_tag-historia","14":"product_tag-history","15":"product_tag-hostiles","16":"product_tag-information","17":"product_tag-island","18":"product_tag-islas","19":"product_tag-libro","20":"product_tag-malvinas","21":"product_tag-national","22":"product_tag-skies","23":"product_tag-store","25":"first","26":"instock","27":"taxable","28":"shipping-taxable","29":"purchasable","30":"product-type-simple"},"acf":[],"aioseo_notices":[],"_links":{"self":[{"href":"https:\/\/www.argensend.com\/en\/wp-json\/wp\/v2\/product\/32511","targetHints":{"allow":["GET"]}}],"collection":[{"href":"https:\/\/www.argensend.com\/en\/wp-json\/wp\/v2\/product"}],"about":[{"href":"https:\/\/www.argensend.com\/en\/wp-json\/wp\/v2\/types\/product"}],"replies":[{"embeddable":true,"href":"https:\/\/www.argensend.com\/en\/wp-json\/wp\/v2\/comments?post=32511"}],"version-history":[{"count":2,"href":"https:\/\/www.argensend.com\/en\/wp-json\/wp\/v2\/product\/32511\/revisions"}],"predecessor-version":[{"id":78103,"href":"https:\/\/www.argensend.com\/en\/wp-json\/wp\/v2\/product\/32511\/revisions\/78103"}],"wp:featuredmedia":[{"embeddable":true,"href":"https:\/\/www.argensend.com\/en\/wp-json\/wp\/v2\/media\/32518"}],"wp:attachment":[{"href":"https:\/\/www.argensend.com\/en\/wp-json\/wp\/v2\/media?parent=32511"}],"wp:term":[{"taxonomy":"brand","embeddable":true,"href":"https:\/\/www.argensend.com\/en\/wp-json\/wp\/v2\/etheme_brands?post=32511"},{"taxonomy":"product_brand","embeddable":true,"href":"https:\/\/www.argensend.com\/en\/wp-json\/wp\/v2\/product_brand?post=32511"},{"taxonomy":"product_cat","embeddable":true,"href":"https:\/\/www.argensend.com\/en\/wp-json\/wp\/v2\/product_cat?post=32511"},{"taxonomy":"product_tag","embeddable":true,"href":"https:\/\/www.argensend.com\/en\/wp-json\/wp\/v2\/product_tag?post=32511"}],"curies":[{"name":"wp","href":"https:\/\/api.w.org\/{rel}","templated":true}]}}