{"id":32520,"date":"2021-08-20T10:23:31","date_gmt":"2021-08-20T13:23:31","guid":{"rendered":"https:\/\/www.argensend.com\/?post_type=product&#038;p=32520"},"modified":"2024-12-06T16:14:40","modified_gmt":"2024-12-06T19:14:40","slug":"libro-la-guerra-invisible-ultimo-secreto-de-malvinas-larraquy-book-the-invisible-war-last-secret-of-malvinas-larraquy","status":"publish","type":"product","link":"https:\/\/www.argensend.com\/en\/product\/libro-la-guerra-invisible-ultimo-secreto-de-malvinas-larraquy-book-the-invisible-war-last-secret-of-malvinas-larraquy\/","title":{"rendered":"Libro &#8211; la Guerra Invisible, \u00daltimo Secreto de Malvinas &#8211; Larraquy"},"content":{"rendered":"<p>&#8220;En shock por el hundimiento del destructor Sheffield, Gran Breta\u00f1a teme una derrota y env\u00eda a un escuadr\u00f3n de ocho hombres a Tierra del Fuego. Tienen una misi\u00f3n imposible: encontrar y destruir los aviones Super \u00c9tendard y los misiles Exocet alojados en una base militar de la Patagonia y matar a los pilotos.<\/p>\n<p>El 18 de mayo de 1982 el capit\u00e1n Andrew Legg aterriza con su comando en el sur del continente&#8230;<\/p>\n<p>Con el ritmo implacable de un thriller e informaci\u00f3n jam\u00e1s revelada hasta hoy, Marcelo Larraquy descubre los \u00faltimos secretos de inteligencia, espionaje y tr\u00e1fico de armas de la Guerra de las Malvinas, celosamente guardados por ambos Estados durante casi cuatro d\u00e9cadas.&#8221;<\/p>\n<p>-Tapa: R\u00fastica<\/p>\n<p>-P\u00e1ginas: 240<\/p>\n<p>-Medidas: 23 x 16 cm.<\/p>\n<p>&#8212;&#8212;&#8212;&#8212;&#8212;&#8212;&#8212;&#8212;&#8212;&#8212;&#8212;&#8212;&#8212;&#8212;&#8212;&#8212;&#8212;&#8212;&#8212;&#8212;&#8212;&#8212;&#8212;&#8212;&#8212;&#8212;&#8212;&#8212;&#8212;&#8212;&#8212;&#8212;&#8212;&#8212;&#8212;&#8212;&#8212;&#8212;&#8212;&#8212;&#8212;&#8212;<\/p>\n<p>&#8220;Shocked by the sinking of the destroyer Sheffield, Britain fears defeat and sends an eight-man squadron to Tierra del Fuego. They have an impossible mission: to find and destroy the Super \u00c9tendard aircraft and Exocet missiles housed in a military base in Patagonia and kill the pilots.<\/p>\n<p>On May 18, 1982, Captain Andrew Legg lands with his command in the south of the continent&#8230;<\/p>\n<p>With the relentless pace of a thriller and information never revealed until today, Marcelo Larraquy uncovers the last secrets of intelligence, espionage and arms trafficking of the Malvinas War, jealously guarded by both States for almost four decades.&#8221;<\/p>\n<p>-Cover: Paperback<\/p>\n<p>-Pages: 240<\/p>\n<p>-Sizes: 23 x 16 cm.<\/p>\n<p>&nbsp;<\/p>","protected":false},"excerpt":{"rendered":"<p>&#8220;En shock por el hundimiento del destructor Sheffield, Gran Breta\u00f1a teme una derrota y env\u00eda a un escuadr\u00f3n de ocho hombres a Tierra del Fuego&#8230;.<\/p>","protected":false},"featured_media":32521,"comment_status":"closed","ping_status":"closed","template":"","meta":{"_acf_changed":false,"om_disable_all_campaigns":false,"_monsterinsights_skip_tracking":false,"_monsterinsights_sitenote_active":false,"_monsterinsights_sitenote_note":"","_monsterinsights_sitenote_category":0},"etheme_brands":[],"product_brand":[],"product_cat":[685,77],"product_tag":[203,234,224,755,3746,3731,3732,3733,3747,3734,3735,3752,3749,752,3730,3666,3750,3751,3729,3748,3745],"class_list":{"0":"post-32520","1":"product","2":"type-product","3":"status-publish","4":"has-post-thumbnail","6":"product_cat-libros","7":"product_cat-tradicion-argentina","8":"product_tag-argentina","9":"product_tag-argentine","10":"product_tag-argentino","11":"product_tag-book","12":"product_tag-guerra","13":"product_tag-historia","14":"product_tag-history","15":"product_tag-information","16":"product_tag-invisible","17":"product_tag-island","18":"product_tag-islas","19":"product_tag-larraquy","20":"product_tag-last","21":"product_tag-libro","22":"product_tag-malvinas","23":"product_tag-national","24":"product_tag-secret","25":"product_tag-secreto","26":"product_tag-store","27":"product_tag-ultimo","28":"product_tag-war","30":"first","31":"instock","32":"taxable","33":"shipping-taxable","34":"purchasable","35":"product-type-simple"},"acf":[],"aioseo_notices":[],"_links":{"self":[{"href":"https:\/\/www.argensend.com\/en\/wp-json\/wp\/v2\/product\/32520","targetHints":{"allow":["GET"]}}],"collection":[{"href":"https:\/\/www.argensend.com\/en\/wp-json\/wp\/v2\/product"}],"about":[{"href":"https:\/\/www.argensend.com\/en\/wp-json\/wp\/v2\/types\/product"}],"replies":[{"embeddable":true,"href":"https:\/\/www.argensend.com\/en\/wp-json\/wp\/v2\/comments?post=32520"}],"version-history":[{"count":3,"href":"https:\/\/www.argensend.com\/en\/wp-json\/wp\/v2\/product\/32520\/revisions"}],"predecessor-version":[{"id":107277,"href":"https:\/\/www.argensend.com\/en\/wp-json\/wp\/v2\/product\/32520\/revisions\/107277"}],"wp:featuredmedia":[{"embeddable":true,"href":"https:\/\/www.argensend.com\/en\/wp-json\/wp\/v2\/media\/32521"}],"wp:attachment":[{"href":"https:\/\/www.argensend.com\/en\/wp-json\/wp\/v2\/media?parent=32520"}],"wp:term":[{"taxonomy":"brand","embeddable":true,"href":"https:\/\/www.argensend.com\/en\/wp-json\/wp\/v2\/etheme_brands?post=32520"},{"taxonomy":"product_brand","embeddable":true,"href":"https:\/\/www.argensend.com\/en\/wp-json\/wp\/v2\/product_brand?post=32520"},{"taxonomy":"product_cat","embeddable":true,"href":"https:\/\/www.argensend.com\/en\/wp-json\/wp\/v2\/product_cat?post=32520"},{"taxonomy":"product_tag","embeddable":true,"href":"https:\/\/www.argensend.com\/en\/wp-json\/wp\/v2\/product_tag?post=32520"}],"curies":[{"name":"wp","href":"https:\/\/api.w.org\/{rel}","templated":true}]}}