{"id":32531,"date":"2021-08-20T11:33:40","date_gmt":"2021-08-20T14:33:40","guid":{"rendered":"https:\/\/www.argensend.com\/?post_type=product&#038;p=32531"},"modified":"2024-12-06T16:14:40","modified_gmt":"2024-12-06T19:14:40","slug":"libro-malvinas-mi-casa-vernet-marcelo-luis-book-malvinas-my-house-vernet-marcelo-luis","status":"publish","type":"product","link":"https:\/\/www.argensend.com\/en\/product\/libro-malvinas-mi-casa-vernet-marcelo-luis-book-malvinas-my-house-vernet-marcelo-luis\/","title":{"rendered":"Libro &#8211; Malvinas, Mi Casa &#8211; Vernet Marcelo Luis"},"content":{"rendered":"<p>USTED EST\u00c1 A PUNTO DE LEER EL DIARIO DE UNA MUJER ESCRITO EN 1829 EN LAS ISLAS MALVINAS. DENTRO DEL LARGO PER\u00cdODO QUE VA DE 1421 A 1833, ENTRE LAS DE DESCUBRIDORES, PORTULANOS, AVENTUREROS, CR\u00d3NICAS DE VIAJES Y COLONOS, ENCONTRAMOS UNAS POCAS P\u00c1GINAS DISTINTAS A TODO LO DEM\u00c1S. ES EL DIARIO DE MAR\u00cdA S\u00c1EZ. TIENE 29 A\u00d1OS, EST\u00c1 CASADA CON LUIS VERNET, COMANDANTE POL\u00cdTICO Y MILITAR DE LAS ISLAS MALVINAS, Y TIENE TRES HIJOS. LA CUARTA NACER\u00c1 EN LAS ISLAS Y LE PONDR\u00c1N EL NOMBRE DE MATILDE AUNQUE TODOS LA LLAMAR\u00c1N MALVINA. *** ESTE LIBRO EST\u00c1 HECHO DE MUCHOS LIBROS Y MUCHOS VIAJES; SU PREPARACI\u00d3N LLEV\u00d3 M\u00c1S DE VEINTE A\u00d1OS Y HA EMERGIDO EN FORMA DE ARCHIPI\u00c9LAGO. AL IGUAL QUE MALVINAS, TIENE DOS GRANDES ISLAS RODEADAS DE OTRAS M\u00c1S PEQUE\u00d1AS. LAS UNE LO QUE LAS SEPARA. LAS DOS GRANDES ISLAS SON LAS V\u00cdSPERAS AL DIARIO DE MAR\u00cdA S\u00c1EZ DE VERNET Y EL DIARIO DE MAR\u00cdA S\u00c1EZ DE VERNET Y APOSTILLAS. LA PRIMERA EST\u00c1 CONFORMADA POR RELATOS QUE VAN DESDE LOS PRIMEROS REGISTROS SOBRE ESAS TIERRAS, DEBAJO DE LA ESTRELLA CANOPUS, POR PARTE DE LA ARMADA IMPERIAL DE YONG LE, HASTA LA FIRMA DEL DECRETO DE CREACI\u00d3N DE LA COMANDANCIA POL\u00cdTICO Y MILITAR EN LAS ISLAS POR PARTE DEL GOBIERNO DE LA PROVINCIA DE BUENOS AIRES EN 1829. EN EL MEDIO, SABREMOS DE ESPA\u00d1OLES, FRANCESES, PORTUGUESES, INGLESES, HOLANDESES, TURCOS, NORTEAMERICANOS Y CIENTOS DE NAVES CUYOS DERROTEROS TERMINARON EN EL SUR DEL SUR. QUIEN RECORRA LAS V\u00cdSPERAS, RECORRER\u00c1 UNA VERSI\u00d3N DEL TIEMPO Y DE LOS HECHOS QUE FUERON NECESARIOS PARA QUE UN 15 DE JULIO DE 1829 UNA MUJER ARRIBARA A PUERTO LUIS, EN LA ISLA SOLEDAD DE MALVINAS. EN LA OTRA GRAN ISLA LEEMOS EL DIARIO DE MAR\u00cdA S\u00c1EZ Y, A CONTINUACI\u00d3N, LAS APOSTILLAS QUE RECUPERAN SU VOZ PARA CONTARNOS, CON PAPELES OFICIALES, CARTAS, INFORMES, DIARIOS, CONTRATOS, ACTAS, DECLARACIONES JUDICIALES, NOTAS PERIOD\u00cdSTICAS DE LA \u00c9POCA Y FRAGMENTOS DE LIBROS, UN POCO M\u00c1S SOBRE AQUELLO QUE MAR\u00cdA VE Y SU ESCRITURA REGISTRA.<\/p>\n<p>&#8212;&#8212;&#8212;&#8212;&#8212;&#8212;&#8212;&#8212;&#8212;&#8212;&#8212;&#8212;&#8212;&#8212;&#8212;&#8212;&#8212;&#8212;&#8212;&#8212;&#8212;&#8212;&#8212;&#8212;&#8212;&#8212;&#8212;&#8212;&#8212;&#8212;&#8212;&#8212;&#8212;&#8212;&#8212;&#8212;&#8212;&#8212;&#8212;&#8212;&#8212;&#8212;<\/p>\n<p>YOU ARE ABOUT TO READ THE DIARY OF A WOMAN WRITTEN IN 1829 IN THE MALVINAS ISLANDS. WITHIN THE LONG PERIOD FROM 1421 TO 1833, AMONG THOSE OF DISCOVERERS, PORTULANOS, ADVENTURERS, TRAVEL CHRONICLES AND SETTLERS, WE FIND A FEW PAGES DIFFERENT FROM EVERYTHING ELSE. IT IS THE DIARY OF MARIA SAEZ. SHE IS 29 YEARS OLD, MARRIED TO LUIS VERNET, POLITICAL AND MILITARY COMMANDER OF THE MALVINAS ISLANDS, AND HAS THREE CHILDREN. THE FOURTH WILL BE BORN IN THE ISLANDS AND WILL BE CALLED MATILDE, ALTHOUGH EVERYONE WILL CALL HER MALVINA. *** THIS BOOK IS MADE OF MANY BOOKS AND MANY TRIPS; ITS PREPARATION TOOK MORE THAN TWENTY YEARS AND IT HAS EMERGED IN THE FORM OF AN ARCHIPELAGO. LIKE THE MALVINAS, IT HAS TWO LARGE ISLANDS SURROUNDED BY SMALLER ONES. WHAT SEPARATES THEM UNITES THEM. THE TWO LARGE ISLANDS ARE THE V\u00cdSPERAS AL DIARIO DE MAR\u00cdA S\u00c1EZ DE VERNET AND THE DIARIO DE MAR\u00cdA S\u00c1EZ DE VERNET Y APOSTILLAS. THE FIRST ONE IS MADE UP OF STORIES THAT GO FROM THE FIRST RECORDS ON THOSE LANDS, UNDER THE CANOPUS STAR, BY THE IMPERIAL NAVY OF YONG LE, TO THE SIGNING OF THE DECREE OF CREATION OF THE POLITICAL AND MILITARY COMMAND ON THE ISLANDS BY THE GOVERNMENT OF THE PROVINCE OF BUENOS AIRES IN 1829. IN BETWEEN, WE WILL LEARN ABOUT SPANISH, FRENCH, PORTUGUESE, ENGLISH, DUTCH, TURKISH, NORTH AMERICAN AND HUNDREDS OF SHIPS WHOSE ROUTES ENDED IN THE SOUTH OF THE SOUTH. WHOEVER GOES THROUGH THE EVE, WILL GO THROUGH A VERSION OF THE TIME AND THE EVENTS THAT WERE NECESSARY FOR A WOMAN TO ARRIVE AT PUERTO LUIS, ON THE ISLAND OF SOLEDAD DE MALVINAS, ON JULY 15, 1829. IN THE OTHER BIG ISLAND WE READ THE DIARY OF MAR\u00cdA S\u00c1EZ AND, THEN, THE APOSTILLES THAT RECOVER HER VOICE TO TELL US, WITH OFFICIAL PAPERS, LETTERS, REPORTS, DIARIES, CONTRACTS, MINUTES, JUDICIAL DECLARATIONS, JOURNALISTIC NOTES OF THE TIME AND FRAGMENTS OF BOOKS, A LITTLE MORE ABOUT WHAT MAR\u00cdA SEES AND HER WRITING REGISTERS.<\/p>","protected":false},"excerpt":{"rendered":"<p>USTED EST\u00c1 A PUNTO DE LEER EL DIARIO DE UNA MUJER ESCRITO EN 1829 EN LAS ISLAS MALVINAS. DENTRO DEL LARGO PER\u00cdODO QUE VA DE&#8230;<\/p>","protected":false},"featured_media":32532,"comment_status":"closed","ping_status":"closed","template":"","meta":{"_acf_changed":false,"om_disable_all_campaigns":false,"_monsterinsights_skip_tracking":false,"_monsterinsights_sitenote_active":false,"_monsterinsights_sitenote_note":"","_monsterinsights_sitenote_category":0},"etheme_brands":[],"product_brand":[],"product_cat":[685,77],"product_tag":[203,234,224,755,1149,3746,3731,3732,3780,3733,3734,3735,752,3730,3781,3779,3666,3729,3745],"class_list":{"0":"post-32531","1":"product","2":"type-product","3":"status-publish","4":"has-post-thumbnail","6":"product_cat-libros","7":"product_cat-tradicion-argentina","8":"product_tag-argentina","9":"product_tag-argentine","10":"product_tag-argentino","11":"product_tag-book","12":"product_tag-casa","13":"product_tag-guerra","14":"product_tag-historia","15":"product_tag-history","16":"product_tag-house","17":"product_tag-information","18":"product_tag-island","19":"product_tag-islas","20":"product_tag-libro","21":"product_tag-malvinas","22":"product_tag-mi","23":"product_tag-my","24":"product_tag-national","25":"product_tag-store","26":"product_tag-war","28":"first","29":"instock","30":"taxable","31":"shipping-taxable","32":"purchasable","33":"product-type-simple"},"acf":[],"aioseo_notices":[],"_links":{"self":[{"href":"https:\/\/www.argensend.com\/en\/wp-json\/wp\/v2\/product\/32531","targetHints":{"allow":["GET"]}}],"collection":[{"href":"https:\/\/www.argensend.com\/en\/wp-json\/wp\/v2\/product"}],"about":[{"href":"https:\/\/www.argensend.com\/en\/wp-json\/wp\/v2\/types\/product"}],"replies":[{"embeddable":true,"href":"https:\/\/www.argensend.com\/en\/wp-json\/wp\/v2\/comments?post=32531"}],"version-history":[{"count":2,"href":"https:\/\/www.argensend.com\/en\/wp-json\/wp\/v2\/product\/32531\/revisions"}],"predecessor-version":[{"id":78098,"href":"https:\/\/www.argensend.com\/en\/wp-json\/wp\/v2\/product\/32531\/revisions\/78098"}],"wp:featuredmedia":[{"embeddable":true,"href":"https:\/\/www.argensend.com\/en\/wp-json\/wp\/v2\/media\/32532"}],"wp:attachment":[{"href":"https:\/\/www.argensend.com\/en\/wp-json\/wp\/v2\/media?parent=32531"}],"wp:term":[{"taxonomy":"brand","embeddable":true,"href":"https:\/\/www.argensend.com\/en\/wp-json\/wp\/v2\/etheme_brands?post=32531"},{"taxonomy":"product_brand","embeddable":true,"href":"https:\/\/www.argensend.com\/en\/wp-json\/wp\/v2\/product_brand?post=32531"},{"taxonomy":"product_cat","embeddable":true,"href":"https:\/\/www.argensend.com\/en\/wp-json\/wp\/v2\/product_cat?post=32531"},{"taxonomy":"product_tag","embeddable":true,"href":"https:\/\/www.argensend.com\/en\/wp-json\/wp\/v2\/product_tag?post=32531"}],"curies":[{"name":"wp","href":"https:\/\/api.w.org\/{rel}","templated":true}]}}