{"id":32564,"date":"2021-08-20T13:15:42","date_gmt":"2021-08-20T16:15:42","guid":{"rendered":"https:\/\/www.argensend.com\/?post_type=product&#038;p=32564"},"modified":"2025-05-26T16:45:57","modified_gmt":"2025-05-26T19:45:57","slug":"gorra-islas-malvinas-bordadas-tacticas-militares-malvinas-islands-embroidered-cap-military-tactics","status":"publish","type":"product","link":"https:\/\/www.argensend.com\/en\/product\/gorra-islas-malvinas-bordadas-tacticas-militares-malvinas-islands-embroidered-cap-military-tactics\/","title":{"rendered":"Gorra Islas Malvinas Bordadas T\u00e1cticas Militares"},"content":{"rendered":"","protected":false},"excerpt":{"rendered":"<p>Disponible 3 D\u00edas Despu\u00e9s De Su Compra<\/p>","protected":false},"featured_media":32607,"comment_status":"closed","ping_status":"closed","template":"","meta":{"_acf_changed":false,"om_disable_all_campaigns":false,"_monsterinsights_skip_tracking":false,"_monsterinsights_sitenote_active":false,"_monsterinsights_sitenote_note":"","_monsterinsights_sitenote_category":0},"etheme_brands":[],"product_brand":[],"product_cat":[79,3438],"product_tag":[203,234,224,3804,3283,3807,3793,1005,3731,3732,3734,3735,3730,3806,3190,3666,3790,3729,3805,3803,3745],"class_list":{"0":"post-32564","1":"product","2":"type-product","3":"status-publish","4":"has-post-thumbnail","6":"product_cat-accesorios","7":"product_cat-gift-shop-merchandising","8":"product_tag-argentina","9":"product_tag-argentine","10":"product_tag-argentino","11":"product_tag-bordada","12":"product_tag-cap","13":"product_tag-embroidered","14":"product_tag-everything","15":"product_tag-gorra","16":"product_tag-historia","17":"product_tag-history","18":"product_tag-island","19":"product_tag-islas","20":"product_tag-malvinas","21":"product_tag-militares","22":"product_tag-military","23":"product_tag-national","24":"product_tag-que","25":"product_tag-store","26":"product_tag-tacticas","27":"product_tag-tactics","28":"product_tag-war","30":"first","31":"instock","32":"taxable","33":"shipping-taxable","34":"purchasable","35":"product-type-variable"},"acf":[],"aioseo_notices":[],"_links":{"self":[{"href":"https:\/\/www.argensend.com\/en\/wp-json\/wp\/v2\/product\/32564","targetHints":{"allow":["GET"]}}],"collection":[{"href":"https:\/\/www.argensend.com\/en\/wp-json\/wp\/v2\/product"}],"about":[{"href":"https:\/\/www.argensend.com\/en\/wp-json\/wp\/v2\/types\/product"}],"replies":[{"embeddable":true,"href":"https:\/\/www.argensend.com\/en\/wp-json\/wp\/v2\/comments?post=32564"}],"version-history":[{"count":5,"href":"https:\/\/www.argensend.com\/en\/wp-json\/wp\/v2\/product\/32564\/revisions"}],"predecessor-version":[{"id":91841,"href":"https:\/\/www.argensend.com\/en\/wp-json\/wp\/v2\/product\/32564\/revisions\/91841"}],"wp:featuredmedia":[{"embeddable":true,"href":"https:\/\/www.argensend.com\/en\/wp-json\/wp\/v2\/media\/32607"}],"wp:attachment":[{"href":"https:\/\/www.argensend.com\/en\/wp-json\/wp\/v2\/media?parent=32564"}],"wp:term":[{"taxonomy":"brand","embeddable":true,"href":"https:\/\/www.argensend.com\/en\/wp-json\/wp\/v2\/etheme_brands?post=32564"},{"taxonomy":"product_brand","embeddable":true,"href":"https:\/\/www.argensend.com\/en\/wp-json\/wp\/v2\/product_brand?post=32564"},{"taxonomy":"product_cat","embeddable":true,"href":"https:\/\/www.argensend.com\/en\/wp-json\/wp\/v2\/product_cat?post=32564"},{"taxonomy":"product_tag","embeddable":true,"href":"https:\/\/www.argensend.com\/en\/wp-json\/wp\/v2\/product_tag?post=32564"}],"curies":[{"name":"wp","href":"https:\/\/api.w.org\/{rel}","templated":true}]}}