{"id":32586,"date":"2021-08-20T13:28:50","date_gmt":"2021-08-20T16:28:50","guid":{"rendered":"https:\/\/www.argensend.com\/?post_type=product&#038;p=32586"},"modified":"2025-05-26T16:45:51","modified_gmt":"2025-05-26T19:45:51","slug":"gorra-trucker-malvinas-argentinas-soberania-nacional-black-trucker-cap-malvinas-argentinas-national-sovereignty","status":"publish","type":"product","link":"https:\/\/www.argensend.com\/en\/product\/gorra-trucker-malvinas-argentinas-soberania-nacional-black-trucker-cap-malvinas-argentinas-national-sovereignty\/","title":{"rendered":"Gorra Trucker Malvinas Argentinas Soberan\u00eda Nacional"},"content":{"rendered":"","protected":false},"excerpt":{"rendered":"<p>Disponible 2 D\u00edas Despu\u00e9s De Su Compra<\/p>\n<p>Available 2 Days After Purchase<\/p>","protected":false},"featured_media":32619,"comment_status":"closed","ping_status":"closed","template":"","meta":{"_acf_changed":false,"om_disable_all_campaigns":false,"_monsterinsights_skip_tracking":false,"_monsterinsights_sitenote_active":false,"_monsterinsights_sitenote_note":"","_monsterinsights_sitenote_category":0},"etheme_brands":[],"product_brand":[],"product_cat":[79,3438],"product_tag":[203,234,224,3283,1005,3731,3732,3734,3735,3730,3816,3666,3815,3814,3729,1367],"class_list":{"0":"post-32586","1":"product","2":"type-product","3":"status-publish","4":"has-post-thumbnail","6":"product_cat-accesorios","7":"product_cat-gift-shop-merchandising","8":"product_tag-argentina","9":"product_tag-argentine","10":"product_tag-argentino","11":"product_tag-cap","12":"product_tag-gorra","13":"product_tag-historia","14":"product_tag-history","15":"product_tag-island","16":"product_tag-islas","17":"product_tag-malvinas","18":"product_tag-nacional","19":"product_tag-national","20":"product_tag-soberania","21":"product_tag-sovereignty","22":"product_tag-store","23":"product_tag-trucker","25":"first","26":"instock","27":"taxable","28":"shipping-taxable","29":"purchasable","30":"product-type-simple"},"acf":[],"aioseo_notices":[],"_links":{"self":[{"href":"https:\/\/www.argensend.com\/en\/wp-json\/wp\/v2\/product\/32586","targetHints":{"allow":["GET"]}}],"collection":[{"href":"https:\/\/www.argensend.com\/en\/wp-json\/wp\/v2\/product"}],"about":[{"href":"https:\/\/www.argensend.com\/en\/wp-json\/wp\/v2\/types\/product"}],"replies":[{"embeddable":true,"href":"https:\/\/www.argensend.com\/en\/wp-json\/wp\/v2\/comments?post=32586"}],"version-history":[{"count":3,"href":"https:\/\/www.argensend.com\/en\/wp-json\/wp\/v2\/product\/32586\/revisions"}],"predecessor-version":[{"id":108726,"href":"https:\/\/www.argensend.com\/en\/wp-json\/wp\/v2\/product\/32586\/revisions\/108726"}],"wp:featuredmedia":[{"embeddable":true,"href":"https:\/\/www.argensend.com\/en\/wp-json\/wp\/v2\/media\/32619"}],"wp:attachment":[{"href":"https:\/\/www.argensend.com\/en\/wp-json\/wp\/v2\/media?parent=32586"}],"wp:term":[{"taxonomy":"brand","embeddable":true,"href":"https:\/\/www.argensend.com\/en\/wp-json\/wp\/v2\/etheme_brands?post=32586"},{"taxonomy":"product_brand","embeddable":true,"href":"https:\/\/www.argensend.com\/en\/wp-json\/wp\/v2\/product_brand?post=32586"},{"taxonomy":"product_cat","embeddable":true,"href":"https:\/\/www.argensend.com\/en\/wp-json\/wp\/v2\/product_cat?post=32586"},{"taxonomy":"product_tag","embeddable":true,"href":"https:\/\/www.argensend.com\/en\/wp-json\/wp\/v2\/product_tag?post=32586"}],"curies":[{"name":"wp","href":"https:\/\/api.w.org\/{rel}","templated":true}]}}