{"id":32968,"date":"2021-08-23T15:38:46","date_gmt":"2021-08-23T18:38:46","guid":{"rendered":"https:\/\/www.argensend.com\/?post_type=product&#038;p=32968"},"modified":"2024-12-06T16:15:08","modified_gmt":"2024-12-06T19:15:08","slug":"etermo-peabody-termo-electrico-pe-et1000n","status":"publish","type":"product","link":"https:\/\/www.argensend.com\/en\/product\/etermo-peabody-termo-electrico-pe-et1000n\/","title":{"rendered":"eTermo Peabody Termo El\u00e9ctrico PE-ET1000N"},"content":{"rendered":"","protected":false},"excerpt":{"rendered":"<p>eTermo: El primer Termo el\u00e9ctrico que calienta el agua.<\/p>\n<ul>\n<li>\u00bfQu\u00e9 es un eTermo?<br \/>\nPeabody tom\u00f3 la decisi\u00f3n de dise\u00f1ar y producir un producto \u00fanico en el mundo con el objetivo de que cada consumidor de mate tenga la posibilidad de disfrutar de un momento diferente como y donde m\u00e1s le gusta; con un producto que re\u00fane caracter\u00edsticas \u00fanicas de funcionalidad, dise\u00f1o e innovaci\u00f3n. Con el eTermo vamos acompa\u00f1ar a cada persona a lo largo del d\u00eda, durante el desayuno, en el trabajo, en la universidad o donde quiera que vaya; porque el eTermo te ayuda a disfrutar del mate en cualquier momento o lugar.<\/p>\n<ul>\n<li>\u00bfC\u00f3mo funciona?<br \/>\nEl eTermo funciona con tecnolog\u00eda de aislamiento por vac\u00edo y est\u00e1 construido con doble capa de acero inoxidable 18\/8, permitiendo conservar altas o bajas temperaturas (consta de una pared interna y otro externa que componen una c\u00e1mara de vac\u00edo). Gracias a esto las bebidas mantienen su temperatura por m\u00e1s tiempo en comparaci\u00f3n a un recipiente de una sola pared. Adem\u00e1s, evita la transpiraci\u00f3n por condensaci\u00f3n.<\/li>\n<li>Todo en Uno:<br \/>\nUno de nuestros mayores objetivos es que puedas disfrutar del mejor mate c\u00f3mo y d\u00f3nde m\u00e1s te guste, y que para lograr eso no te falte nada. El eTermo trae integrado todo lo necesario: tapa Mate t\u00e9rmica, bombilla de acero inoxidable, tap\u00f3n antigoteo y cable extra\u00edble para que puedas llevarlo y calentar el agua donde quieras. Etermo no solo es un producto que re\u00fane caracteristicas unicas de funcionalidad dise\u00f1o e innovaci\u00f3n, es un producto todo en uno.<\/li>\n<\/ul>\n<\/li>\n<\/ul>","protected":false},"featured_media":32976,"comment_status":"closed","ping_status":"closed","template":"","meta":{"_acf_changed":false,"om_disable_all_campaigns":false,"_monsterinsights_skip_tracking":false,"_monsterinsights_sitenote_active":false,"_monsterinsights_sitenote_note":"","_monsterinsights_sitenote_category":0},"etheme_brands":[],"product_brand":[],"product_cat":[2146],"product_tag":[203,224,3863,165,1051],"class_list":{"0":"post-32968","1":"product","2":"type-product","3":"status-publish","4":"has-post-thumbnail","6":"product_cat-termos","7":"product_tag-argentina","8":"product_tag-argentino","9":"product_tag-electrico","10":"product_tag-mate","11":"product_tag-termo","13":"first","14":"instock","15":"taxable","16":"shipping-taxable","17":"purchasable","18":"product-type-simple"},"acf":[],"aioseo_notices":[],"_links":{"self":[{"href":"https:\/\/www.argensend.com\/en\/wp-json\/wp\/v2\/product\/32968","targetHints":{"allow":["GET"]}}],"collection":[{"href":"https:\/\/www.argensend.com\/en\/wp-json\/wp\/v2\/product"}],"about":[{"href":"https:\/\/www.argensend.com\/en\/wp-json\/wp\/v2\/types\/product"}],"replies":[{"embeddable":true,"href":"https:\/\/www.argensend.com\/en\/wp-json\/wp\/v2\/comments?post=32968"}],"version-history":[{"count":2,"href":"https:\/\/www.argensend.com\/en\/wp-json\/wp\/v2\/product\/32968\/revisions"}],"predecessor-version":[{"id":87817,"href":"https:\/\/www.argensend.com\/en\/wp-json\/wp\/v2\/product\/32968\/revisions\/87817"}],"wp:featuredmedia":[{"embeddable":true,"href":"https:\/\/www.argensend.com\/en\/wp-json\/wp\/v2\/media\/32976"}],"wp:attachment":[{"href":"https:\/\/www.argensend.com\/en\/wp-json\/wp\/v2\/media?parent=32968"}],"wp:term":[{"taxonomy":"brand","embeddable":true,"href":"https:\/\/www.argensend.com\/en\/wp-json\/wp\/v2\/etheme_brands?post=32968"},{"taxonomy":"product_brand","embeddable":true,"href":"https:\/\/www.argensend.com\/en\/wp-json\/wp\/v2\/product_brand?post=32968"},{"taxonomy":"product_cat","embeddable":true,"href":"https:\/\/www.argensend.com\/en\/wp-json\/wp\/v2\/product_cat?post=32968"},{"taxonomy":"product_tag","embeddable":true,"href":"https:\/\/www.argensend.com\/en\/wp-json\/wp\/v2\/product_tag?post=32968"}],"curies":[{"name":"wp","href":"https:\/\/api.w.org\/{rel}","templated":true}]}}