{"id":33132,"date":"2021-07-28T15:55:48","date_gmt":"2021-07-28T18:55:48","guid":{"rendered":"https:\/\/www.argensend.com\/?post_type=product&#038;p=33132"},"modified":"2024-12-06T16:15:10","modified_gmt":"2024-12-06T19:15:10","slug":"jimena-baron-la-cobra-cd","status":"publish","type":"product","link":"https:\/\/www.argensend.com\/en\/product\/jimena-baron-la-cobra-cd\/","title":{"rendered":"Jimena Baron &#8211; la Cobra (CD)"},"content":{"rendered":"","protected":false},"excerpt":{"rendered":"<p>The album \u201cLa Cobra\u201d has 8 tracks: &#8220;La Cobra&#8221;, &#8220;ADN&#8221;, &#8220;Qui\u00e9n empez\u00f3 (ft. Cazzu)&#8221;, &#8220;Dos Corazones&#8221;, &#8220;Gato (ft. R\u00e1faga)&#8221;, &#8220;Castigo&#8221;, &#8220;Se acab\u00f3&#8221; &amp; &#8220;Traicionera&#8221;.<\/p>","protected":false},"featured_media":33133,"comment_status":"closed","ping_status":"closed","template":"","meta":{"_acf_changed":false,"om_disable_all_campaigns":false,"_monsterinsights_skip_tracking":false,"_monsterinsights_sitenote_active":false,"_monsterinsights_sitenote_note":"","_monsterinsights_sitenote_category":0},"etheme_brands":[],"product_brand":[],"product_cat":[18],"product_tag":[3884,3877,3876,3883,3885,3878,3861,3879],"class_list":{"0":"post-33132","1":"product","2":"type-product","3":"status-publish","4":"has-post-thumbnail","6":"product_cat-musica","7":"product_tag-baron","8":"product_tag-cd","9":"product_tag-disco","10":"product_tag-jimena","11":"product_tag-la-cobra","12":"product_tag-longplay","13":"product_tag-play","14":"product_tag-plong","16":"first","17":"instock","18":"taxable","19":"shipping-taxable","20":"purchasable","21":"product-type-simple"},"acf":[],"aioseo_notices":[],"_links":{"self":[{"href":"https:\/\/www.argensend.com\/en\/wp-json\/wp\/v2\/product\/33132","targetHints":{"allow":["GET"]}}],"collection":[{"href":"https:\/\/www.argensend.com\/en\/wp-json\/wp\/v2\/product"}],"about":[{"href":"https:\/\/www.argensend.com\/en\/wp-json\/wp\/v2\/types\/product"}],"replies":[{"embeddable":true,"href":"https:\/\/www.argensend.com\/en\/wp-json\/wp\/v2\/comments?post=33132"}],"version-history":[{"count":2,"href":"https:\/\/www.argensend.com\/en\/wp-json\/wp\/v2\/product\/33132\/revisions"}],"predecessor-version":[{"id":107210,"href":"https:\/\/www.argensend.com\/en\/wp-json\/wp\/v2\/product\/33132\/revisions\/107210"}],"wp:featuredmedia":[{"embeddable":true,"href":"https:\/\/www.argensend.com\/en\/wp-json\/wp\/v2\/media\/33133"}],"wp:attachment":[{"href":"https:\/\/www.argensend.com\/en\/wp-json\/wp\/v2\/media?parent=33132"}],"wp:term":[{"taxonomy":"brand","embeddable":true,"href":"https:\/\/www.argensend.com\/en\/wp-json\/wp\/v2\/etheme_brands?post=33132"},{"taxonomy":"product_brand","embeddable":true,"href":"https:\/\/www.argensend.com\/en\/wp-json\/wp\/v2\/product_brand?post=33132"},{"taxonomy":"product_cat","embeddable":true,"href":"https:\/\/www.argensend.com\/en\/wp-json\/wp\/v2\/product_cat?post=33132"},{"taxonomy":"product_tag","embeddable":true,"href":"https:\/\/www.argensend.com\/en\/wp-json\/wp\/v2\/product_tag?post=33132"}],"curies":[{"name":"wp","href":"https:\/\/api.w.org\/{rel}","templated":true}]}}