{"id":33421,"date":"2021-09-05T12:32:09","date_gmt":"2021-09-05T15:32:09","guid":{"rendered":"https:\/\/www.argensend.com\/?post_type=product&#038;p=33421"},"modified":"2024-12-06T16:15:24","modified_gmt":"2024-12-06T19:15:24","slug":"juego-de-previa-prendete-fuego","status":"publish","type":"product","link":"https:\/\/www.argensend.com\/en\/product\/juego-de-previa-prendete-fuego\/","title":{"rendered":"Bur\u00f3 &#8211; Prendete Fuego en la Previa"},"content":{"rendered":"","protected":false},"excerpt":{"rendered":"<p>En Internet todos somos m\u00e1s lindos, m\u00e1s interesantes y m\u00e1s inteligentes. PRENDETE FUEGO lleg\u00f3 para cambiar eso. En tu turno das vuelta una carta naranja indic\u00e1ndole a los dem\u00e1s d\u00f3nde ten\u00e9s que publicar el desaf\u00edo. Luego cada jugador va a jugar una carta negra tratando de crear el desaf\u00edo m\u00e1s divertido y humillante posible. PRENDETE FUEGO es un juego para personas capaces de hacer cualquier cosa con tal de ganar, y para los que quieren divertirse vi\u00e9ndolos.<\/p>","protected":false},"featured_media":33422,"comment_status":"closed","ping_status":"closed","template":"","meta":{"_acf_changed":false,"om_disable_all_campaigns":false,"_monsterinsights_skip_tracking":false,"_monsterinsights_sitenote_active":false,"_monsterinsights_sitenote_note":"","_monsterinsights_sitenote_category":0},"etheme_brands":[],"product_brand":[],"product_cat":[2237],"product_tag":[],"class_list":{"0":"post-33421","1":"product","2":"type-product","3":"status-publish","4":"has-post-thumbnail","6":"product_cat-juegos-cartas","8":"first","9":"instock","10":"taxable","11":"shipping-taxable","12":"purchasable","13":"product-type-simple"},"acf":[],"aioseo_notices":[],"_links":{"self":[{"href":"https:\/\/www.argensend.com\/en\/wp-json\/wp\/v2\/product\/33421","targetHints":{"allow":["GET"]}}],"collection":[{"href":"https:\/\/www.argensend.com\/en\/wp-json\/wp\/v2\/product"}],"about":[{"href":"https:\/\/www.argensend.com\/en\/wp-json\/wp\/v2\/types\/product"}],"replies":[{"embeddable":true,"href":"https:\/\/www.argensend.com\/en\/wp-json\/wp\/v2\/comments?post=33421"}],"version-history":[{"count":3,"href":"https:\/\/www.argensend.com\/en\/wp-json\/wp\/v2\/product\/33421\/revisions"}],"predecessor-version":[{"id":115660,"href":"https:\/\/www.argensend.com\/en\/wp-json\/wp\/v2\/product\/33421\/revisions\/115660"}],"wp:featuredmedia":[{"embeddable":true,"href":"https:\/\/www.argensend.com\/en\/wp-json\/wp\/v2\/media\/33422"}],"wp:attachment":[{"href":"https:\/\/www.argensend.com\/en\/wp-json\/wp\/v2\/media?parent=33421"}],"wp:term":[{"taxonomy":"brand","embeddable":true,"href":"https:\/\/www.argensend.com\/en\/wp-json\/wp\/v2\/etheme_brands?post=33421"},{"taxonomy":"product_brand","embeddable":true,"href":"https:\/\/www.argensend.com\/en\/wp-json\/wp\/v2\/product_brand?post=33421"},{"taxonomy":"product_cat","embeddable":true,"href":"https:\/\/www.argensend.com\/en\/wp-json\/wp\/v2\/product_cat?post=33421"},{"taxonomy":"product_tag","embeddable":true,"href":"https:\/\/www.argensend.com\/en\/wp-json\/wp\/v2\/product_tag?post=33421"}],"curies":[{"name":"wp","href":"https:\/\/api.w.org\/{rel}","templated":true}]}}