{"id":33459,"date":"2021-09-05T17:09:22","date_gmt":"2021-09-05T20:09:22","guid":{"rendered":"https:\/\/www.argensend.com\/?post_type=product&#038;p=33459"},"modified":"2024-12-06T16:15:26","modified_gmt":"2024-12-06T19:15:26","slug":"eco-planificador-agenda-perpetua-fundacion-garrahan","status":"publish","type":"product","link":"https:\/\/www.argensend.com\/en\/product\/eco-planificador-agenda-perpetua-fundacion-garrahan\/","title":{"rendered":"Eco Planificador Agenda Perpetua &#8211; Fundaci\u00f3n Garrahan"},"content":{"rendered":"","protected":false},"excerpt":{"rendered":"<p>NUEVO ECO PLANIFICADOR AGENDA PERPETUA &#8211; FUNDACI\u00d3N GARRAHAN<\/p>\n<p>\u00a1Llen\u00e1 de color y solidaridad tu a\u00f1o!<\/p>\n<p>Esta versi\u00f3n es una Agenda Perpetua, por lo que el paso lo marc\u00e1s vos! Pod\u00e9s personalizar la agenda como m\u00e1s te convenga, utilizando los pr\u00e1cticos stickers incluidos.<\/p>\n<p>Confeccionada 100% con materiales reciclados<\/p>\n<p>Exclusivos regalos: \u00a1stickers de papel reciclado, se\u00f1alador con cinta y l\u00e1piz de diario reciclado!<\/p>\n<p>En esta nueva versi\u00f3n encontrar\u00e1s:<\/p>\n<p>&#8211; Identificador personal<br \/>\n&#8211; Planificador mensual y semanal<br \/>\n&#8211; Semana a la vista<br \/>\n&#8211; Horarios en los d\u00edas de semana<br \/>\n&#8211; Indicadores con pr\u00e1cticas solapas<br \/>\n&#8211; Notas al final de cada mes.<br \/>\n&#8211; Hojas punteadas al final de la agenda.<br \/>\n&#8211; Stickers para personalizar tus meses, semanas y d\u00edas.<br \/>\n&#8211; Stickers con calendario mensual y solapa para que puedas utilizarlos para navegar por el planificador con m\u00e1s facilidad.<br \/>\n&#8211; Sobre en contratapa para guardar los stickers y lo que quieras!<br \/>\n&#8211; 1 l\u00e1piz negro HB confeccionado en papel de diario reciclado<br \/>\n&#8211; 1 se\u00f1alador<\/p>\n<p>Tama\u00f1o 16 x 21 cm<\/p>\n<p>Total de hojas: 104 + stickers<\/p>\n<p>\u00a1ATENCI\u00d3N! Este modelo es de la Agenda Perpetua, es decir, la pod\u00e9s usar en cualquier momento y hasta cualquier a\u00f1o. En esta agenda encontrar\u00e1 stickers para ser utilizados hasta junio 2023.<\/p>","protected":false},"featured_media":33460,"comment_status":"closed","ping_status":"closed","template":"","meta":{"_acf_changed":false,"om_disable_all_campaigns":false,"_monsterinsights_skip_tracking":false,"_monsterinsights_sitenote_active":false,"_monsterinsights_sitenote_note":"","_monsterinsights_sitenote_category":0},"etheme_brands":[],"product_brand":[],"product_cat":[685],"product_tag":[],"class_list":{"0":"post-33459","1":"product","2":"type-product","3":"status-publish","4":"has-post-thumbnail","6":"product_cat-libros","8":"first","9":"instock","10":"taxable","11":"shipping-taxable","12":"purchasable","13":"product-type-simple"},"acf":[],"aioseo_notices":[],"_links":{"self":[{"href":"https:\/\/www.argensend.com\/en\/wp-json\/wp\/v2\/product\/33459","targetHints":{"allow":["GET"]}}],"collection":[{"href":"https:\/\/www.argensend.com\/en\/wp-json\/wp\/v2\/product"}],"about":[{"href":"https:\/\/www.argensend.com\/en\/wp-json\/wp\/v2\/types\/product"}],"replies":[{"embeddable":true,"href":"https:\/\/www.argensend.com\/en\/wp-json\/wp\/v2\/comments?post=33459"}],"version-history":[{"count":2,"href":"https:\/\/www.argensend.com\/en\/wp-json\/wp\/v2\/product\/33459\/revisions"}],"predecessor-version":[{"id":101471,"href":"https:\/\/www.argensend.com\/en\/wp-json\/wp\/v2\/product\/33459\/revisions\/101471"}],"wp:featuredmedia":[{"embeddable":true,"href":"https:\/\/www.argensend.com\/en\/wp-json\/wp\/v2\/media\/33460"}],"wp:attachment":[{"href":"https:\/\/www.argensend.com\/en\/wp-json\/wp\/v2\/media?parent=33459"}],"wp:term":[{"taxonomy":"brand","embeddable":true,"href":"https:\/\/www.argensend.com\/en\/wp-json\/wp\/v2\/etheme_brands?post=33459"},{"taxonomy":"product_brand","embeddable":true,"href":"https:\/\/www.argensend.com\/en\/wp-json\/wp\/v2\/product_brand?post=33459"},{"taxonomy":"product_cat","embeddable":true,"href":"https:\/\/www.argensend.com\/en\/wp-json\/wp\/v2\/product_cat?post=33459"},{"taxonomy":"product_tag","embeddable":true,"href":"https:\/\/www.argensend.com\/en\/wp-json\/wp\/v2\/product_tag?post=33459"}],"curies":[{"name":"wp","href":"https:\/\/api.w.org\/{rel}","templated":true}]}}