{"id":34410,"date":"2021-09-17T15:38:51","date_gmt":"2021-09-17T18:38:51","guid":{"rendered":"https:\/\/www.argensend.com\/?post_type=product&#038;p=34410"},"modified":"2024-12-06T16:16:25","modified_gmt":"2024-12-06T19:16:25","slug":"radio-portatil-retro-vintage-spica-sp580-am-fm-a-pila-retro-vintage-portable-radio-spica-sp580-am-fm-pila","status":"publish","type":"product","link":"https:\/\/www.argensend.com\/en\/product\/radio-portatil-retro-vintage-spica-sp580-am-fm-a-pila-retro-vintage-portable-radio-spica-sp580-am-fm-pila\/","title":{"rendered":"Radio Portatil Retro Vintage Spica Sp580 Am\/fm a Pila \/ Retro Vintage Portable Radio Spica Sp580 Am\/fm Pila"},"content":{"rendered":"<p>The SP-580 Portable Radio has features that make it the best option for enjoyment, high quality sound, retro design, with the best options that position it ahead of the most modern and competitive products in this range.<\/p>\n<p>&#8211; Portable Radio<br \/>\n&#8211; Brand: Spica<br \/>\n&#8211; Model: SP-580<\/p>\n<p>Linea Retro combines elegance with sound quality.<\/p>\n<p>ULTRA PORTABLE<br \/>\nThanks to its size (11.8 cm x 6.5 cm x 2.8 cm) and its ultra light weight you can always have it with you.<\/p>\n<p>AM\/FM RADIO<br \/>\nDon&#8217;t miss a second of Sunday&#8217;s game! Clear and powerful sound!<br \/>\n&#8211; AM\/FM radio<br \/>\n&#8211; Auxiliary input<br \/>\n&#8211; Battery : x2 AAA (not included)<br \/>\n&#8211; Output power: 0.5 W<br \/>\n&#8211; Telescopic antenna<br \/>\n&#8211; Measurements: 11.8 cm x 6.5 cm x 2.8 cm<\/p>\n<p>\u2026\u2026\u2026\u2026\u2026\u2026\u2026\u2026\u2026\u2026\u2026\u2026\u2026\u2026\u2026\u2026\u2026\u2026\u2026\u2026\u2026\u2026\u2026\u2026\u2026\u2026\u2026\u2026\u2026\u2026\u2026\u2026\u2026\u2026\u2026\u2026\u2026\u2026\u2026\u2026\u2026\u2026\u2026\u2026\u2026\u2026\u2026\u2026\u2026\u2026\u2026\u2026\u2026\u2026\u2026\u2026\u2026\u2026\u2026\u2026\u2026\u2026\u2026\u2026\u2026\u2026\u2026\u2026\u2026\u2026\u2026\u2026\u2026\u2026\u2026\u2026\u2026\u2026\u2026\u2026\u2026\u2026\u2026\u2026\u2026\u2026\u2026\u2026\u2026\u2026\u2026\u2026\u2026\u2026\u2026\u2026\u2026\u2026\u2026\u2026\u2026\u2026\u2026\u2026\u2026<\/p>\n<p>La Radio Port\u00e1til SP-580, posee caracter\u00edsticas que la hacen la mejor opci\u00f3n para el disfrute, sonido de alta calidad, dise\u00f1o retro, con las mejores opciones que lo posicionan delante de los m\u00e1s modernos y competitivos productos de esta gama.<\/p>\n<p>&#8211; Radio Port\u00e1til<br \/>\n&#8211; Marca: Spica<br \/>\n&#8211; Modelo: SP-580<\/p>\n<p>Linea Retro combina elegancia con calidad de sonido.<\/p>\n<p>ULTRA PORTABLE<br \/>\nGracias a sus medidas (11.8 cm x 6.5 cm x 2.8 cm) y su peso Ultra liviano Podes tenerlo siempre con vos.<\/p>\n<p>RADIO AM\/FM<br \/>\nNo te pierdas ni un segundo del partido del domingo! Sonido claro y potente!<br \/>\n&#8211; Radio AM\/FM<br \/>\n&#8211; Entrada auxiliar<br \/>\n&#8211; Bater\u00eda : x2 AAA (no incluidas)<br \/>\n&#8211; Potencia de salida: 0.5 W<br \/>\n&#8211; Antena telesc\u00f3pica<br \/>\n&#8211; Medidas: 11.8 cm x 6.5 cm x 2.8 cm<\/p>\n<p>&nbsp;<\/p>","protected":false},"excerpt":{"rendered":"<p>&#8216;- AM\/FM radio<br \/>\n&#8211; Auxiliary input<br \/>\n&#8211; Battery : x2 AAA (not included)<br \/>\n&#8211; Output power: 0.5 W<br \/>\n&#8211; Telescopic antenna<br \/>\n&#8211; Measurements: 11.8 cm x 6.5 cm x 2.8 cm<\/p>\n<p>\u2026\u2026\u2026\u2026\u2026\u2026\u2026\u2026\u2026\u2026\u2026\u2026\u2026\u2026\u2026\u2026\u2026\u2026\u2026\u2026\u2026\u2026<\/p>\n<p>&#8211; Radio AM\/FM<br \/>\n&#8211; Entrada auxiliar<br \/>\n&#8211; Bater\u00eda : x2 AAA (no incluidas)<br \/>\n&#8211; Potencia de salida: 0.5 W<br \/>\n&#8211; Antena telesc\u00f3pica<br \/>\n&#8211; Medidas: 11.8 cm x 6.5 cm x 2.8 cm<\/p>\n<p>&nbsp;<\/p>","protected":false},"featured_media":34411,"comment_status":"closed","ping_status":"closed","template":"","meta":{"_acf_changed":false,"om_disable_all_campaigns":false,"_monsterinsights_skip_tracking":false,"_monsterinsights_sitenote_active":false,"_monsterinsights_sitenote_note":"","_monsterinsights_sitenote_category":0},"etheme_brands":[],"product_brand":[],"product_cat":[606],"product_tag":[3906,3899,1743,1750,3991,3990,3992,3993,3989,3994],"class_list":{"0":"post-34410","1":"product","2":"type-product","3":"status-publish","4":"has-post-thumbnail","6":"product_cat-cocina-deco-bazar","7":"product_tag-bazaar","8":"product_tag-bazar","9":"product_tag-decoracion","10":"product_tag-decoration","11":"product_tag-electric","12":"product_tag-electronic","13":"product_tag-music","14":"product_tag-musica","15":"product_tag-radio","16":"product_tag-vintagec","18":"first","19":"instock","20":"taxable","21":"shipping-taxable","22":"purchasable","23":"product-type-simple"},"acf":[],"aioseo_notices":[],"_links":{"self":[{"href":"https:\/\/www.argensend.com\/en\/wp-json\/wp\/v2\/product\/34410","targetHints":{"allow":["GET"]}}],"collection":[{"href":"https:\/\/www.argensend.com\/en\/wp-json\/wp\/v2\/product"}],"about":[{"href":"https:\/\/www.argensend.com\/en\/wp-json\/wp\/v2\/types\/product"}],"replies":[{"embeddable":true,"href":"https:\/\/www.argensend.com\/en\/wp-json\/wp\/v2\/comments?post=34410"}],"version-history":[{"count":3,"href":"https:\/\/www.argensend.com\/en\/wp-json\/wp\/v2\/product\/34410\/revisions"}],"predecessor-version":[{"id":119250,"href":"https:\/\/www.argensend.com\/en\/wp-json\/wp\/v2\/product\/34410\/revisions\/119250"}],"wp:featuredmedia":[{"embeddable":true,"href":"https:\/\/www.argensend.com\/en\/wp-json\/wp\/v2\/media\/34411"}],"wp:attachment":[{"href":"https:\/\/www.argensend.com\/en\/wp-json\/wp\/v2\/media?parent=34410"}],"wp:term":[{"taxonomy":"brand","embeddable":true,"href":"https:\/\/www.argensend.com\/en\/wp-json\/wp\/v2\/etheme_brands?post=34410"},{"taxonomy":"product_brand","embeddable":true,"href":"https:\/\/www.argensend.com\/en\/wp-json\/wp\/v2\/product_brand?post=34410"},{"taxonomy":"product_cat","embeddable":true,"href":"https:\/\/www.argensend.com\/en\/wp-json\/wp\/v2\/product_cat?post=34410"},{"taxonomy":"product_tag","embeddable":true,"href":"https:\/\/www.argensend.com\/en\/wp-json\/wp\/v2\/product_tag?post=34410"}],"curies":[{"name":"wp","href":"https:\/\/api.w.org\/{rel}","templated":true}]}}