{"id":34421,"date":"2021-09-17T15:52:25","date_gmt":"2021-09-17T18:52:25","guid":{"rendered":"https:\/\/www.argensend.com\/?post_type=product&#038;p=34421"},"modified":"2024-12-06T16:16:27","modified_gmt":"2024-12-06T19:16:27","slug":"kit-de-viaje-de-argentina-cuaderno-de-viaje-mapa","status":"publish","type":"product","link":"https:\/\/www.argensend.com\/en\/product\/kit-de-viaje-de-argentina-cuaderno-de-viaje-mapa\/","title":{"rendered":"Kit de Viaje de Argentina &#8211; Cuaderno de Viaje + Mapa"},"content":{"rendered":"","protected":false},"excerpt":{"rendered":"<p>El kit incluye:<\/p>\n<p>* 1 Cuaderno de viaje de Argentina anillado tapa dura<br \/>\n* 1 Gu\u00eda mapa a elecci\u00f3n. Podes elegir 1 entre: Argentina, Norte, Patagonia, Cataratas del Iguaz\u00fa, Mendoza, Bariloche, Calafate-Chalt\u00e9n, Tierra del Fuego.<br \/>\n* 1 l\u00e1piz de madera grabado<\/p>\n<p>\u2013&gt; El cuaderno de Argentina est\u00e1 destinado a quienes amamos viajar por nuestro pa\u00eds. Su misi\u00f3n es invitarte a vivir Argentina con todos los sentidos y a descubrir los tesoros que la habitan. El cuaderno incluye una gu\u00eda y consejos pr\u00e1cticos para organizar tu viaje por Argentina, una bit\u00e1cora para documentar tu aventura, frases para reflexionar a lo largo del camino y un espacio para agendar recetas t\u00edpicas, nuevos amigos y reflexiones de la vuelta a casa.<\/p>\n<p>Trae un mapa para colorear con el detalle de todos los Parques Nacionales, destinos recomendados, un calendario de fiestas t\u00edpicas, 3 itinerarios de viaje para completar (para que puedas utilizar el cuaderno en distintos viajes), fichas para armarte con cada destino que quieras recorrer, un checklist de equipaje y mucho m\u00e1s!<\/p>\n<p>\u2013&gt; La gu\u00eda mapa de Argentina trae:<\/p>\n<p>Un panorama completo de los principales destinos tur\u00edsticos de Argentina.<br \/>\nLas atracciones imperdibles de las 5 regiones: Noroeste, Cuyo, Patagonia, Mesopotamia y Centro, descriptas en detalle, con fotos y ubicacion en el mapa.<br \/>\nUn gran mapa de Argentina, con la indicaci\u00f3n de todos los aeropuertos nacionales e internacionales, los pasos fronterizos, Parques Nacionales, Patrimonio de la Humanidad, ruinas arqueol\u00f3gicas, los lugares de avistaje, circuito de bodegas, sitios de pesca, etc. Cuadro de distancias y horas de vuelo entre los 30 principales destinos, cuadro de temperaturas promedio en Cent\u00edgrados y Farenheit, informaci\u00f3n pr\u00e1ctica y direcciones de internet para poder planear su viaje.<\/p>\n<p>\u2013&gt; Adem\u00e1s el Kit incluye se\u00f1alador y l\u00e1piz de regalo.<\/p>","protected":false},"featured_media":34429,"comment_status":"closed","ping_status":"closed","template":"","meta":{"_acf_changed":false,"om_disable_all_campaigns":false,"_monsterinsights_skip_tracking":false,"_monsterinsights_sitenote_active":false,"_monsterinsights_sitenote_note":"","_monsterinsights_sitenote_category":0,"jetpack_post_was_ever_published":false},"etheme_brands":[],"product_brand":[],"product_cat":[8791],"product_tag":[],"class_list":{"0":"post-34421","1":"product","2":"type-product","3":"status-publish","4":"has-post-thumbnail","6":"product_cat-libreria","8":"first","9":"instock","10":"taxable","11":"shipping-taxable","12":"purchasable","13":"product-type-simple"},"acf":[],"aioseo_notices":[],"jetpack_sharing_enabled":true,"_links":{"self":[{"href":"https:\/\/www.argensend.com\/en\/wp-json\/wp\/v2\/product\/34421","targetHints":{"allow":["GET"]}}],"collection":[{"href":"https:\/\/www.argensend.com\/en\/wp-json\/wp\/v2\/product"}],"about":[{"href":"https:\/\/www.argensend.com\/en\/wp-json\/wp\/v2\/types\/product"}],"replies":[{"embeddable":true,"href":"https:\/\/www.argensend.com\/en\/wp-json\/wp\/v2\/comments?post=34421"}],"version-history":[{"count":2,"href":"https:\/\/www.argensend.com\/en\/wp-json\/wp\/v2\/product\/34421\/revisions"}],"predecessor-version":[{"id":102643,"href":"https:\/\/www.argensend.com\/en\/wp-json\/wp\/v2\/product\/34421\/revisions\/102643"}],"wp:featuredmedia":[{"embeddable":true,"href":"https:\/\/www.argensend.com\/en\/wp-json\/wp\/v2\/media\/34429"}],"wp:attachment":[{"href":"https:\/\/www.argensend.com\/en\/wp-json\/wp\/v2\/media?parent=34421"}],"wp:term":[{"taxonomy":"brand","embeddable":true,"href":"https:\/\/www.argensend.com\/en\/wp-json\/wp\/v2\/etheme_brands?post=34421"},{"taxonomy":"product_brand","embeddable":true,"href":"https:\/\/www.argensend.com\/en\/wp-json\/wp\/v2\/product_brand?post=34421"},{"taxonomy":"product_cat","embeddable":true,"href":"https:\/\/www.argensend.com\/en\/wp-json\/wp\/v2\/product_cat?post=34421"},{"taxonomy":"product_tag","embeddable":true,"href":"https:\/\/www.argensend.com\/en\/wp-json\/wp\/v2\/product_tag?post=34421"}],"curies":[{"name":"wp","href":"https:\/\/api.w.org\/{rel}","templated":true}]}}