{"id":35886,"date":"2021-09-25T21:02:17","date_gmt":"2021-09-26T00:02:17","guid":{"rendered":"https:\/\/www.argensend.com\/?post_type=product&#038;p=35886"},"modified":"2024-12-06T16:18:26","modified_gmt":"2024-12-06T19:18:26","slug":"libro-infantil-cuentame-un-cuento-habia-una-vez","status":"publish","type":"product","link":"https:\/\/www.argensend.com\/en\/product\/libro-infantil-cuentame-un-cuento-habia-una-vez\/","title":{"rendered":"Libro Infantil Cu\u00e9ntame Un Cuento &#8211; Hab\u00eda Una Vez"},"content":{"rendered":"","protected":false},"excerpt":{"rendered":"<p>Los cuentos cl\u00e1sicos m\u00e1s queridos, en versiones breves y bellamente ilustradas, ideales para narrar antes de ir a dormir.<\/p>\n<p>LETRA IMPRENTA MAY\u00daSCULA<\/p>\n<p>Formato: 20 x 20 cm &#8211; P\u00e1ginas: 220 &#8211; Tapa: acolchada &#8211; Encuadernaci\u00f3n: cartonada<\/p>","protected":false},"featured_media":35887,"comment_status":"closed","ping_status":"closed","template":"","meta":{"_acf_changed":false,"om_disable_all_campaigns":false,"_monsterinsights_skip_tracking":false,"_monsterinsights_sitenote_active":false,"_monsterinsights_sitenote_note":"","_monsterinsights_sitenote_category":0},"etheme_brands":[],"product_brand":[],"product_cat":[685,4227],"product_tag":[1753,1752,1149,1007,1749,1762,1743,1750,1744,1766,1193,1767,1081,1754,1763,1764,1768,1192,1751,1765],"class_list":{"0":"post-35886","1":"product","2":"type-product","3":"status-publish","4":"has-post-thumbnail","6":"product_cat-libros","7":"product_cat-libros-infantiles-juveniles","8":"product_tag-carteleras","9":"product_tag-carteles","10":"product_tag-casa","11":"product_tag-chapa","12":"product_tag-chapon","13":"product_tag-club-del-poster","14":"product_tag-decoracion","15":"product_tag-decoration","16":"product_tag-decorativo","17":"product_tag-duro","18":"product_tag-fileteado","19":"product_tag-firme","20":"product_tag-home","21":"product_tag-melaticos","22":"product_tag-metal","23":"product_tag-metalico","24":"product_tag-personalizado","25":"product_tag-porteno","26":"product_tag-poster","27":"product_tag-rigido","29":"first","30":"instock","31":"taxable","32":"shipping-taxable","33":"purchasable","34":"product-type-simple"},"acf":[],"aioseo_notices":[],"_links":{"self":[{"href":"https:\/\/www.argensend.com\/en\/wp-json\/wp\/v2\/product\/35886","targetHints":{"allow":["GET"]}}],"collection":[{"href":"https:\/\/www.argensend.com\/en\/wp-json\/wp\/v2\/product"}],"about":[{"href":"https:\/\/www.argensend.com\/en\/wp-json\/wp\/v2\/types\/product"}],"replies":[{"embeddable":true,"href":"https:\/\/www.argensend.com\/en\/wp-json\/wp\/v2\/comments?post=35886"}],"version-history":[{"count":1,"href":"https:\/\/www.argensend.com\/en\/wp-json\/wp\/v2\/product\/35886\/revisions"}],"predecessor-version":[{"id":78068,"href":"https:\/\/www.argensend.com\/en\/wp-json\/wp\/v2\/product\/35886\/revisions\/78068"}],"wp:featuredmedia":[{"embeddable":true,"href":"https:\/\/www.argensend.com\/en\/wp-json\/wp\/v2\/media\/35887"}],"wp:attachment":[{"href":"https:\/\/www.argensend.com\/en\/wp-json\/wp\/v2\/media?parent=35886"}],"wp:term":[{"taxonomy":"brand","embeddable":true,"href":"https:\/\/www.argensend.com\/en\/wp-json\/wp\/v2\/etheme_brands?post=35886"},{"taxonomy":"product_brand","embeddable":true,"href":"https:\/\/www.argensend.com\/en\/wp-json\/wp\/v2\/product_brand?post=35886"},{"taxonomy":"product_cat","embeddable":true,"href":"https:\/\/www.argensend.com\/en\/wp-json\/wp\/v2\/product_cat?post=35886"},{"taxonomy":"product_tag","embeddable":true,"href":"https:\/\/www.argensend.com\/en\/wp-json\/wp\/v2\/product_tag?post=35886"}],"curies":[{"name":"wp","href":"https:\/\/api.w.org\/{rel}","templated":true}]}}