{"id":35893,"date":"2021-09-25T21:20:38","date_gmt":"2021-09-26T00:20:38","guid":{"rendered":"https:\/\/www.argensend.com\/?post_type=product&#038;p=35893"},"modified":"2024-12-06T16:18:27","modified_gmt":"2024-12-06T19:18:27","slug":"lote-x-24-libros-coleccion-chiqui-cuentos-infantiles-clasicos","status":"publish","type":"product","link":"https:\/\/www.argensend.com\/en\/product\/lote-x-24-libros-coleccion-chiqui-cuentos-infantiles-clasicos\/","title":{"rendered":"Colecci\u00f3n Chiqui &#8211; Lote &#8211; 24 Libros Cuentos Infantiles Cl\u00e1sicos"},"content":{"rendered":"","protected":false},"excerpt":{"rendered":"<p>T\u00cdTULOS DE LA COLECCI\u00d3N:<\/p>\n<p>TERESA, LA ABEJITA SONRIENTE.<br \/>\nTOBIAS, EL HIPOP\u00d3TAMO ORGULLOS.<br \/>\nROMEO, EL CHANCHITO CARTERO.<br \/>\nTOTO, EL OSITO TRAVIESO.<br \/>\nPAQUITO, EL PATITO CURIOSO.<br \/>\nCRIST\u00d3BAL, EL PECESITO DORADO.<br \/>\nMANDONA, LA VAQUITA PRESUMIDA.<br \/>\nHIPOLITO, UN SAPO DE SUERTE.<br \/>\nISIDORO, EL TORO DISTRA\u00cdDO.<br \/>\nGILBERTO, UN MONITO ADORABLE.<br \/>\nCATALINA, LA JIRAFA IMPACIENTE.<br \/>\nROSINANTE, EL CABALLITO NOTABLE.<br \/>\nMIGUELITO, EL H\u00c1MSTER LABORIOSO.<br \/>\nPEPITO, EL LORITO CUENTACUENTOS.<br \/>\nNACHO, EL PERRITO TRAVIESO.<br \/>\nROSALIA, LA PATITA ATOLONDRADA.<br \/>\nSANS\u00d3N, EL LE\u00d3N DEL CIRCO.<br \/>\nTITO, EL GATITO JUGUET\u00d3N.<br \/>\nSANTIAGO, EL CONEJO TRAVIESO.<br \/>\nLITO, EL BURRITO REMADOR.<br \/>\nATILIO, EL PINGUINO DESORDENADO.<br \/>\nRAM\u00d3N, EL MONO BOMBERO.<br \/>\nSUSANITA, LA GUSANITA MIEDOSA.<br \/>\nFELIPE, EL TATU AMIGABLE.<\/p>","protected":false},"featured_media":35894,"comment_status":"closed","ping_status":"closed","template":"","meta":{"_acf_changed":false,"om_disable_all_campaigns":false,"_monsterinsights_skip_tracking":false,"_monsterinsights_sitenote_active":false,"_monsterinsights_sitenote_note":"","_monsterinsights_sitenote_category":0},"etheme_brands":[],"product_brand":[],"product_cat":[685,4227],"product_tag":[6077,203,234,224,4732,3858,5111,3431,7964,4197,4733,7963,1058,4033],"class_list":{"0":"post-35893","1":"product","2":"type-product","3":"status-publish","4":"has-post-thumbnail","6":"product_cat-libros","7":"product_cat-libros-infantiles-juveniles","8":"product_tag-24-unidades","9":"product_tag-argentina","10":"product_tag-argentine","11":"product_tag-argentino","12":"product_tag-books","13":"product_tag-children","14":"product_tag-clasicos","15":"product_tag-classics","16":"product_tag-coleccion-chiqui","17":"product_tag-cuentos","18":"product_tag-libros","19":"product_tag-lote","20":"product_tag-ninos","21":"product_tag-units","23":"first","24":"instock","25":"taxable","26":"shipping-taxable","27":"purchasable","28":"product-type-simple"},"acf":[],"aioseo_notices":[],"_links":{"self":[{"href":"https:\/\/www.argensend.com\/en\/wp-json\/wp\/v2\/product\/35893","targetHints":{"allow":["GET"]}}],"collection":[{"href":"https:\/\/www.argensend.com\/en\/wp-json\/wp\/v2\/product"}],"about":[{"href":"https:\/\/www.argensend.com\/en\/wp-json\/wp\/v2\/types\/product"}],"replies":[{"embeddable":true,"href":"https:\/\/www.argensend.com\/en\/wp-json\/wp\/v2\/comments?post=35893"}],"version-history":[{"count":3,"href":"https:\/\/www.argensend.com\/en\/wp-json\/wp\/v2\/product\/35893\/revisions"}],"predecessor-version":[{"id":100567,"href":"https:\/\/www.argensend.com\/en\/wp-json\/wp\/v2\/product\/35893\/revisions\/100567"}],"wp:featuredmedia":[{"embeddable":true,"href":"https:\/\/www.argensend.com\/en\/wp-json\/wp\/v2\/media\/35894"}],"wp:attachment":[{"href":"https:\/\/www.argensend.com\/en\/wp-json\/wp\/v2\/media?parent=35893"}],"wp:term":[{"taxonomy":"brand","embeddable":true,"href":"https:\/\/www.argensend.com\/en\/wp-json\/wp\/v2\/etheme_brands?post=35893"},{"taxonomy":"product_brand","embeddable":true,"href":"https:\/\/www.argensend.com\/en\/wp-json\/wp\/v2\/product_brand?post=35893"},{"taxonomy":"product_cat","embeddable":true,"href":"https:\/\/www.argensend.com\/en\/wp-json\/wp\/v2\/product_cat?post=35893"},{"taxonomy":"product_tag","embeddable":true,"href":"https:\/\/www.argensend.com\/en\/wp-json\/wp\/v2\/product_tag?post=35893"}],"curies":[{"name":"wp","href":"https:\/\/api.w.org\/{rel}","templated":true}]}}