{"id":35899,"date":"2021-09-25T21:48:15","date_gmt":"2021-09-26T00:48:15","guid":{"rendered":"https:\/\/www.argensend.com\/?post_type=product&#038;p=35899"},"modified":"2024-12-06T16:18:27","modified_gmt":"2024-12-06T19:18:27","slug":"animales-argentinos-loreto-salinas-paula-fernandez","status":"publish","type":"product","link":"https:\/\/www.argensend.com\/en\/product\/animales-argentinos-loreto-salinas-paula-fernandez\/","title":{"rendered":"Animales Argentinos &#8211; Loreto Salinas \/ Paula Fern\u00e1ndez"},"content":{"rendered":"","protected":false},"excerpt":{"rendered":"<p>Encuadernaci\u00f3n: Tapa dura<br \/>\nFormato: 25 x 25cm<br \/>\nCantidad de P\u00e1ginas: 80<br \/>\n\u201cUn ni\u00f1o sudafricano puede sentirse identificado con el rinoceronte blanco o el le\u00f3n. Un espa\u00f1ol, con el lobo o el lince ib\u00e9rico. Un esquimal, con el oso polar. Y nosotros, \u00bfcon qu\u00e9? En este libro tenemos muchas opciones para elegir, pero la verdad, todo el conjunto de nuestros animales nos representa como nuestro mapa, nuestra bandera, nuestro himno nacional o nuestra camiseta de f\u00fatbol\u201d.<br \/>\nEn una propuesta art\u00edstica y did\u00e1ctica, ANIMALES ARGENTINOS presenta informaci\u00f3n sobre 56 especies aut\u00f3ctonas y end\u00e9micas. Es una selecci\u00f3n muy variada de animales, conocidos y desconocidos, que viven en distintas regiones y paisajes silvestres de la Argentina. Complementa la informaci\u00f3n un ap\u00e9ndice con fichas cient\u00edficas de cada animal, un mapa de distribuci\u00f3n geogr\u00e1fica y un glosario con terminolog\u00eda b\u00e1sica para el conocimiento de nuestra fauna.<\/p>","protected":false},"featured_media":35900,"comment_status":"closed","ping_status":"closed","template":"","meta":{"_acf_changed":false,"om_disable_all_campaigns":false,"_monsterinsights_skip_tracking":false,"_monsterinsights_sitenote_active":false,"_monsterinsights_sitenote_note":"","_monsterinsights_sitenote_category":0},"etheme_brands":[],"product_brand":[],"product_cat":[685,4227],"product_tag":[1753,1752,1149,1007,1749,1762,1743,1750,1744,1766,1193,1767,1081,1754,1763,1764,1768,1192,1751,1765],"class_list":{"0":"post-35899","1":"product","2":"type-product","3":"status-publish","4":"has-post-thumbnail","6":"product_cat-libros","7":"product_cat-libros-infantiles-juveniles","8":"product_tag-carteleras","9":"product_tag-carteles","10":"product_tag-casa","11":"product_tag-chapa","12":"product_tag-chapon","13":"product_tag-club-del-poster","14":"product_tag-decoracion","15":"product_tag-decoration","16":"product_tag-decorativo","17":"product_tag-duro","18":"product_tag-fileteado","19":"product_tag-firme","20":"product_tag-home","21":"product_tag-melaticos","22":"product_tag-metal","23":"product_tag-metalico","24":"product_tag-personalizado","25":"product_tag-porteno","26":"product_tag-poster","27":"product_tag-rigido","29":"first","30":"instock","31":"taxable","32":"shipping-taxable","33":"purchasable","34":"product-type-simple"},"acf":[],"aioseo_notices":[],"_links":{"self":[{"href":"https:\/\/www.argensend.com\/en\/wp-json\/wp\/v2\/product\/35899","targetHints":{"allow":["GET"]}}],"collection":[{"href":"https:\/\/www.argensend.com\/en\/wp-json\/wp\/v2\/product"}],"about":[{"href":"https:\/\/www.argensend.com\/en\/wp-json\/wp\/v2\/types\/product"}],"replies":[{"embeddable":true,"href":"https:\/\/www.argensend.com\/en\/wp-json\/wp\/v2\/comments?post=35899"}],"version-history":[{"count":1,"href":"https:\/\/www.argensend.com\/en\/wp-json\/wp\/v2\/product\/35899\/revisions"}],"predecessor-version":[{"id":67741,"href":"https:\/\/www.argensend.com\/en\/wp-json\/wp\/v2\/product\/35899\/revisions\/67741"}],"wp:featuredmedia":[{"embeddable":true,"href":"https:\/\/www.argensend.com\/en\/wp-json\/wp\/v2\/media\/35900"}],"wp:attachment":[{"href":"https:\/\/www.argensend.com\/en\/wp-json\/wp\/v2\/media?parent=35899"}],"wp:term":[{"taxonomy":"brand","embeddable":true,"href":"https:\/\/www.argensend.com\/en\/wp-json\/wp\/v2\/etheme_brands?post=35899"},{"taxonomy":"product_brand","embeddable":true,"href":"https:\/\/www.argensend.com\/en\/wp-json\/wp\/v2\/product_brand?post=35899"},{"taxonomy":"product_cat","embeddable":true,"href":"https:\/\/www.argensend.com\/en\/wp-json\/wp\/v2\/product_cat?post=35899"},{"taxonomy":"product_tag","embeddable":true,"href":"https:\/\/www.argensend.com\/en\/wp-json\/wp\/v2\/product_tag?post=35899"}],"curies":[{"name":"wp","href":"https:\/\/api.w.org\/{rel}","templated":true}]}}