{"id":35903,"date":"2021-09-25T23:06:01","date_gmt":"2021-09-26T02:06:01","guid":{"rendered":"https:\/\/www.argensend.com\/?post_type=product&#038;p=35903"},"modified":"2024-12-06T16:18:27","modified_gmt":"2024-12-06T19:18:27","slug":"capilatis-shampoo-acodicionador-keratina-hair-therapy","status":"publish","type":"product","link":"https:\/\/www.argensend.com\/en\/product\/capilatis-shampoo-acodicionador-keratina-hair-therapy\/","title":{"rendered":"Capilatis &#8211; Shampoo + Acondicionador con Keratina Vegetal Hair Therapy"},"content":{"rendered":"","protected":false},"excerpt":{"rendered":"<table class=\"andes-table\">\n<tbody class=\"andes-table__body\">\n<tr class=\"andes-table__row\">\n<th class=\"andes-table__header andes-table__header--left ui-pdp-specs__table__column ui-pdp-specs__table__column-title\">Marca<\/th>\n<td class=\"andes-table__column andes-table__column--left ui-pdp-specs__table__column\"><span class=\"andes-table__column--value\">Capilatis<\/span><\/td>\n<\/tr>\n<tr class=\"andes-table__row\">\n<th class=\"andes-table__header andes-table__header--left ui-pdp-specs__table__column ui-pdp-specs__table__column-title\">L\u00ednea<\/th>\n<td class=\"andes-table__column andes-table__column--left ui-pdp-specs__table__column\"><span class=\"andes-table__column--value\">Hair Therapy<\/span><\/td>\n<\/tr>\n<tr class=\"andes-table__row\">\n<th class=\"andes-table__header andes-table__header--left ui-pdp-specs__table__column ui-pdp-specs__table__column-title\">Nombre<\/th>\n<td class=\"andes-table__column andes-table__column--left ui-pdp-specs__table__column\"><span class=\"andes-table__column--value\">Keratina<\/span><\/td>\n<\/tr>\n<tr class=\"andes-table__row\">\n<th class=\"andes-table__header andes-table__header--left ui-pdp-specs__table__column ui-pdp-specs__table__column-title\">Tipo<\/th>\n<td class=\"andes-table__column andes-table__column--left ui-pdp-specs__table__column\"><span class=\"andes-table__column--value\">Shampoo<\/span><\/td>\n<\/tr>\n<tr class=\"andes-table__row\">\n<th class=\"andes-table__header andes-table__header--left ui-pdp-specs__table__column ui-pdp-specs__table__column-title\">Presentaci\u00f3n<\/th>\n<td class=\"andes-table__column andes-table__column--left ui-pdp-specs__table__column\"><span class=\"andes-table__column--value\">Botella<\/span><\/td>\n<\/tr>\n<tr class=\"andes-table__row\">\n<th class=\"andes-table__header andes-table__header--left ui-pdp-specs__table__column ui-pdp-specs__table__column-title\">Contenido total en volumen<\/th>\n<td class=\"andes-table__column andes-table__column--left ui-pdp-specs__table__column\"><span class=\"andes-table__column--value\">350 mL<\/span><\/td>\n<\/tr>\n<tr class=\"andes-table__row\">\n<th class=\"andes-table__header andes-table__header--left ui-pdp-specs__table__column ui-pdp-specs__table__column-title\">Contenido total en volumen del kit<\/th>\n<td class=\"andes-table__column andes-table__column--left ui-pdp-specs__table__column\"><span class=\"andes-table__column--value\">700 mL<\/span><\/td>\n<\/tr>\n<tr class=\"andes-table__row\">\n<th class=\"andes-table__header andes-table__header--left ui-pdp-specs__table__column ui-pdp-specs__table__column-title\">Formato de venta<\/th>\n<td class=\"andes-table__column andes-table__column--left ui-pdp-specs__table__column\"><span class=\"andes-table__column--value\">Pack<\/span><\/td>\n<\/tr>\n<tr class=\"andes-table__row\">\n<th class=\"andes-table__header andes-table__header--left ui-pdp-specs__table__column ui-pdp-specs__table__column-title\">Unidades por pack<\/th>\n<td class=\"andes-table__column andes-table__column--left ui-pdp-specs__table__column\"><span class=\"andes-table__column--value\">2<\/span><\/td>\n<\/tr>\n<\/tbody>\n<\/table>\n<p>Descripci\u00f3n:<br \/>\nCapilatis, Keratina, Hair Therapy.<\/p>\n<p>Ideal para cabellos muy da\u00f1ados, tratados con color o alisados.<\/p>\n<p>La exclusiva l\u00ednea de tratamiento CAPILATIS HAIR THERAPY \u00ae CON KERATINA VEGETAL ha sido especialmente dise\u00f1ada para recuperar la salud de las fibras capilares deterioradas. Normaliza la estructura de los cabellos extremadamente da\u00f1ados o tratados qu\u00edmicamente y ayuda a mantener el alisado del cabello.<br \/>\n*SIN SAL (Cloruro de Sodio) libre de cloruro de sodio (sal) y apto para uso diario, asegura una higiene perfecta y NO agresiva.<br \/>\nEnriquecido con keratina vegetal que reconstituye al cabello da\u00f1ado devolvi\u00e9ndole su textura,reduciendo su fragilidad y brindando un aspecto sano y brillante desde las ra\u00edces hasta las puntas.<\/p>\n<p>INCLUYE:<br \/>\nShampoo con Keratina Nutrici\u00f3n profunda (apto para uso diario que asegura una higiene perfecta y no agresiva. Su f\u00f3rmula libre de cloruro de sodio es ideal para el cuidado de los cabellos tratados qu\u00edmicamente).<br \/>\nAcondicionador con Keratina Nutrici\u00f3n profunda (de efecto instant\u00e1neo que dispone la perfecta alineaci\u00f3n del cabello volvi\u00e9ndolo d\u00f3cil, f\u00e1cil de peinar, sin frizz y con intenso brillo).<\/p>\n<p>&#8211;<\/p>\n<p><em>EN:<br \/>\n<\/em>Description:<br \/>\nCapilatis, Keratin, Hair Therapy.<\/p>\n<p>Ideal for very damaged, color-treated or straightened hair.<\/p>\n<p>The exclusive treatment line CAPILATIS HAIR THERAPY \u00ae WITH VEGETAL KERATIN has been specially designed to restore the health of damaged hair fibers. It normalizes the structure of extremely damaged or chemically treated hair and helps maintain hair straightening.<br \/>\n*SALT FREE (Sodium Chloride) free of sodium chloride (salt) and suitable for daily use, it ensures a perfect and NON-aggressive hygiene.<br \/>\nEnriched with vegetable keratin that reconstitutes damaged hair restoring its texture,reducing its fragility and providing a healthy and shiny look from roots to ends.<\/p>\n<p>INCLUDES:<br \/>\nShampoo with Keratin Deep Nutrition (suitable for daily use that ensures a perfect and non-aggressive hygiene. Its sodium chloride free formula is ideal for the care of chemically treated hair).<br \/>\nConditioner with Keratin Deep Nutrition (with instant effect that provides perfect alignment of the hair making it docile, easy to comb, frizz-free and with intense shine).<\/p>","protected":false},"featured_media":35904,"comment_status":"closed","ping_status":"closed","template":"","meta":{"_acf_changed":false,"om_disable_all_campaigns":false,"_monsterinsights_skip_tracking":false,"_monsterinsights_sitenote_active":false,"_monsterinsights_sitenote_note":"","_monsterinsights_sitenote_category":0},"etheme_brands":[],"product_brand":[],"product_cat":[8819,8820],"product_tag":[5427,41,8950,4080,6504,3931,8978,7712,3925,8977,4655,1615],"class_list":{"0":"post-35903","1":"product","2":"type-product","3":"status-publish","4":"has-post-thumbnail","6":"product_cat-farmacia","7":"product_cat-jabones-y-shampoo","8":"product_tag-acondicionador","9":"product_tag-autumn","10":"product_tag-capilatis","11":"product_tag-con","12":"product_tag-conditioner","13":"product_tag-hair","14":"product_tag-keratin","15":"product_tag-keratina","16":"product_tag-shampoo","17":"product_tag-therapy","18":"product_tag-vegetable","19":"product_tag-vegetal","21":"first","22":"instock","23":"taxable","24":"shipping-taxable","25":"purchasable","26":"product-type-simple"},"acf":[],"aioseo_notices":[],"_links":{"self":[{"href":"https:\/\/www.argensend.com\/en\/wp-json\/wp\/v2\/product\/35903","targetHints":{"allow":["GET"]}}],"collection":[{"href":"https:\/\/www.argensend.com\/en\/wp-json\/wp\/v2\/product"}],"about":[{"href":"https:\/\/www.argensend.com\/en\/wp-json\/wp\/v2\/types\/product"}],"replies":[{"embeddable":true,"href":"https:\/\/www.argensend.com\/en\/wp-json\/wp\/v2\/comments?post=35903"}],"version-history":[{"count":4,"href":"https:\/\/www.argensend.com\/en\/wp-json\/wp\/v2\/product\/35903\/revisions"}],"predecessor-version":[{"id":94885,"href":"https:\/\/www.argensend.com\/en\/wp-json\/wp\/v2\/product\/35903\/revisions\/94885"}],"wp:featuredmedia":[{"embeddable":true,"href":"https:\/\/www.argensend.com\/en\/wp-json\/wp\/v2\/media\/35904"}],"wp:attachment":[{"href":"https:\/\/www.argensend.com\/en\/wp-json\/wp\/v2\/media?parent=35903"}],"wp:term":[{"taxonomy":"brand","embeddable":true,"href":"https:\/\/www.argensend.com\/en\/wp-json\/wp\/v2\/etheme_brands?post=35903"},{"taxonomy":"product_brand","embeddable":true,"href":"https:\/\/www.argensend.com\/en\/wp-json\/wp\/v2\/product_brand?post=35903"},{"taxonomy":"product_cat","embeddable":true,"href":"https:\/\/www.argensend.com\/en\/wp-json\/wp\/v2\/product_cat?post=35903"},{"taxonomy":"product_tag","embeddable":true,"href":"https:\/\/www.argensend.com\/en\/wp-json\/wp\/v2\/product_tag?post=35903"}],"curies":[{"name":"wp","href":"https:\/\/api.w.org\/{rel}","templated":true}]}}