{"id":35908,"date":"2021-09-25T23:14:16","date_gmt":"2021-09-26T02:14:16","guid":{"rendered":"https:\/\/www.argensend.com\/?post_type=product&#038;p=35908"},"modified":"2024-12-06T16:18:28","modified_gmt":"2024-12-06T19:18:28","slug":"capilatis-shampo-balsamo-tratamiento-oleo-natural-oil-argan","status":"publish","type":"product","link":"https:\/\/www.argensend.com\/en\/product\/capilatis-shampo-balsamo-tratamiento-oleo-natural-oil-argan\/","title":{"rendered":"Capilatis &#8211; Shampoo + B\u00e1lsamo + Tratamiento"},"content":{"rendered":"","protected":false},"excerpt":{"rendered":"<p>CONTIENE :<br \/>\n1 SHAMPOO 420ML<br \/>\n1 BALSAMO 420ML<br \/>\n1 TRATAMIENTO CAPILAR 170ML<\/p>\n<p>La l\u00ednea Capilatis Natural Oil est\u00e1 formulada con Arg\u00e1n de Marruecos y Aceites Naturales de Coco y Jojoba para brindar nutrici\u00f3n instant\u00e1nea. Repara, nutre y protege los cabellos extremadamente secos, apagados y d\u00e9biles.<br \/>\n|| PRODUCTOS LIBRES DE SAL, PARABENOS Y COLORANTES ||<br \/>\nCapilatis NO Testea en animales: Certificaci\u00f3n PeTA Cruelty-Free.<\/p>","protected":false},"featured_media":83920,"comment_status":"closed","ping_status":"closed","template":"","meta":{"_acf_changed":false,"om_disable_all_campaigns":false,"_monsterinsights_skip_tracking":false,"_monsterinsights_sitenote_active":false,"_monsterinsights_sitenote_note":"","_monsterinsights_sitenote_category":0},"etheme_brands":[],"product_brand":[],"product_cat":[8819,8820,8818],"product_tag":[437,4668,8987,5426,3246,1022,6501,8950,3931,4247,4257,946,1868,3928,3925,7697,8988],"class_list":{"0":"post-35908","1":"product","2":"type-product","3":"status-publish","4":"has-post-thumbnail","6":"product_cat-farmacia","7":"product_cat-jabones-y-shampoo","8":"product_cat-perfumeria","9":"product_tag-aceite","10":"product_tag-argan","11":"product_tag-balsam","12":"product_tag-balsamo","13":"product_tag-beauty","14":"product_tag-cabello","15":"product_tag-capilar","16":"product_tag-capilatis","17":"product_tag-hair","18":"product_tag-health","19":"product_tag-healthy","20":"product_tag-natural","21":"product_tag-oleo","22":"product_tag-pelo","23":"product_tag-shampoo","24":"product_tag-tratamiento","25":"product_tag-treatment","27":"first","28":"instock","29":"taxable","30":"shipping-taxable","31":"purchasable","32":"product-type-simple"},"acf":[],"aioseo_notices":[],"_links":{"self":[{"href":"https:\/\/www.argensend.com\/en\/wp-json\/wp\/v2\/product\/35908","targetHints":{"allow":["GET"]}}],"collection":[{"href":"https:\/\/www.argensend.com\/en\/wp-json\/wp\/v2\/product"}],"about":[{"href":"https:\/\/www.argensend.com\/en\/wp-json\/wp\/v2\/types\/product"}],"replies":[{"embeddable":true,"href":"https:\/\/www.argensend.com\/en\/wp-json\/wp\/v2\/comments?post=35908"}],"version-history":[{"count":4,"href":"https:\/\/www.argensend.com\/en\/wp-json\/wp\/v2\/product\/35908\/revisions"}],"predecessor-version":[{"id":83921,"href":"https:\/\/www.argensend.com\/en\/wp-json\/wp\/v2\/product\/35908\/revisions\/83921"}],"wp:featuredmedia":[{"embeddable":true,"href":"https:\/\/www.argensend.com\/en\/wp-json\/wp\/v2\/media\/83920"}],"wp:attachment":[{"href":"https:\/\/www.argensend.com\/en\/wp-json\/wp\/v2\/media?parent=35908"}],"wp:term":[{"taxonomy":"brand","embeddable":true,"href":"https:\/\/www.argensend.com\/en\/wp-json\/wp\/v2\/etheme_brands?post=35908"},{"taxonomy":"product_brand","embeddable":true,"href":"https:\/\/www.argensend.com\/en\/wp-json\/wp\/v2\/product_brand?post=35908"},{"taxonomy":"product_cat","embeddable":true,"href":"https:\/\/www.argensend.com\/en\/wp-json\/wp\/v2\/product_cat?post=35908"},{"taxonomy":"product_tag","embeddable":true,"href":"https:\/\/www.argensend.com\/en\/wp-json\/wp\/v2\/product_tag?post=35908"}],"curies":[{"name":"wp","href":"https:\/\/api.w.org\/{rel}","templated":true}]}}