{"id":35912,"date":"2021-09-25T23:24:21","date_gmt":"2021-09-26T02:24:21","guid":{"rendered":"https:\/\/www.argensend.com\/?post_type=product&#038;p=35912"},"modified":"2024-12-06T16:18:28","modified_gmt":"2024-12-06T19:18:28","slug":"linea-capilatis-organica-shampoo-acondicionador-y-crema","status":"publish","type":"product","link":"https:\/\/www.argensend.com\/en\/product\/linea-capilatis-organica-shampoo-acondicionador-y-crema\/","title":{"rendered":"Capilatis &#8211; Organica Shampoo + Acondicionador + Crema"},"content":{"rendered":"","protected":false},"excerpt":{"rendered":"<h2 class=\"ui-pdp-description__title\">Descripci\u00f3n<\/h2>\n<p class=\"ui-pdp-description__content\">L\u00ednea con Aloe vera 100% Org\u00e1nico &#8211; Hidrataci\u00f3n Intensa<br \/>\nF\u00f3rmula respetuosa de alto rendimiento, en armon\u00eda con la naturaleza y el medio ambiente. Creada con ingredientes puros de origen natural, para devolverle al cabello su grado de hidrataci\u00f3n ideal.<br \/>\nEl Aloe vera puro 100% Org\u00e1nico Eco-certificado, es rico en elevadas concentraciones de Vitaminas, Prote\u00ednas, Amino\u00e1cidos y Minerales. Revela la belleza de cabellos deshidratados y opacos, devolviendo la suavidad y aportando movimiento natural.<br \/>\nEco Certificado. Productos apto veganos. Sin sal, sin parabenos, sin colorantes. PETA Cruelty free. NO testeado en animales. Consumo responsable y respeto por el medio ambiente.<\/p>\n<p>B\u00e1lsamo con Aloe Vera Org\u00e1nico<br \/>\nDise\u00f1ado con agentes acondicionadores de m\u00e1ximo poder desenredante que act\u00faan progresivamente humectando la fibra capilar, devolvi\u00e9ndole fuerza y elasticidad a los cabellos secos.<br \/>\nSIN PARABENOS \u2013 SIN COLORANTES<\/p>\n<p>Shampoo con Aloe Vera Org\u00e1nico<br \/>\nBrinda una limpieza delicada y a la vez profunda; revela la belleza de cabellos deshidratados y opacos, devolviendo la suavidad y aportando movimiento natural.<br \/>\nSIN SAL \u2013 SIN PARABENOS \u2013 SIN COLORANTES<\/p>\n<p>Tratamiento Capilar con Aloe Vera Org\u00e1nico<br \/>\nRico en elevadas concentraciones de nutrientes esenciales que restauran la belleza a los cabellos secos. Renueva la humedad al instante e imparte beneficios inmediatos: docilidad, brillo, elasticidad y movimiento.<br \/>\nSIN PARABENOS \u2013 SIN COLORANTES.<\/p>","protected":false},"featured_media":52189,"comment_status":"closed","ping_status":"closed","template":"","meta":{"_acf_changed":false,"om_disable_all_campaigns":false,"_monsterinsights_skip_tracking":false,"_monsterinsights_sitenote_active":false,"_monsterinsights_sitenote_note":"","_monsterinsights_sitenote_category":0},"etheme_brands":[],"product_brand":[],"product_cat":[8820],"product_tag":[456,463,462],"class_list":{"0":"post-35912","1":"product","2":"type-product","3":"status-publish","4":"has-post-thumbnail","6":"product_cat-jabones-y-shampoo","7":"product_tag-crema","8":"product_tag-crema-para-bebes","9":"product_tag-hipoglos","11":"first","12":"instock","13":"taxable","14":"shipping-taxable","15":"purchasable","16":"product-type-simple"},"acf":[],"aioseo_notices":[],"_links":{"self":[{"href":"https:\/\/www.argensend.com\/en\/wp-json\/wp\/v2\/product\/35912","targetHints":{"allow":["GET"]}}],"collection":[{"href":"https:\/\/www.argensend.com\/en\/wp-json\/wp\/v2\/product"}],"about":[{"href":"https:\/\/www.argensend.com\/en\/wp-json\/wp\/v2\/types\/product"}],"replies":[{"embeddable":true,"href":"https:\/\/www.argensend.com\/en\/wp-json\/wp\/v2\/comments?post=35912"}],"version-history":[{"count":1,"href":"https:\/\/www.argensend.com\/en\/wp-json\/wp\/v2\/product\/35912\/revisions"}],"predecessor-version":[{"id":74935,"href":"https:\/\/www.argensend.com\/en\/wp-json\/wp\/v2\/product\/35912\/revisions\/74935"}],"wp:featuredmedia":[{"embeddable":true,"href":"https:\/\/www.argensend.com\/en\/wp-json\/wp\/v2\/media\/52189"}],"wp:attachment":[{"href":"https:\/\/www.argensend.com\/en\/wp-json\/wp\/v2\/media?parent=35912"}],"wp:term":[{"taxonomy":"brand","embeddable":true,"href":"https:\/\/www.argensend.com\/en\/wp-json\/wp\/v2\/etheme_brands?post=35912"},{"taxonomy":"product_brand","embeddable":true,"href":"https:\/\/www.argensend.com\/en\/wp-json\/wp\/v2\/product_brand?post=35912"},{"taxonomy":"product_cat","embeddable":true,"href":"https:\/\/www.argensend.com\/en\/wp-json\/wp\/v2\/product_cat?post=35912"},{"taxonomy":"product_tag","embeddable":true,"href":"https:\/\/www.argensend.com\/en\/wp-json\/wp\/v2\/product_tag?post=35912"}],"curies":[{"name":"wp","href":"https:\/\/api.w.org\/{rel}","templated":true}]}}