{"id":35914,"date":"2021-09-25T23:31:16","date_gmt":"2021-09-26T02:31:16","guid":{"rendered":"https:\/\/www.argensend.com\/?post_type=product&#038;p=35914"},"modified":"2024-12-06T16:18:28","modified_gmt":"2024-12-06T19:18:28","slug":"capilatis-locion-capilar-anti-caida-70-ml","status":"publish","type":"product","link":"https:\/\/www.argensend.com\/en\/product\/capilatis-locion-capilar-anti-caida-70-ml\/","title":{"rendered":"Capilatis &#8211; Loci\u00f3n Innova Ca\u00edda de Cabello 70ml"},"content":{"rendered":"","protected":false},"excerpt":{"rendered":"<p>Descipci\u00f3n:<br \/>\nLoci\u00f3n T\u00f3nica Capilar, logra mejorar la oxigenaci\u00f3n y nutrici\u00f3n del cabello, ayuda a detener progresivamente la ca\u00edda y prolonga el ciclo de vida de cabellos m\u00e1s fuertes y vigorosos. Nutre, fortalece, restaura y posibilita el crecimiento de cabellos m\u00e1s resistentes. Estimula la microcirculaci\u00f3n sangu\u00ednea a nivel del bulbo piloso y permite que los vasos sangu\u00edneos aporten los nutrientes necesarios para recuperar las caracter\u00edsticas de un cabello sano. Favorece el normal crecimiento de cabellos saludables y vigorosos, restablece los niveles de nutrientes perdidos, participa en el desarrollo pr\u00f3spero de los fol\u00edculos y ayuda a detener progresivamente la ca\u00edda del cabello. Se recomienda lavar previamente con el Shampoo adecuado al tipo de cabello, aplicar la loci\u00f3n sobre el cuero cabelludo h\u00famedo y modelar como de costumbre sin enjuagar. Se sugiere repetir la aplicaci\u00f3n tres veces por semana empleando la t\u00e9cnica de masaje capilar recomendada. Con el uso frecuente, la L\u00ednea Capilatis\u00ae contribuye a detener la ca\u00edda y a prolongar el ciclo de vida de cabellos m\u00e1s fuertes y vigorosos.<\/p>\n<p><em>EN:<br \/>\n<\/em>Description:<br \/>\nHair Tonic Lotion, manages to improve hair oxygenation and nutrition, helps to progressively stop hair loss and prolongs the life cycle of stronger and more vigorous hair. Nourishes, strengthens, restores and enables the growth of more resistant hair. Stimulates blood microcirculation at the hair bulb level and allows the blood vessels to supply the necessary nutrients to recover the characteristics of healthy hair. It promotes the normal growth of healthy and vigorous hair, restores lost nutrient levels, participates in the prosperous development of follicles and helps to progressively stop hair loss. It is recommended to wash previously with the Shampoo suitable for the type of hair, apply the lotion on the wet scalp and style as usual without rinsing. It is suggested to repeat the application three times a week using the recommended hair massage technique. With frequent use, the Capilatis\u00ae Line contributes to stop hair loss and to prolong the life cycle of stronger and more vigorous hair.<\/p>","protected":false},"featured_media":76998,"comment_status":"closed","ping_status":"closed","template":"","meta":{"_acf_changed":false,"om_disable_all_campaigns":false,"_monsterinsights_skip_tracking":false,"_monsterinsights_sitenote_active":false,"_monsterinsights_sitenote_note":"","_monsterinsights_sitenote_category":0},"etheme_brands":[],"product_brand":[],"product_cat":[8819],"product_tag":[1014,1863,3246,1612,1022,3927,6501,8950,68,2980,8923,3931,4247,4257,8957,1849,3932,8956,273,914,3928,8924,807,3289,3290],"class_list":{"0":"post-35914","1":"product","2":"type-product","3":"status-publish","4":"has-post-thumbnail","6":"product_cat-farmacia","7":"product_tag-1014","8":"product_tag-anti","9":"product_tag-beauty","10":"product_tag-belleza","11":"product_tag-cabello","12":"product_tag-caida","13":"product_tag-capilar","14":"product_tag-capilatis","15":"product_tag-de","16":"product_tag-del","17":"product_tag-farmacia","18":"product_tag-hair","19":"product_tag-health","20":"product_tag-healthy","21":"product_tag-innova","22":"product_tag-locion","23":"product_tag-loss","24":"product_tag-lotion","25":"product_tag-mililitros","26":"product_tag-ml","27":"product_tag-pelo","28":"product_tag-pharmacy","29":"product_tag-salud","30":"product_tag-tonic","31":"product_tag-tonica","33":"first","34":"instock","35":"taxable","36":"shipping-taxable","37":"purchasable","38":"product-type-simple"},"acf":[],"aioseo_notices":[],"_links":{"self":[{"href":"https:\/\/www.argensend.com\/en\/wp-json\/wp\/v2\/product\/35914","targetHints":{"allow":["GET"]}}],"collection":[{"href":"https:\/\/www.argensend.com\/en\/wp-json\/wp\/v2\/product"}],"about":[{"href":"https:\/\/www.argensend.com\/en\/wp-json\/wp\/v2\/types\/product"}],"replies":[{"embeddable":true,"href":"https:\/\/www.argensend.com\/en\/wp-json\/wp\/v2\/comments?post=35914"}],"version-history":[{"count":5,"href":"https:\/\/www.argensend.com\/en\/wp-json\/wp\/v2\/product\/35914\/revisions"}],"predecessor-version":[{"id":101548,"href":"https:\/\/www.argensend.com\/en\/wp-json\/wp\/v2\/product\/35914\/revisions\/101548"}],"wp:featuredmedia":[{"embeddable":true,"href":"https:\/\/www.argensend.com\/en\/wp-json\/wp\/v2\/media\/76998"}],"wp:attachment":[{"href":"https:\/\/www.argensend.com\/en\/wp-json\/wp\/v2\/media?parent=35914"}],"wp:term":[{"taxonomy":"brand","embeddable":true,"href":"https:\/\/www.argensend.com\/en\/wp-json\/wp\/v2\/etheme_brands?post=35914"},{"taxonomy":"product_brand","embeddable":true,"href":"https:\/\/www.argensend.com\/en\/wp-json\/wp\/v2\/product_brand?post=35914"},{"taxonomy":"product_cat","embeddable":true,"href":"https:\/\/www.argensend.com\/en\/wp-json\/wp\/v2\/product_cat?post=35914"},{"taxonomy":"product_tag","embeddable":true,"href":"https:\/\/www.argensend.com\/en\/wp-json\/wp\/v2\/product_tag?post=35914"}],"curies":[{"name":"wp","href":"https:\/\/api.w.org\/{rel}","templated":true}]}}