{"id":35917,"date":"2021-09-25T23:34:40","date_gmt":"2021-09-26T02:34:40","guid":{"rendered":"https:\/\/www.argensend.com\/?post_type=product&#038;p=35917"},"modified":"2024-12-06T16:18:28","modified_gmt":"2024-12-06T19:18:28","slug":"capilatis-shampoo-innovacion-caida-de-cabellos-260-ml","status":"publish","type":"product","link":"https:\/\/www.argensend.com\/en\/product\/capilatis-shampoo-innovacion-caida-de-cabellos-260-ml\/","title":{"rendered":"Capilatis &#8211; Shampoo Innova Ca\u00edda de Cabellos 260ml"},"content":{"rendered":"","protected":false},"excerpt":{"rendered":"<section class=\"product-description-container\">\n<div class=\"product-description active\">\n<div class=\"productDescription\">\n<p>Descripci\u00f3n:<br \/>\nFortalece la fibra capilar y contribuye a la oxigenaci\u00f3n del bulbo capilar, logrando una profunda limpieza. Sus componentes naturales penetran en el cabello, hidrat\u00e1ndolo en profundidad y forman un film protector que lo fortalece, d\u00e1ndole m\u00e1s cuerpo y brillo. Con el uso frecuente, este Shampoo contribuye a detener la ca\u00edda del cabello.<\/p>\n<\/div>\n<div class=\"product-modules\"><\/div>\n<\/div>\n<\/section>\n<section class=\"product-footer\">\n<section class=\"snippets-product\"><\/section>\n<section class=\"related-product\">\n<div class=\"section-container active\"><\/div>\n<\/section>\n<\/section>","protected":false},"featured_media":35918,"comment_status":"closed","ping_status":"closed","template":"","meta":{"_acf_changed":false,"om_disable_all_campaigns":false,"_monsterinsights_skip_tracking":false,"_monsterinsights_sitenote_active":false,"_monsterinsights_sitenote_note":"","_monsterinsights_sitenote_category":0},"etheme_brands":[],"product_brand":[],"product_cat":[8819,8820],"product_tag":[8986,1022,8984,3927,8950,68,2980,3931,8957,8985,3932,914,3928,3925],"class_list":{"0":"post-35917","1":"product","2":"type-product","3":"status-publish","4":"has-post-thumbnail","6":"product_cat-farmacia","7":"product_cat-jabones-y-shampoo","8":"product_tag-8986","9":"product_tag-cabello","10":"product_tag-cabellos","11":"product_tag-caida","12":"product_tag-capilatis","13":"product_tag-de","14":"product_tag-del","15":"product_tag-hair","16":"product_tag-innova","17":"product_tag-innovation","18":"product_tag-loss","19":"product_tag-ml","20":"product_tag-pelo","21":"product_tag-shampoo","23":"first","24":"instock","25":"taxable","26":"shipping-taxable","27":"purchasable","28":"product-type-simple"},"acf":[],"aioseo_notices":[],"_links":{"self":[{"href":"https:\/\/www.argensend.com\/en\/wp-json\/wp\/v2\/product\/35917","targetHints":{"allow":["GET"]}}],"collection":[{"href":"https:\/\/www.argensend.com\/en\/wp-json\/wp\/v2\/product"}],"about":[{"href":"https:\/\/www.argensend.com\/en\/wp-json\/wp\/v2\/types\/product"}],"replies":[{"embeddable":true,"href":"https:\/\/www.argensend.com\/en\/wp-json\/wp\/v2\/comments?post=35917"}],"version-history":[{"count":5,"href":"https:\/\/www.argensend.com\/en\/wp-json\/wp\/v2\/product\/35917\/revisions"}],"predecessor-version":[{"id":101549,"href":"https:\/\/www.argensend.com\/en\/wp-json\/wp\/v2\/product\/35917\/revisions\/101549"}],"wp:featuredmedia":[{"embeddable":true,"href":"https:\/\/www.argensend.com\/en\/wp-json\/wp\/v2\/media\/35918"}],"wp:attachment":[{"href":"https:\/\/www.argensend.com\/en\/wp-json\/wp\/v2\/media?parent=35917"}],"wp:term":[{"taxonomy":"brand","embeddable":true,"href":"https:\/\/www.argensend.com\/en\/wp-json\/wp\/v2\/etheme_brands?post=35917"},{"taxonomy":"product_brand","embeddable":true,"href":"https:\/\/www.argensend.com\/en\/wp-json\/wp\/v2\/product_brand?post=35917"},{"taxonomy":"product_cat","embeddable":true,"href":"https:\/\/www.argensend.com\/en\/wp-json\/wp\/v2\/product_cat?post=35917"},{"taxonomy":"product_tag","embeddable":true,"href":"https:\/\/www.argensend.com\/en\/wp-json\/wp\/v2\/product_tag?post=35917"}],"curies":[{"name":"wp","href":"https:\/\/api.w.org\/{rel}","templated":true}]}}