{"id":35953,"date":"2021-09-26T10:01:30","date_gmt":"2021-09-26T13:01:30","guid":{"rendered":"https:\/\/www.argensend.com\/?post_type=product&#038;p=35953"},"modified":"2024-12-06T16:18:32","modified_gmt":"2024-12-06T19:18:32","slug":"rock-is-here-buenos-aires-marcelo-lamela","status":"publish","type":"product","link":"https:\/\/www.argensend.com\/en\/product\/rock-is-here-buenos-aires-marcelo-lamela\/","title":{"rendered":"Rock Is Here &#8211; Buenos Aires  Marcelo Lamela"},"content":{"rendered":"","protected":false},"excerpt":{"rendered":"<p>Los primeros rockeros argentinos tomaron la m\u00fasica que llegaba de Estados Unidos y, fundamentalmente, de Inglaterra para moldear un sonido propio -y un mensaje claro y \u00fanico a partir de componer las letras en su idioma-, que convirti\u00f3 a Buenos Aires, d\u00e9cada tras d\u00e9cada, en la ciudad de habla hispana m\u00e1s importante del movimiento.<br \/>\nEsta gu\u00eda conduce a m\u00e1s de cien lugares en los que se desarroll\u00f3 y vibra la historia del rock argentino: casas, estudios de grabaci\u00f3n, plazas, bares, estadios, teatros, donde se compusieron canciones inmortales, se grabaron discos eternos, se formaron bandas legendarias o se produjeron actuaciones inolvidables.<br \/>\n\u00bfEn qu\u00e9 lugar de Buenos Aires Patricio Rey y sus Redonditos de Ricota presentaron Oktubre? \u00bfD\u00f3nde hizo su primer show Soda Stereo? \u00bfEn qu\u00e9 espacio m\u00edtico Tanguito compuso &#8220;La balsa&#8221;? \u00bfC\u00f3mo ubicar los escenarios de los recitales m\u00e1s emblem\u00e1ticos de Charly Garc\u00eda? \u00bfD\u00f3nde queda el que fue el bar favorito de Luca Prodan? \u00bfCu\u00e1les son los sitios que recuerdan a Luis Alberto Spinetta?<br \/>\nTambi\u00e9n est\u00e1n aqu\u00ed aquellos lugares relacionados con los artistas extranjeros que visitaron la ciudad: Queen, Nirvana, Paul McCartney, David Bowie, The Rolling Stones, entre muchos otros.<br \/>\nCon lenguaje directo e informaci\u00f3n completa y actualizada, la gu\u00eda se organiza por barrios y detalla c\u00f3mo llegar a cada lugar. Tambi\u00e9n descubre sitios y artistas no tan conocidos. Se trata de un recorrido fascinante por espacios, personas y sucesos que inspiraron a millones; lugares bellos por s\u00ed mismos o por lo que se cre\u00f3 all\u00ed, sin olvidar, por ejemplo, aquel donde se produjo la tragedia m\u00e1s grande relacionada con la m\u00fasica en la ciudad.<\/p>","protected":false},"featured_media":35954,"comment_status":"closed","ping_status":"closed","template":"","meta":{"_acf_changed":false,"om_disable_all_campaigns":false,"_monsterinsights_skip_tracking":false,"_monsterinsights_sitenote_active":false,"_monsterinsights_sitenote_note":"","_monsterinsights_sitenote_category":0},"etheme_brands":[],"product_brand":[],"product_cat":[685],"product_tag":[1753,1752,1149,1007,1749,1743,1750,1766,1767,1081,1763,1768,1192],"class_list":{"0":"post-35953","1":"product","2":"type-product","3":"status-publish","4":"has-post-thumbnail","6":"product_cat-libros","7":"product_tag-carteleras","8":"product_tag-carteles","9":"product_tag-casa","10":"product_tag-chapa","11":"product_tag-chapon","12":"product_tag-decoracion","13":"product_tag-decoration","14":"product_tag-duro","15":"product_tag-firme","16":"product_tag-home","17":"product_tag-metal","18":"product_tag-personalizado","19":"product_tag-porteno","21":"first","22":"instock","23":"taxable","24":"shipping-taxable","25":"purchasable","26":"product-type-simple"},"acf":[],"aioseo_notices":[],"_links":{"self":[{"href":"https:\/\/www.argensend.com\/en\/wp-json\/wp\/v2\/product\/35953","targetHints":{"allow":["GET"]}}],"collection":[{"href":"https:\/\/www.argensend.com\/en\/wp-json\/wp\/v2\/product"}],"about":[{"href":"https:\/\/www.argensend.com\/en\/wp-json\/wp\/v2\/types\/product"}],"replies":[{"embeddable":true,"href":"https:\/\/www.argensend.com\/en\/wp-json\/wp\/v2\/comments?post=35953"}],"version-history":[{"count":2,"href":"https:\/\/www.argensend.com\/en\/wp-json\/wp\/v2\/product\/35953\/revisions"}],"predecessor-version":[{"id":105145,"href":"https:\/\/www.argensend.com\/en\/wp-json\/wp\/v2\/product\/35953\/revisions\/105145"}],"wp:featuredmedia":[{"embeddable":true,"href":"https:\/\/www.argensend.com\/en\/wp-json\/wp\/v2\/media\/35954"}],"wp:attachment":[{"href":"https:\/\/www.argensend.com\/en\/wp-json\/wp\/v2\/media?parent=35953"}],"wp:term":[{"taxonomy":"brand","embeddable":true,"href":"https:\/\/www.argensend.com\/en\/wp-json\/wp\/v2\/etheme_brands?post=35953"},{"taxonomy":"product_brand","embeddable":true,"href":"https:\/\/www.argensend.com\/en\/wp-json\/wp\/v2\/product_brand?post=35953"},{"taxonomy":"product_cat","embeddable":true,"href":"https:\/\/www.argensend.com\/en\/wp-json\/wp\/v2\/product_cat?post=35953"},{"taxonomy":"product_tag","embeddable":true,"href":"https:\/\/www.argensend.com\/en\/wp-json\/wp\/v2\/product_tag?post=35953"}],"curies":[{"name":"wp","href":"https:\/\/api.w.org\/{rel}","templated":true}]}}