{"id":36007,"date":"2021-09-27T14:22:31","date_gmt":"2021-09-27T17:22:31","guid":{"rendered":"https:\/\/www.argensend.com\/?post_type=product&#038;p=36007"},"modified":"2024-12-06T16:18:34","modified_gmt":"2024-12-06T19:18:34","slug":"juego-de-mesa-el-juego-de-la-vida-life","status":"publish","type":"product","link":"https:\/\/www.argensend.com\/en\/product\/juego-de-mesa-el-juego-de-la-vida-life\/","title":{"rendered":"El Juego de la Vida Life"},"content":{"rendered":"","protected":false},"excerpt":{"rendered":"<p>\u00bfTe casar\u00e1s? \u00bfTendr\u00e1s hijos? \u00bfSer\u00e1s millonario o estar\u00e1s en bancarrota? Sub\u00ed a tu autito, gir\u00e1 la ruleta y comenz\u00e1 el recorrido por el Juego de la Vida. Deber\u00e1s tomar decisiones emocionantes para descubrir qu\u00e9 depara tu futuro. \u00a1A vivir la vida!<\/p>","protected":false},"featured_media":36009,"comment_status":"closed","ping_status":"closed","template":"","meta":{"_acf_changed":false,"om_disable_all_campaigns":false,"_monsterinsights_skip_tracking":false,"_monsterinsights_sitenote_active":false,"_monsterinsights_sitenote_note":"","_monsterinsights_sitenote_category":0},"etheme_brands":[],"product_brand":[],"product_cat":[2236],"product_tag":[],"class_list":{"0":"post-36007","1":"product","2":"type-product","3":"status-publish","4":"has-post-thumbnail","6":"product_cat-juegos-mesa","8":"first","9":"instock","10":"taxable","11":"shipping-taxable","12":"purchasable","13":"product-type-simple"},"acf":[],"aioseo_notices":[],"_links":{"self":[{"href":"https:\/\/www.argensend.com\/en\/wp-json\/wp\/v2\/product\/36007","targetHints":{"allow":["GET"]}}],"collection":[{"href":"https:\/\/www.argensend.com\/en\/wp-json\/wp\/v2\/product"}],"about":[{"href":"https:\/\/www.argensend.com\/en\/wp-json\/wp\/v2\/types\/product"}],"replies":[{"embeddable":true,"href":"https:\/\/www.argensend.com\/en\/wp-json\/wp\/v2\/comments?post=36007"}],"version-history":[{"count":3,"href":"https:\/\/www.argensend.com\/en\/wp-json\/wp\/v2\/product\/36007\/revisions"}],"predecessor-version":[{"id":115696,"href":"https:\/\/www.argensend.com\/en\/wp-json\/wp\/v2\/product\/36007\/revisions\/115696"}],"wp:featuredmedia":[{"embeddable":true,"href":"https:\/\/www.argensend.com\/en\/wp-json\/wp\/v2\/media\/36009"}],"wp:attachment":[{"href":"https:\/\/www.argensend.com\/en\/wp-json\/wp\/v2\/media?parent=36007"}],"wp:term":[{"taxonomy":"brand","embeddable":true,"href":"https:\/\/www.argensend.com\/en\/wp-json\/wp\/v2\/etheme_brands?post=36007"},{"taxonomy":"product_brand","embeddable":true,"href":"https:\/\/www.argensend.com\/en\/wp-json\/wp\/v2\/product_brand?post=36007"},{"taxonomy":"product_cat","embeddable":true,"href":"https:\/\/www.argensend.com\/en\/wp-json\/wp\/v2\/product_cat?post=36007"},{"taxonomy":"product_tag","embeddable":true,"href":"https:\/\/www.argensend.com\/en\/wp-json\/wp\/v2\/product_tag?post=36007"}],"curies":[{"name":"wp","href":"https:\/\/api.w.org\/{rel}","templated":true}]}}