{"id":36069,"date":"2021-09-27T16:41:17","date_gmt":"2021-09-27T19:41:17","guid":{"rendered":"https:\/\/www.argensend.com\/?post_type=product&#038;p=36069"},"modified":"2024-12-06T16:18:40","modified_gmt":"2024-12-06T19:18:40","slug":"set-juego-cubiertos-c-cubiertero-new-kolor-tramontina-25-pz-tramontina-25-pcs-new-kolor-cutlery-set-c-cutlery-set","status":"publish","type":"product","link":"https:\/\/www.argensend.com\/en\/product\/set-juego-cubiertos-c-cubiertero-new-kolor-tramontina-25-pz-tramontina-25-pcs-new-kolor-cutlery-set-c-cutlery-set\/","title":{"rendered":"Tramontina &#8211; Set Juego Cubiertos C\/ Cubiertero New Kolor 25 Pz"},"content":{"rendered":"","protected":false},"excerpt":{"rendered":"<p>JUEGO DE CUBIERTOS TRAMONTINA 25 PIEZAS<br \/>\nCONTENIDO DE CADA CAJA:<br \/>\n\u2022 6 Cucharitas de sobremesa.<br \/>\n\u2022 6 Cucharas de mesa.<br \/>\n\u2022 6 Tenedores de mesa.<br \/>\n\u2022 6 Cuchillos de mesa.<br \/>\n\u2022 1 Cubiertero.<\/p>\n<p>CARACTER\u00cdSTICAS<br \/>\n\u2022 Hojas de acero inoxidable.<br \/>\n\u2022 Mangos polipropileno.<br \/>\n\u2022 Separador de cubiertos.<br \/>\n\u2022 Tenedores mesa, cucharas mesa y cucharas t\u00e9: el espesor del acero y la estampaci\u00f3n de las hojas garantizan mayor resistencia a los productos evitando deformaci\u00f3n.<br \/>\n\u2022 Cuchillos asado: hojas con mayor durabilidad del filo debido al tratamiento t\u00e9rmico.<br \/>\n\u2022 Mangos de polipropileno, tiene mucho m\u00e1s resistencia y durabilidad.<br \/>\n\u2022 Se pueden lavar en lavavajillas.<\/p>\n<p>\u2026\u2026\u2026\u2026\u2026\u2026\u2026\u2026\u2026\u2026\u2026\u2026\u2026\u2026\u2026\u2026\u2026\u2026\u2026\u2026\u2026\u2026\u2026\u2026\u2026\u2026\u2026\u2026\u2026\u2026\u2026\u2026\u2026\u2026\u2026\u2026\u2026\u2026\u2026\u2026\u2026\u2026\u2026\u2026\u2026\u2026\u2026\u2026\u2026\u2026\u2026\u2026\u2026\u2026\u2026\u2026\u2026\u2026\u2026\u2026\u2026\u2026\u2026\u2026\u2026\u2026\u2026\u2026\u2026\u2026\u2026\u2026\u2026\u2026\u2026\u2026<\/p>\n<p>TRAMONTINA CUTLERY SET 25 PIECES<br \/>\nCONTENT OF EACH BOX:<br \/>\n\u2022 6 table teaspoons.<br \/>\n\u2022 6 table spoons.<br \/>\n\u2022 6 Table forks.<br \/>\n\u2022 6 table knives.<br \/>\n\u2022 1 cutlery holder.<\/p>\n<p>FEATURES<br \/>\n\u2022 Stainless steel blades.<br \/>\n\u2022 Polypropylene handles.<br \/>\n\u2022 Separator for cutlery.<br \/>\n\u2022 Table forks, table spoons and tea spoons: the thickness of the steel and the stamping of the leaves guarantee greater resistance to the products, avoiding deformation.<br \/>\n\u2022 Roast knives: blades with greater durability of the edge due to heat treatment.<br \/>\n\u2022 Polypropylene handles, it has much more resistance and durability.<br \/>\n\u2022 They can be washed in a dishwasher.<\/p>","protected":false},"featured_media":36071,"comment_status":"closed","ping_status":"closed","template":"","meta":{"_acf_changed":false,"om_disable_all_campaigns":false,"_monsterinsights_skip_tracking":false,"_monsterinsights_sitenote_active":false,"_monsterinsights_sitenote_note":"","_monsterinsights_sitenote_category":0},"etheme_brands":[],"product_brand":[],"product_cat":[3320],"product_tag":[3756,4233,1731,3900,4262,4261,3199,310],"class_list":{"0":"post-36069","1":"product","2":"type-product","3":"status-publish","4":"has-post-thumbnail","6":"product_cat-cocina","7":"product_tag-cubiertos","8":"product_tag-forks","9":"product_tag-kit","10":"product_tag-kitchen","11":"product_tag-knifes","12":"product_tag-set-cubiertos","13":"product_tag-spoons","14":"product_tag-tramontina","16":"first","17":"instock","18":"taxable","19":"shipping-taxable","20":"purchasable","21":"product-type-simple"},"acf":[],"aioseo_notices":[],"_links":{"self":[{"href":"https:\/\/www.argensend.com\/en\/wp-json\/wp\/v2\/product\/36069","targetHints":{"allow":["GET"]}}],"collection":[{"href":"https:\/\/www.argensend.com\/en\/wp-json\/wp\/v2\/product"}],"about":[{"href":"https:\/\/www.argensend.com\/en\/wp-json\/wp\/v2\/types\/product"}],"replies":[{"embeddable":true,"href":"https:\/\/www.argensend.com\/en\/wp-json\/wp\/v2\/comments?post=36069"}],"version-history":[{"count":2,"href":"https:\/\/www.argensend.com\/en\/wp-json\/wp\/v2\/product\/36069\/revisions"}],"predecessor-version":[{"id":77983,"href":"https:\/\/www.argensend.com\/en\/wp-json\/wp\/v2\/product\/36069\/revisions\/77983"}],"wp:featuredmedia":[{"embeddable":true,"href":"https:\/\/www.argensend.com\/en\/wp-json\/wp\/v2\/media\/36071"}],"wp:attachment":[{"href":"https:\/\/www.argensend.com\/en\/wp-json\/wp\/v2\/media?parent=36069"}],"wp:term":[{"taxonomy":"brand","embeddable":true,"href":"https:\/\/www.argensend.com\/en\/wp-json\/wp\/v2\/etheme_brands?post=36069"},{"taxonomy":"product_brand","embeddable":true,"href":"https:\/\/www.argensend.com\/en\/wp-json\/wp\/v2\/product_brand?post=36069"},{"taxonomy":"product_cat","embeddable":true,"href":"https:\/\/www.argensend.com\/en\/wp-json\/wp\/v2\/product_cat?post=36069"},{"taxonomy":"product_tag","embeddable":true,"href":"https:\/\/www.argensend.com\/en\/wp-json\/wp\/v2\/product_tag?post=36069"}],"curies":[{"name":"wp","href":"https:\/\/api.w.org\/{rel}","templated":true}]}}