{"id":36097,"date":"2021-09-27T19:45:10","date_gmt":"2021-09-27T22:45:10","guid":{"rendered":"https:\/\/www.argensend.com\/?post_type=product&#038;p=36097"},"modified":"2024-12-06T16:18:41","modified_gmt":"2024-12-06T19:18:41","slug":"cera-modeladora-capilatis-pelo-y-barba-linea-hombre-55-gr","status":"publish","type":"product","link":"https:\/\/www.argensend.com\/en\/product\/cera-modeladora-capilatis-pelo-y-barba-linea-hombre-55-gr\/","title":{"rendered":"Capilatis &#8211; Cera Modeladora Pelo y Barba Linea Hombre 55gr"},"content":{"rendered":"","protected":false},"excerpt":{"rendered":"<p>Pomada Capilatis Pelo Barba Fijacion Fuerte Hombre 55 Gr<\/p>\n<p>La Pomada Pelo &amp; Barba es ideal para mantener un aspecto natural y lograr un estilo personalizado en cabello y barba. Combinaci\u00f3n inteligente de ingredientes semi s\u00f3lidos de \u00faltima generaci\u00f3n que garantiza una definici\u00f3n impecable en contornos de barbas, bigotes y patillas rebeldes. M\u00e1xima definici\u00f3n, indicado para todo tipo de cabellos, permite definir peinados con m\u00e1xima precisi\u00f3n y sostener el estilo con total control durante m\u00e1s tiempo.<\/p>","protected":false},"featured_media":36098,"comment_status":"closed","ping_status":"closed","template":"","meta":{"_acf_changed":false,"om_disable_all_campaigns":false,"_monsterinsights_skip_tracking":false,"_monsterinsights_sitenote_active":false,"_monsterinsights_sitenote_note":"","_monsterinsights_sitenote_category":0},"etheme_brands":[],"product_brand":[],"product_cat":[8819],"product_tag":[456,463,462],"class_list":{"0":"post-36097","1":"product","2":"type-product","3":"status-publish","4":"has-post-thumbnail","6":"product_cat-farmacia","7":"product_tag-crema","8":"product_tag-crema-para-bebes","9":"product_tag-hipoglos","11":"first","12":"instock","13":"taxable","14":"shipping-taxable","15":"purchasable","16":"product-type-simple"},"acf":[],"aioseo_notices":[],"_links":{"self":[{"href":"https:\/\/www.argensend.com\/en\/wp-json\/wp\/v2\/product\/36097","targetHints":{"allow":["GET"]}}],"collection":[{"href":"https:\/\/www.argensend.com\/en\/wp-json\/wp\/v2\/product"}],"about":[{"href":"https:\/\/www.argensend.com\/en\/wp-json\/wp\/v2\/types\/product"}],"replies":[{"embeddable":true,"href":"https:\/\/www.argensend.com\/en\/wp-json\/wp\/v2\/comments?post=36097"}],"version-history":[{"count":4,"href":"https:\/\/www.argensend.com\/en\/wp-json\/wp\/v2\/product\/36097\/revisions"}],"predecessor-version":[{"id":101587,"href":"https:\/\/www.argensend.com\/en\/wp-json\/wp\/v2\/product\/36097\/revisions\/101587"}],"wp:featuredmedia":[{"embeddable":true,"href":"https:\/\/www.argensend.com\/en\/wp-json\/wp\/v2\/media\/36098"}],"wp:attachment":[{"href":"https:\/\/www.argensend.com\/en\/wp-json\/wp\/v2\/media?parent=36097"}],"wp:term":[{"taxonomy":"brand","embeddable":true,"href":"https:\/\/www.argensend.com\/en\/wp-json\/wp\/v2\/etheme_brands?post=36097"},{"taxonomy":"product_brand","embeddable":true,"href":"https:\/\/www.argensend.com\/en\/wp-json\/wp\/v2\/product_brand?post=36097"},{"taxonomy":"product_cat","embeddable":true,"href":"https:\/\/www.argensend.com\/en\/wp-json\/wp\/v2\/product_cat?post=36097"},{"taxonomy":"product_tag","embeddable":true,"href":"https:\/\/www.argensend.com\/en\/wp-json\/wp\/v2\/product_tag?post=36097"}],"curies":[{"name":"wp","href":"https:\/\/api.w.org\/{rel}","templated":true}]}}