{"id":36145,"date":"2021-09-29T08:54:08","date_gmt":"2021-09-29T11:54:08","guid":{"rendered":"https:\/\/www.argensend.com\/?post_type=product&#038;p=36145"},"modified":"2024-12-06T16:18:43","modified_gmt":"2024-12-06T19:18:43","slug":"kativa-alisado-brasileno-sin-formol-con-keratina-vegetal","status":"publish","type":"product","link":"https:\/\/www.argensend.com\/en\/product\/kativa-alisado-brasileno-sin-formol-con-keratina-vegetal\/","title":{"rendered":"Kativa Alisado Brasile\u00f1o Sin Formol con Keratina Vegetal"},"content":{"rendered":"","protected":false},"excerpt":{"rendered":"<p>Kativa Alisado Brasile\u00f1o Vegano, tratamiento de alisado con resultado profesional, que restaura y recupera la fortaleza del cabello gracias a su formula mejorada con aceite de coco org\u00e1nico, manteca de capuacu, keratina vegetal y extracto de bamb\u00fa que penetra la hebra capilar alis\u00e1ndola hasta por 12 semanas.<br \/>\nRecupera la fortaleza del cabello y restaura el brillo, la hidrataci\u00f3n y suavidad, dej\u00e1ndolo manejable y con movimiento natural.<\/p>\n<p>Beneficios:<br \/>\n&#8211; Resultado profesional hasta por 12 semanas<br \/>\n&#8211; Elimina el volumen y frizz<br \/>\n&#8211; Sin formol, sin guanidina, sin vapores t\u00f3xicos<br \/>\n&#8211; Alisa el cabello con rizos, ondas, volumen y frizz<br \/>\n&#8211; Con termoprotecci\u00f3n y memoria t\u00e9rmica, el alisado se activa con el calor del secador<br \/>\n&#8211; Recupera la fortaleza, brillo, hidrataci\u00f3n y suavidad.<br \/>\nEl set contiene:<br \/>\n1 Sachet pre shampoo 15ml<br \/>\n1 Envase de mascara de alisado 150ml<br \/>\n1 Frasco de shampoo 30ml<br \/>\n1 Frasco de acondicionador 30ml<br \/>\n1 Par de guantes<\/p>","protected":false},"featured_media":67789,"comment_status":"closed","ping_status":"closed","template":"","meta":{"_acf_changed":false,"om_disable_all_campaigns":false,"_monsterinsights_skip_tracking":false,"_monsterinsights_sitenote_active":false,"_monsterinsights_sitenote_note":"","_monsterinsights_sitenote_category":0},"etheme_brands":[],"product_brand":[],"product_cat":[5348,8819],"product_tag":[456,463,462],"class_list":{"0":"post-36145","1":"product","2":"type-product","3":"status-publish","4":"has-post-thumbnail","6":"product_cat-brasil","7":"product_cat-farmacia","8":"product_tag-crema","9":"product_tag-crema-para-bebes","10":"product_tag-hipoglos","12":"first","13":"outofstock","14":"taxable","15":"shipping-taxable","16":"purchasable","17":"product-type-simple"},"acf":[],"aioseo_notices":[],"_links":{"self":[{"href":"https:\/\/www.argensend.com\/en\/wp-json\/wp\/v2\/product\/36145","targetHints":{"allow":["GET"]}}],"collection":[{"href":"https:\/\/www.argensend.com\/en\/wp-json\/wp\/v2\/product"}],"about":[{"href":"https:\/\/www.argensend.com\/en\/wp-json\/wp\/v2\/types\/product"}],"replies":[{"embeddable":true,"href":"https:\/\/www.argensend.com\/en\/wp-json\/wp\/v2\/comments?post=36145"}],"version-history":[{"count":3,"href":"https:\/\/www.argensend.com\/en\/wp-json\/wp\/v2\/product\/36145\/revisions"}],"predecessor-version":[{"id":101599,"href":"https:\/\/www.argensend.com\/en\/wp-json\/wp\/v2\/product\/36145\/revisions\/101599"}],"wp:featuredmedia":[{"embeddable":true,"href":"https:\/\/www.argensend.com\/en\/wp-json\/wp\/v2\/media\/67789"}],"wp:attachment":[{"href":"https:\/\/www.argensend.com\/en\/wp-json\/wp\/v2\/media?parent=36145"}],"wp:term":[{"taxonomy":"brand","embeddable":true,"href":"https:\/\/www.argensend.com\/en\/wp-json\/wp\/v2\/etheme_brands?post=36145"},{"taxonomy":"product_brand","embeddable":true,"href":"https:\/\/www.argensend.com\/en\/wp-json\/wp\/v2\/product_brand?post=36145"},{"taxonomy":"product_cat","embeddable":true,"href":"https:\/\/www.argensend.com\/en\/wp-json\/wp\/v2\/product_cat?post=36145"},{"taxonomy":"product_tag","embeddable":true,"href":"https:\/\/www.argensend.com\/en\/wp-json\/wp\/v2\/product_tag?post=36145"}],"curies":[{"name":"wp","href":"https:\/\/api.w.org\/{rel}","templated":true}]}}