{"id":36271,"date":"2021-09-30T11:34:57","date_gmt":"2021-09-30T14:34:57","guid":{"rendered":"https:\/\/www.argensend.com\/?post_type=product&#038;p=36271"},"modified":"2025-01-02T12:25:22","modified_gmt":"2025-01-02T15:25:22","slug":"turron-espanol-de-jijona-el-antiguo-x-150-gr-el-antiguo-spanish-nougat-x-150-gr","status":"publish","type":"product","link":"https:\/\/www.argensend.com\/en\/product\/turron-espanol-de-jijona-el-antiguo-x-150-gr-el-antiguo-spanish-nougat-x-150-gr\/","title":{"rendered":"Turr\u00f3n Espa\u00f1ol de Jijona el Antiguo 150gr"},"content":{"rendered":"","protected":false},"excerpt":{"rendered":"<p>Caracter\u00edsticas:<br \/>\nLibre de gluten: Si.<br \/>\nSabor: Almendras.<\/p>\n<p><em>EN:<\/em><br \/>\n<em>Characteristics:<\/em><br \/>\n<em>Gluten Free: Yes.<\/em><br \/>\n<em>Flavor: Almonds.<\/em><\/p>","protected":false},"featured_media":36272,"comment_status":"closed","ping_status":"closed","template":"","meta":{"_acf_changed":false,"om_disable_all_campaigns":false,"_monsterinsights_skip_tracking":false,"_monsterinsights_sitenote_active":false,"_monsterinsights_sitenote_note":"","_monsterinsights_sitenote_category":0},"etheme_brands":[],"product_brand":[],"product_cat":[8803,2165],"product_tag":[4341,4342,4294,4343,675,4290,1301,9447,1442,10631],"class_list":{"0":"post-36271","1":"product","2":"type-product","3":"status-publish","4":"has-post-thumbnail","6":"product_cat-dulce-sin-tacc","7":"product_cat-navidad","8":"product_tag-almendras","9":"product_tag-almonds","10":"product_tag-christmas","11":"product_tag-gluten-free","12":"product_tag-navidad","13":"product_tag-nougat","14":"product_tag-turron","15":"product_tag-x-mas","16":"product_tag-xmas","17":"product_tag-xmass24","19":"first","20":"outofstock","21":"taxable","22":"shipping-taxable","23":"purchasable","24":"product-type-simple"},"acf":[],"aioseo_notices":[],"_links":{"self":[{"href":"https:\/\/www.argensend.com\/en\/wp-json\/wp\/v2\/product\/36271","targetHints":{"allow":["GET"]}}],"collection":[{"href":"https:\/\/www.argensend.com\/en\/wp-json\/wp\/v2\/product"}],"about":[{"href":"https:\/\/www.argensend.com\/en\/wp-json\/wp\/v2\/types\/product"}],"replies":[{"embeddable":true,"href":"https:\/\/www.argensend.com\/en\/wp-json\/wp\/v2\/comments?post=36271"}],"version-history":[{"count":3,"href":"https:\/\/www.argensend.com\/en\/wp-json\/wp\/v2\/product\/36271\/revisions"}],"predecessor-version":[{"id":107827,"href":"https:\/\/www.argensend.com\/en\/wp-json\/wp\/v2\/product\/36271\/revisions\/107827"}],"wp:featuredmedia":[{"embeddable":true,"href":"https:\/\/www.argensend.com\/en\/wp-json\/wp\/v2\/media\/36272"}],"wp:attachment":[{"href":"https:\/\/www.argensend.com\/en\/wp-json\/wp\/v2\/media?parent=36271"}],"wp:term":[{"taxonomy":"brand","embeddable":true,"href":"https:\/\/www.argensend.com\/en\/wp-json\/wp\/v2\/etheme_brands?post=36271"},{"taxonomy":"product_brand","embeddable":true,"href":"https:\/\/www.argensend.com\/en\/wp-json\/wp\/v2\/product_brand?post=36271"},{"taxonomy":"product_cat","embeddable":true,"href":"https:\/\/www.argensend.com\/en\/wp-json\/wp\/v2\/product_cat?post=36271"},{"taxonomy":"product_tag","embeddable":true,"href":"https:\/\/www.argensend.com\/en\/wp-json\/wp\/v2\/product_tag?post=36271"}],"curies":[{"name":"wp","href":"https:\/\/api.w.org\/{rel}","templated":true}]}}