{"id":36275,"date":"2021-09-30T12:10:06","date_gmt":"2021-09-30T15:10:06","guid":{"rendered":"https:\/\/www.argensend.com\/?post_type=product&#038;p=36275"},"modified":"2025-01-02T12:25:21","modified_gmt":"2025-01-02T15:25:21","slug":"torta-turron-de-alicante-espanol-el-antiguo-x-150-gr","status":"publish","type":"product","link":"https:\/\/www.argensend.com\/en\/product\/torta-turron-de-alicante-espanol-el-antiguo-x-150-gr\/","title":{"rendered":"El Antiguo &#8211; Torta Turr\u00f3n de Alicante Espa\u00f1ol 150gr"},"content":{"rendered":"","protected":false},"excerpt":{"rendered":"<p>Caracter\u00edsticas:<br \/>\nEs libe de gluten: Si.<br \/>\nSabor: Almendras.<\/p>\n<p><em>EN:<\/em><br \/>\n<em>It&#8217;s gluten free: Yes.<\/em><br \/>\n<em>Flavor: Almonds.<\/em><\/p>","protected":false},"featured_media":36276,"comment_status":"closed","ping_status":"closed","template":"","meta":{"_acf_changed":false,"om_disable_all_campaigns":false,"_monsterinsights_skip_tracking":false,"_monsterinsights_sitenote_active":false,"_monsterinsights_sitenote_note":"","_monsterinsights_sitenote_category":0},"etheme_brands":[],"product_brand":[],"product_cat":[8803,2165],"product_tag":[4341,4342,203,4294,278,747,675,4290,746,748,1301,9447,1442,10631],"class_list":{"0":"post-36275","1":"product","2":"type-product","3":"status-publish","4":"has-post-thumbnail","6":"product_cat-dulce-sin-tacc","7":"product_cat-navidad","8":"product_tag-almendras","9":"product_tag-almonds","10":"product_tag-argentina","11":"product_tag-christmas","12":"product_tag-free","13":"product_tag-gluten","14":"product_tag-navidad","15":"product_tag-nougat","16":"product_tag-sin","17":"product_tag-tacc","18":"product_tag-turron","19":"product_tag-x-mas","20":"product_tag-xmas","21":"product_tag-xmass24","23":"first","24":"outofstock","25":"taxable","26":"shipping-taxable","27":"purchasable","28":"product-type-simple"},"acf":[],"aioseo_notices":[],"_links":{"self":[{"href":"https:\/\/www.argensend.com\/en\/wp-json\/wp\/v2\/product\/36275","targetHints":{"allow":["GET"]}}],"collection":[{"href":"https:\/\/www.argensend.com\/en\/wp-json\/wp\/v2\/product"}],"about":[{"href":"https:\/\/www.argensend.com\/en\/wp-json\/wp\/v2\/types\/product"}],"replies":[{"embeddable":true,"href":"https:\/\/www.argensend.com\/en\/wp-json\/wp\/v2\/comments?post=36275"}],"version-history":[{"count":3,"href":"https:\/\/www.argensend.com\/en\/wp-json\/wp\/v2\/product\/36275\/revisions"}],"predecessor-version":[{"id":101474,"href":"https:\/\/www.argensend.com\/en\/wp-json\/wp\/v2\/product\/36275\/revisions\/101474"}],"wp:featuredmedia":[{"embeddable":true,"href":"https:\/\/www.argensend.com\/en\/wp-json\/wp\/v2\/media\/36276"}],"wp:attachment":[{"href":"https:\/\/www.argensend.com\/en\/wp-json\/wp\/v2\/media?parent=36275"}],"wp:term":[{"taxonomy":"brand","embeddable":true,"href":"https:\/\/www.argensend.com\/en\/wp-json\/wp\/v2\/etheme_brands?post=36275"},{"taxonomy":"product_brand","embeddable":true,"href":"https:\/\/www.argensend.com\/en\/wp-json\/wp\/v2\/product_brand?post=36275"},{"taxonomy":"product_cat","embeddable":true,"href":"https:\/\/www.argensend.com\/en\/wp-json\/wp\/v2\/product_cat?post=36275"},{"taxonomy":"product_tag","embeddable":true,"href":"https:\/\/www.argensend.com\/en\/wp-json\/wp\/v2\/product_tag?post=36275"}],"curies":[{"name":"wp","href":"https:\/\/api.w.org\/{rel}","templated":true}]}}