{"id":36346,"date":"2021-09-30T16:57:10","date_gmt":"2021-09-30T19:57:10","guid":{"rendered":"https:\/\/www.argensend.com\/?post_type=product&#038;p=36346"},"modified":"2025-08-29T10:07:23","modified_gmt":"2025-08-29T13:07:23","slug":"la-fuerza-vermut-blanco-750-ml-white-vermouth-750-ml","status":"publish","type":"product","link":"https:\/\/www.argensend.com\/en\/product\/la-fuerza-vermut-blanco-750-ml-white-vermouth-750-ml\/","title":{"rendered":"La Fuerza &#8211; Vermut Blanco 750ml"},"content":{"rendered":"","protected":false},"excerpt":{"rendered":"<p>Es un vermut a base de vino Torront\u00e9s de Mendoza. Se elabora con hierbas que le dan un car\u00e1cter c\u00edtrico, floral y especiado. La artemisia mendozana, el tomillo y la menta, recolectadas al pie de los Andes destacan en su personalidad.<\/p>\n<p>Un verm\u00fa para tomar solo, con soda o con t\u00f3nica con una rodaja de lim\u00f3n o preparar c\u00f3cteles.<\/p>\n<p>\u2026\u2026\u2026\u2026\u2026\u2026\u2026\u2026\u2026\u2026\u2026\u2026\u2026\u2026\u2026\u2026\u2026\u2026\u2026\u2026\u2026\u2026\u2026\u2026\u2026\u2026\u2026\u2026\u2026\u2026\u2026\u2026\u2026<\/p>\n<p>It is a vermouth based on Torront\u00e9s wine from Mendoza. It is made with herbs that give it a citric, floral and spicy character. Artemisia mendozana, thyme and mint, harvested at the foot of the Andes, stand out in its personality.<\/p>\n<p>A vermouth to drink neat, with soda or tonic with a slice of lemon or to prepare cocktails.<\/p>","protected":false},"featured_media":36348,"comment_status":"closed","ping_status":"closed","template":"","meta":{"_acf_changed":false,"om_disable_all_campaigns":false,"_monsterinsights_skip_tracking":false,"_monsterinsights_sitenote_active":false,"_monsterinsights_sitenote_note":"","_monsterinsights_sitenote_category":0},"etheme_brands":[],"product_brand":[],"product_cat":[2132,8816,2142],"product_tag":[4423,203,234,224,162,4420,1821,3647,4421,3191,4424,1132,568,259,260,4319,4042,4422,1632,3289,3290,652,651,4419,4418,751],"class_list":{"0":"post-36346","1":"product","2":"type-product","3":"status-publish","4":"has-post-thumbnail","6":"product_cat-bebidas-veganas","7":"product_cat-con-alcohol-veganas","8":"product_cat-licores-bebidas-blancas","9":"product_tag-andes","10":"product_tag-argentina","11":"product_tag-argentine","12":"product_tag-argentino","13":"product_tag-blanco","14":"product_tag-citric","15":"product_tag-citrico","16":"product_tag-drink","17":"product_tag-especiado","18":"product_tag-floral","19":"product_tag-lemon-slice","20":"product_tag-limon","21":"product_tag-mendoza","22":"product_tag-menta","23":"product_tag-mint","24":"product_tag-soda","25":"product_tag-spicy","26":"product_tag-thyme","27":"product_tag-tomillo","28":"product_tag-tonic","29":"product_tag-tonica","30":"product_tag-vegan","31":"product_tag-vegano","32":"product_tag-vermouth","33":"product_tag-vermut","34":"product_tag-white","36":"first","37":"instock","38":"taxable","39":"shipping-taxable","40":"purchasable","41":"product-type-simple"},"acf":[],"aioseo_notices":[],"_links":{"self":[{"href":"https:\/\/www.argensend.com\/en\/wp-json\/wp\/v2\/product\/36346","targetHints":{"allow":["GET"]}}],"collection":[{"href":"https:\/\/www.argensend.com\/en\/wp-json\/wp\/v2\/product"}],"about":[{"href":"https:\/\/www.argensend.com\/en\/wp-json\/wp\/v2\/types\/product"}],"replies":[{"embeddable":true,"href":"https:\/\/www.argensend.com\/en\/wp-json\/wp\/v2\/comments?post=36346"}],"version-history":[{"count":2,"href":"https:\/\/www.argensend.com\/en\/wp-json\/wp\/v2\/product\/36346\/revisions"}],"predecessor-version":[{"id":101642,"href":"https:\/\/www.argensend.com\/en\/wp-json\/wp\/v2\/product\/36346\/revisions\/101642"}],"wp:featuredmedia":[{"embeddable":true,"href":"https:\/\/www.argensend.com\/en\/wp-json\/wp\/v2\/media\/36348"}],"wp:attachment":[{"href":"https:\/\/www.argensend.com\/en\/wp-json\/wp\/v2\/media?parent=36346"}],"wp:term":[{"taxonomy":"brand","embeddable":true,"href":"https:\/\/www.argensend.com\/en\/wp-json\/wp\/v2\/etheme_brands?post=36346"},{"taxonomy":"product_brand","embeddable":true,"href":"https:\/\/www.argensend.com\/en\/wp-json\/wp\/v2\/product_brand?post=36346"},{"taxonomy":"product_cat","embeddable":true,"href":"https:\/\/www.argensend.com\/en\/wp-json\/wp\/v2\/product_cat?post=36346"},{"taxonomy":"product_tag","embeddable":true,"href":"https:\/\/www.argensend.com\/en\/wp-json\/wp\/v2\/product_tag?post=36346"}],"curies":[{"name":"wp","href":"https:\/\/api.w.org\/{rel}","templated":true}]}}