{"id":36376,"date":"2021-10-01T08:39:38","date_gmt":"2021-10-01T11:39:38","guid":{"rendered":"https:\/\/www.argensend.com\/?post_type=product&#038;p=36376"},"modified":"2024-12-06T16:19:00","modified_gmt":"2024-12-06T19:19:00","slug":"linda-jabon-de-carbon-activado-130-gr-activated-charcoal-soap-130-gr","status":"publish","type":"product","link":"https:\/\/www.argensend.com\/en\/product\/linda-jabon-de-carbon-activado-130-gr-activated-charcoal-soap-130-gr\/","title":{"rendered":"Linda &#8211; Jab\u00f3n de Carb\u00f3n Activado 130gr \/ Activated Charcoal Soap 130gr"},"content":{"rendered":"","protected":false},"excerpt":{"rendered":"<p>Un jab\u00f3n amable en todo sentido. Est\u00e1 hecho con el amor de la metodolog\u00eda artesanal, usando ingredientes nobles y completamente libre de parabenos, conservantes sint\u00e9ticos y cualquier tipo de perfume artificial.<\/p>\n<p>El carb\u00f3n activado es s\u00faper absorbente y un excelente eliminador de toxinas y suciedad, por eso es un jab\u00f3n ideal para personas con pieles grasas y en tratamiento de acn\u00e9.<\/p>\n<p>Ingredientes: Carb\u00f3n activado, arcilla blanca, aceite de oliva de primera prensa y aceite de coco virgen.<\/p>\n<p>\u2026\u2026\u2026\u2026\u2026\u2026\u2026\u2026\u2026\u2026\u2026\u2026\u2026\u2026\u2026\u2026\u2026\u2026\u2026\u2026\u2026\u2026\u2026\u2026\u2026\u2026\u2026\u2026\u2026\u2026\u2026\u2026\u2026<\/p>\n<p>A gentle soap in every sense. It is made with the love of artisanal methodology, using noble ingredients and completely free of parabens, synthetic preservatives and any kind of artificial perfume.<\/p>\n<p>Activated charcoal is super absorbent and an excellent eliminator of toxins and dirt, making it an ideal soap for people with oily skin and those undergoing acne treatment.<\/p>\n<p>Ingredients: Activated charcoal, white clay, first press olive oil and virgin coconut oil.<\/p>","protected":false},"featured_media":36377,"comment_status":"closed","ping_status":"closed","template":"","meta":{"_acf_changed":false,"om_disable_all_campaigns":false,"_monsterinsights_skip_tracking":false,"_monsterinsights_sitenote_active":false,"_monsterinsights_sitenote_note":"","_monsterinsights_sitenote_category":0},"etheme_brands":[],"product_brand":[],"product_cat":[8820,4453],"product_tag":[437,4456,4455,4461,203,234,224,3246,1612,1417,1073,4457,4454,4462,4459,320,4146,4460,1943,1160,334,4248,1536,4272,807,4458,652,1651,651,4463,4271,751],"class_list":{"0":"post-36376","1":"product","2":"type-product","3":"status-publish","4":"has-post-thumbnail","6":"product_cat-jabones-y-shampoo","7":"product_cat-salud-y-belleza-vegana","8":"product_tag-aceite","9":"product_tag-activado","10":"product_tag-activated","11":"product_tag-arcilla","12":"product_tag-argentina","13":"product_tag-argentine","14":"product_tag-argentino","15":"product_tag-beauty","16":"product_tag-belleza","17":"product_tag-black","18":"product_tag-blanca","19":"product_tag-carbon","20":"product_tag-charcoal","21":"product_tag-clay","22":"product_tag-cleaning","23":"product_tag-coco","24":"product_tag-coconut","25":"product_tag-healty","26":"product_tag-jabon","27":"product_tag-limpieza","28":"product_tag-negro","29":"product_tag-oil","30":"product_tag-oliva","31":"product_tag-olive","32":"product_tag-salud","33":"product_tag-soap","34":"product_tag-vegan","35":"product_tag-vegana","36":"product_tag-vegano","37":"product_tag-virgen","38":"product_tag-virgin","39":"product_tag-white","41":"first","42":"instock","43":"taxable","44":"shipping-taxable","45":"purchasable","46":"product-type-simple"},"acf":[],"aioseo_notices":[],"_links":{"self":[{"href":"https:\/\/www.argensend.com\/en\/wp-json\/wp\/v2\/product\/36376","targetHints":{"allow":["GET"]}}],"collection":[{"href":"https:\/\/www.argensend.com\/en\/wp-json\/wp\/v2\/product"}],"about":[{"href":"https:\/\/www.argensend.com\/en\/wp-json\/wp\/v2\/types\/product"}],"replies":[{"embeddable":true,"href":"https:\/\/www.argensend.com\/en\/wp-json\/wp\/v2\/comments?post=36376"}],"version-history":[{"count":2,"href":"https:\/\/www.argensend.com\/en\/wp-json\/wp\/v2\/product\/36376\/revisions"}],"predecessor-version":[{"id":101644,"href":"https:\/\/www.argensend.com\/en\/wp-json\/wp\/v2\/product\/36376\/revisions\/101644"}],"wp:featuredmedia":[{"embeddable":true,"href":"https:\/\/www.argensend.com\/en\/wp-json\/wp\/v2\/media\/36377"}],"wp:attachment":[{"href":"https:\/\/www.argensend.com\/en\/wp-json\/wp\/v2\/media?parent=36376"}],"wp:term":[{"taxonomy":"brand","embeddable":true,"href":"https:\/\/www.argensend.com\/en\/wp-json\/wp\/v2\/etheme_brands?post=36376"},{"taxonomy":"product_brand","embeddable":true,"href":"https:\/\/www.argensend.com\/en\/wp-json\/wp\/v2\/product_brand?post=36376"},{"taxonomy":"product_cat","embeddable":true,"href":"https:\/\/www.argensend.com\/en\/wp-json\/wp\/v2\/product_cat?post=36376"},{"taxonomy":"product_tag","embeddable":true,"href":"https:\/\/www.argensend.com\/en\/wp-json\/wp\/v2\/product_tag?post=36376"}],"curies":[{"name":"wp","href":"https:\/\/api.w.org\/{rel}","templated":true}]}}