{"id":36380,"date":"2021-10-01T08:39:58","date_gmt":"2021-10-01T11:39:58","guid":{"rendered":"https:\/\/www.argensend.com\/?post_type=product&#038;p=36380"},"modified":"2024-12-06T16:19:00","modified_gmt":"2024-12-06T19:19:00","slug":"linda-jabon-de-hibiscus-y-manteca-de-karite-130-gr-hibiscus-shea-butter-soap-130-gr","status":"publish","type":"product","link":"https:\/\/www.argensend.com\/en\/product\/linda-jabon-de-hibiscus-y-manteca-de-karite-130-gr-hibiscus-shea-butter-soap-130-gr\/","title":{"rendered":"Linda &#8211; Jab\u00f3n de Hibiscus y Manteca de Karit\u00e9 130gr \/ Hibiscus &#8211; Shea Butter Soap 130gr"},"content":{"rendered":"","protected":false},"excerpt":{"rendered":"<p>Un jab\u00f3n amable en todo sentido. Est\u00e1 hecho con el amor de la metodolog\u00eda artesanal, usando ingredientes nobles y completamente libre de parabenos, conservantes sint\u00e9ticos y cualquier tipo de perfume artificial.<\/p>\n<p>La infusi\u00f3n de hibisco y manteca de karit\u00e9 es especialmente hermosa para hidratar y devolver luminosidad a la piel (inclusive a las m\u00e1s resecas).<\/p>\n<p>Ingredientes: Extracto de hibiscus, manteca de karit\u00e9, aceite de oliva de primera prensa, aceite de coco virgen y arcilla blanca.<\/p>\n<p>\u2026\u2026\u2026\u2026\u2026\u2026\u2026\u2026\u2026\u2026\u2026\u2026\u2026\u2026\u2026\u2026\u2026\u2026\u2026\u2026\u2026\u2026\u2026\u2026\u2026\u2026\u2026\u2026\u2026\u2026\u2026\u2026\u2026<\/p>\n<p>A gentle soap in every sense. It is made with the love of artisanal methodology, using noble ingredients and completely free of parabens, synthetic preservatives and any kind of artificial perfume.<\/p>\n<p>The infusion of hibiscus and shea butter is especially beautiful for moisturizing and restoring radiance to the skin (even the most parched).<\/p>\n<p>Ingredients: Hibiscus extract, shea butter, first press olive oil, virgin coconut oil and white clay.<\/p>","protected":false},"featured_media":36382,"comment_status":"closed","ping_status":"closed","template":"","meta":{"_acf_changed":false,"om_disable_all_campaigns":false,"_monsterinsights_skip_tracking":false,"_monsterinsights_sitenote_active":false,"_monsterinsights_sitenote_note":"","_monsterinsights_sitenote_category":0},"etheme_brands":[],"product_brand":[],"product_cat":[8820,4453],"product_tag":[437,4461,203,234,224,3246,4467,1612,1073,2217,4462,4459,320,4146,4464,1882,4460,4139,1943,4466,1160,4345,4248,1536,4272,3207,3205,807,4465,4458,652,1651,651,4463,4271,751],"class_list":{"0":"post-36380","1":"product","2":"type-product","3":"status-publish","4":"has-post-thumbnail","6":"product_cat-jabones-y-shampoo","7":"product_cat-salud-y-belleza-vegana","8":"product_tag-aceite","9":"product_tag-arcilla","10":"product_tag-argentina","11":"product_tag-argentine","12":"product_tag-argentino","13":"product_tag-beauty","14":"product_tag-beige","15":"product_tag-belleza","16":"product_tag-blanca","17":"product_tag-butter","18":"product_tag-clay","19":"product_tag-cleaning","20":"product_tag-coco","21":"product_tag-coconut","22":"product_tag-extract","23":"product_tag-extracto","24":"product_tag-healty","25":"product_tag-hibiscus","26":"product_tag-jabon","27":"product_tag-karite","28":"product_tag-limpieza","29":"product_tag-manteca","30":"product_tag-oil","31":"product_tag-oliva","32":"product_tag-olive","33":"product_tag-pink","34":"product_tag-rosa","35":"product_tag-salud","36":"product_tag-shea","37":"product_tag-soap","38":"product_tag-vegan","39":"product_tag-vegana","40":"product_tag-vegano","41":"product_tag-virgen","42":"product_tag-virgin","43":"product_tag-white","45":"first","46":"instock","47":"taxable","48":"shipping-taxable","49":"purchasable","50":"product-type-simple"},"acf":[],"aioseo_notices":[],"_links":{"self":[{"href":"https:\/\/www.argensend.com\/en\/wp-json\/wp\/v2\/product\/36380","targetHints":{"allow":["GET"]}}],"collection":[{"href":"https:\/\/www.argensend.com\/en\/wp-json\/wp\/v2\/product"}],"about":[{"href":"https:\/\/www.argensend.com\/en\/wp-json\/wp\/v2\/types\/product"}],"replies":[{"embeddable":true,"href":"https:\/\/www.argensend.com\/en\/wp-json\/wp\/v2\/comments?post=36380"}],"version-history":[{"count":2,"href":"https:\/\/www.argensend.com\/en\/wp-json\/wp\/v2\/product\/36380\/revisions"}],"predecessor-version":[{"id":101645,"href":"https:\/\/www.argensend.com\/en\/wp-json\/wp\/v2\/product\/36380\/revisions\/101645"}],"wp:featuredmedia":[{"embeddable":true,"href":"https:\/\/www.argensend.com\/en\/wp-json\/wp\/v2\/media\/36382"}],"wp:attachment":[{"href":"https:\/\/www.argensend.com\/en\/wp-json\/wp\/v2\/media?parent=36380"}],"wp:term":[{"taxonomy":"brand","embeddable":true,"href":"https:\/\/www.argensend.com\/en\/wp-json\/wp\/v2\/etheme_brands?post=36380"},{"taxonomy":"product_brand","embeddable":true,"href":"https:\/\/www.argensend.com\/en\/wp-json\/wp\/v2\/product_brand?post=36380"},{"taxonomy":"product_cat","embeddable":true,"href":"https:\/\/www.argensend.com\/en\/wp-json\/wp\/v2\/product_cat?post=36380"},{"taxonomy":"product_tag","embeddable":true,"href":"https:\/\/www.argensend.com\/en\/wp-json\/wp\/v2\/product_tag?post=36380"}],"curies":[{"name":"wp","href":"https:\/\/api.w.org\/{rel}","templated":true}]}}