{"id":36383,"date":"2021-10-01T08:46:13","date_gmt":"2021-10-01T11:46:13","guid":{"rendered":"https:\/\/www.argensend.com\/?post_type=product&#038;p=36383"},"modified":"2024-12-06T16:19:00","modified_gmt":"2024-12-06T19:19:00","slug":"linda-jabon-de-oliva-jojoba-y-arcilla-verde-130-gr-olive-jojoba-green-clay-soap-130-gr","status":"publish","type":"product","link":"https:\/\/www.argensend.com\/en\/product\/linda-jabon-de-oliva-jojoba-y-arcilla-verde-130-gr-olive-jojoba-green-clay-soap-130-gr\/","title":{"rendered":"Linda &#8211; Jab\u00f3n de Oliva, Jojoba y Arcilla Verde 130gr \/ Olive, Jojoba &#8211; green Clay Soap 130gr"},"content":{"rendered":"","protected":false},"excerpt":{"rendered":"<p>Un jab\u00f3n amable en todo sentido. Est\u00e1 hecho con el amor de la metodolog\u00eda artesanal, usando ingredientes nobles y completamente libre de parabenos, conservantes sint\u00e9ticos y cualquier tipo de perfume artificial.<\/p>\n<p>Este jab\u00f3n contiene arcilla verde que toma el rol de exfoliante suave, eliminando c\u00e9lulas muertas y abriendo el paso al aceite de oliva y la jojoba a explotar su potencial regenerador e hidratante.<\/p>\n<p>Ingredientes: Aceite de jojoba, arcilla verde y aceite de oliva de primera prensa.<\/p>\n<p>\u2026\u2026\u2026\u2026\u2026\u2026\u2026\u2026\u2026\u2026\u2026\u2026\u2026\u2026\u2026\u2026\u2026\u2026\u2026\u2026\u2026\u2026\u2026\u2026\u2026\u2026\u2026\u2026\u2026\u2026\u2026\u2026\u2026<\/p>\n<p>A gentle soap in every sense. It is made with the love of artisanal methodology, using noble ingredients and completely free of parabens, synthetic preservatives and any kind of artificial perfume.<\/p>\n<p>This soap contains green clay that takes on the role of a gentle exfoliant, removing dead cells and making way for olive oil and jojoba to exploit their regenerating and moisturizing potential.<\/p>\n<p>Ingredients: Jojoba oil, green clay and olive oil from the first press.<\/p>","protected":false},"featured_media":36384,"comment_status":"closed","ping_status":"closed","template":"","meta":{"_acf_changed":false,"om_disable_all_campaigns":false,"_monsterinsights_skip_tracking":false,"_monsterinsights_sitenote_active":false,"_monsterinsights_sitenote_note":"","_monsterinsights_sitenote_category":0},"etheme_brands":[],"product_brand":[],"product_cat":[8820,4453],"product_tag":[437,4461,203,234,224,3246,4467,1612,4462,4459,3206,4460,1943,4468,1160,4248,1536,4272,807,4458,652,1651,651,567],"class_list":{"0":"post-36383","1":"product","2":"type-product","3":"status-publish","4":"has-post-thumbnail","6":"product_cat-jabones-y-shampoo","7":"product_cat-salud-y-belleza-vegana","8":"product_tag-aceite","9":"product_tag-arcilla","10":"product_tag-argentina","11":"product_tag-argentine","12":"product_tag-argentino","13":"product_tag-beauty","14":"product_tag-beige","15":"product_tag-belleza","16":"product_tag-clay","17":"product_tag-cleaning","18":"product_tag-green","19":"product_tag-healty","20":"product_tag-jabon","21":"product_tag-jojoba","22":"product_tag-limpieza","23":"product_tag-oil","24":"product_tag-oliva","25":"product_tag-olive","26":"product_tag-salud","27":"product_tag-soap","28":"product_tag-vegan","29":"product_tag-vegana","30":"product_tag-vegano","31":"product_tag-verde","33":"first","34":"instock","35":"taxable","36":"shipping-taxable","37":"purchasable","38":"product-type-simple"},"acf":[],"aioseo_notices":[],"_links":{"self":[{"href":"https:\/\/www.argensend.com\/en\/wp-json\/wp\/v2\/product\/36383","targetHints":{"allow":["GET"]}}],"collection":[{"href":"https:\/\/www.argensend.com\/en\/wp-json\/wp\/v2\/product"}],"about":[{"href":"https:\/\/www.argensend.com\/en\/wp-json\/wp\/v2\/types\/product"}],"replies":[{"embeddable":true,"href":"https:\/\/www.argensend.com\/en\/wp-json\/wp\/v2\/comments?post=36383"}],"version-history":[{"count":2,"href":"https:\/\/www.argensend.com\/en\/wp-json\/wp\/v2\/product\/36383\/revisions"}],"predecessor-version":[{"id":101646,"href":"https:\/\/www.argensend.com\/en\/wp-json\/wp\/v2\/product\/36383\/revisions\/101646"}],"wp:featuredmedia":[{"embeddable":true,"href":"https:\/\/www.argensend.com\/en\/wp-json\/wp\/v2\/media\/36384"}],"wp:attachment":[{"href":"https:\/\/www.argensend.com\/en\/wp-json\/wp\/v2\/media?parent=36383"}],"wp:term":[{"taxonomy":"brand","embeddable":true,"href":"https:\/\/www.argensend.com\/en\/wp-json\/wp\/v2\/etheme_brands?post=36383"},{"taxonomy":"product_brand","embeddable":true,"href":"https:\/\/www.argensend.com\/en\/wp-json\/wp\/v2\/product_brand?post=36383"},{"taxonomy":"product_cat","embeddable":true,"href":"https:\/\/www.argensend.com\/en\/wp-json\/wp\/v2\/product_cat?post=36383"},{"taxonomy":"product_tag","embeddable":true,"href":"https:\/\/www.argensend.com\/en\/wp-json\/wp\/v2\/product_tag?post=36383"}],"curies":[{"name":"wp","href":"https:\/\/api.w.org\/{rel}","templated":true}]}}