{"id":36392,"date":"2021-10-01T09:08:32","date_gmt":"2021-10-01T12:08:32","guid":{"rendered":"https:\/\/www.argensend.com\/?post_type=product&#038;p=36392"},"modified":"2024-12-06T16:19:03","modified_gmt":"2024-12-06T19:19:03","slug":"linda-jabon-de-cacao-y-calendula-130-gr-cocoa-calendula-soap-130-gr","status":"publish","type":"product","link":"https:\/\/www.argensend.com\/en\/product\/linda-jabon-de-cacao-y-calendula-130-gr-cocoa-calendula-soap-130-gr\/","title":{"rendered":"Linda &#8211; Jab\u00f3n de Cacao y Cal\u00e9ndula 130gr \/ Cocoa &#8211; Calendula Soap 130gr"},"content":{"rendered":"","protected":false},"excerpt":{"rendered":"<p>Un jab\u00f3n amable en todo sentido. Est\u00e1 hecho con el amor de la metodolog\u00eda artesanal, usando ingredientes nobles y completamente libre de parabenos, conservantes sint\u00e9ticos y cualquier tipo de perfume artificial.<\/p>\n<p>Si bien todos los tipos de pieles pueden beneficiarse de los principios calmantes de la cal\u00e9ndula y el poder regenerador de la manteca de cacao, es especialmente recomendado para pieles secas, sensible o irritadas.<\/p>\n<p>Ingredientes: Extracto de cal\u00e9ndula, manteca de cacao, aceite de oliva de primera prensa, aceite de coco virgen y arcilla blanca.<\/p>\n<p>\u2026\u2026\u2026\u2026\u2026\u2026\u2026\u2026\u2026\u2026\u2026\u2026\u2026\u2026\u2026\u2026\u2026\u2026\u2026\u2026\u2026\u2026\u2026\u2026\u2026\u2026\u2026\u2026\u2026\u2026\u2026\u2026\u2026<\/p>\n<p>A gentle soap in every sense. It is made with the love of artisanal methodology, using noble ingredients and completely free of parabens, synthetic preservatives and any kind of artificial perfume.<\/p>\n<p>While all skin types can benefit from the soothing principles of calendula and the regenerating power of cocoa butter, it is especially recommended for dry, sensitive or irritated skin.<\/p>\n<p>Ingredients: Calendula extract, cocoa butter, first press olive oil, virgin coconut oil and white clay.<\/p>","protected":false},"featured_media":36393,"comment_status":"closed","ping_status":"closed","template":"","meta":{"_acf_changed":false,"om_disable_all_campaigns":false,"_monsterinsights_skip_tracking":false,"_monsterinsights_sitenote_active":false,"_monsterinsights_sitenote_note":"","_monsterinsights_sitenote_category":0},"etheme_brands":[],"product_brand":[],"product_cat":[8820,4453],"product_tag":[437,4461,203,234,224,3246,1612,1073,162,2217,4480,4481,4462,4459,320,4125,4146,4464,1882,4460,1943,4468,1160,4345,4248,1536,4272,724,713,807,4458,652,1651,651,4463,4271,751],"class_list":{"0":"post-36392","1":"product","2":"type-product","3":"status-publish","4":"has-post-thumbnail","6":"product_cat-jabones-y-shampoo","7":"product_cat-salud-y-belleza-vegana","8":"product_tag-aceite","9":"product_tag-arcilla","10":"product_tag-argentina","11":"product_tag-argentine","12":"product_tag-argentino","13":"product_tag-beauty","14":"product_tag-belleza","15":"product_tag-blanca","16":"product_tag-blanco","17":"product_tag-butter","18":"product_tag-cacaso","19":"product_tag-calendula","20":"product_tag-clay","21":"product_tag-cleaning","22":"product_tag-coco","23":"product_tag-cocoa","24":"product_tag-coconut","25":"product_tag-extract","26":"product_tag-extracto","27":"product_tag-healty","28":"product_tag-jabon","29":"product_tag-jojoba","30":"product_tag-limpieza","31":"product_tag-manteca","32":"product_tag-oil","33":"product_tag-oliva","34":"product_tag-olive","35":"product_tag-red","36":"product_tag-rojo","37":"product_tag-salud","38":"product_tag-soap","39":"product_tag-vegan","40":"product_tag-vegana","41":"product_tag-vegano","42":"product_tag-virgen","43":"product_tag-virgin","44":"product_tag-white","46":"first","47":"instock","48":"taxable","49":"shipping-taxable","50":"purchasable","51":"product-type-simple"},"acf":[],"aioseo_notices":[],"_links":{"self":[{"href":"https:\/\/www.argensend.com\/en\/wp-json\/wp\/v2\/product\/36392","targetHints":{"allow":["GET"]}}],"collection":[{"href":"https:\/\/www.argensend.com\/en\/wp-json\/wp\/v2\/product"}],"about":[{"href":"https:\/\/www.argensend.com\/en\/wp-json\/wp\/v2\/types\/product"}],"replies":[{"embeddable":true,"href":"https:\/\/www.argensend.com\/en\/wp-json\/wp\/v2\/comments?post=36392"}],"version-history":[{"count":2,"href":"https:\/\/www.argensend.com\/en\/wp-json\/wp\/v2\/product\/36392\/revisions"}],"predecessor-version":[{"id":101649,"href":"https:\/\/www.argensend.com\/en\/wp-json\/wp\/v2\/product\/36392\/revisions\/101649"}],"wp:featuredmedia":[{"embeddable":true,"href":"https:\/\/www.argensend.com\/en\/wp-json\/wp\/v2\/media\/36393"}],"wp:attachment":[{"href":"https:\/\/www.argensend.com\/en\/wp-json\/wp\/v2\/media?parent=36392"}],"wp:term":[{"taxonomy":"brand","embeddable":true,"href":"https:\/\/www.argensend.com\/en\/wp-json\/wp\/v2\/etheme_brands?post=36392"},{"taxonomy":"product_brand","embeddable":true,"href":"https:\/\/www.argensend.com\/en\/wp-json\/wp\/v2\/product_brand?post=36392"},{"taxonomy":"product_cat","embeddable":true,"href":"https:\/\/www.argensend.com\/en\/wp-json\/wp\/v2\/product_cat?post=36392"},{"taxonomy":"product_tag","embeddable":true,"href":"https:\/\/www.argensend.com\/en\/wp-json\/wp\/v2\/product_tag?post=36392"}],"curies":[{"name":"wp","href":"https:\/\/api.w.org\/{rel}","templated":true}]}}