{"id":36578,"date":"2021-10-01T16:37:46","date_gmt":"2021-10-01T19:37:46","guid":{"rendered":"https:\/\/www.argensend.com\/?post_type=product&#038;p=36578"},"modified":"2024-12-06T16:19:15","modified_gmt":"2024-12-06T19:19:15","slug":"el-bosque-protector-solar-100-ml-sunscreen-100-ml","status":"publish","type":"product","link":"https:\/\/www.argensend.com\/en\/product\/el-bosque-protector-solar-100-ml-sunscreen-100-ml\/","title":{"rendered":"El Bosque &#8211; Protector Solar 100ml"},"content":{"rendered":"","protected":false},"excerpt":{"rendered":"<p>Todos los productos a los que estamos acostumbrados est\u00e1n de una forma u otra afectando nuestra salud y la del planeta. Este protector solar, adem\u00e1s de ser una belleza, no contamina el agua y de este modo protege la flora y fauna marina.<\/p>\n<p>Entre sus componentes, est\u00e1 el \u00f3xido de zinc que act\u00faa como filtro UV natural y nutritivo para nuestra piel. Adem\u00e1s, tiene poderes antiinflamatorios que ayudan a combatir el acn\u00e9 y la ros\u00e1cea. Logr\u00e1 una piel divina y saludable eligiendo conscientemente.<\/p>\n<p>Ingredientes: La f\u00f3rmula completa contiene Coco, Palta, Arg\u00e1n, Manteca de Karit\u00e9, Glicerina Vegetal, Vitamina E, Oxido de Zinc y aceite esencial de Lavanda.<\/p>\n<p>\u2026\u2026\u2026\u2026\u2026\u2026\u2026\u2026\u2026\u2026\u2026\u2026\u2026\u2026\u2026\u2026\u2026\u2026\u2026\u2026\u2026\u2026\u2026\u2026\u2026\u2026\u2026\u2026\u2026\u2026\u2026\u2026\u2026\u2026\u2026\u2026<\/p>\n<p>All the products we are used to are in one way or another affecting our health and that of the planet. This sunscreen, besides being a beauty, does not pollute the water and thus protects the marine flora and fauna.<\/p>\n<p>Among its components is zinc oxide, which acts as a natural and nourishing UV filter for our skin. In addition, it has anti-inflammatory powers that help fight acne and rosacea. Achieve divine and healthy skin by choosing consciously.<\/p>\n<p>Ingredients: The complete formula contains Coconut, Avocado, Argan, Shea Butter, Vegetable Glycerin, Vitamin E, Zinc Oxide and Lavender essential oil.<\/p>","protected":false},"featured_media":36581,"comment_status":"closed","ping_status":"closed","template":"","meta":{"_acf_changed":false,"om_disable_all_campaigns":false,"_monsterinsights_skip_tracking":false,"_monsterinsights_sitenote_active":false,"_monsterinsights_sitenote_note":"","_monsterinsights_sitenote_category":0},"etheme_brands":[],"product_brand":[],"product_cat":[8819,4453],"product_tag":[437,4668,203,234,224,4670,2168,2217,4669,320,4146,4674,4662,4654,4671,1177,4144,4345,4248,4667,1463,4663,4465,608,4665,4664,652,1651,651,4655,1615,4672,4673,4666],"class_list":{"0":"post-36578","1":"product","2":"type-product","3":"status-publish","4":"has-post-thumbnail","6":"product_cat-farmacia","7":"product_cat-salud-y-belleza-vegana","8":"product_tag-aceite","9":"product_tag-argan","10":"product_tag-argentina","11":"product_tag-argentine","12":"product_tag-argentino","13":"product_tag-avocado","14":"product_tag-block","15":"product_tag-butter","16":"product_tag-cgycerin","17":"product_tag-coco","18":"product_tag-coconut","19":"product_tag-e","20":"product_tag-el-bosque","21":"product_tag-glicerina","22":"product_tag-kerite","23":"product_tag-lavanda","24":"product_tag-lavander","25":"product_tag-manteca","26":"product_tag-oil","27":"product_tag-oxide","28":"product_tag-palta","29":"product_tag-protector","30":"product_tag-shea","31":"product_tag-solar","32":"product_tag-sun","33":"product_tag-sunscreen","34":"product_tag-vegan","35":"product_tag-vegana","36":"product_tag-vegano","37":"product_tag-vegetable","38":"product_tag-vegetal","39":"product_tag-vitamin","40":"product_tag-vitamina","41":"product_tag-zinc","43":"first","44":"instock","45":"taxable","46":"shipping-taxable","47":"purchasable","48":"product-type-simple"},"acf":[],"aioseo_notices":[],"_links":{"self":[{"href":"https:\/\/www.argensend.com\/en\/wp-json\/wp\/v2\/product\/36578","targetHints":{"allow":["GET"]}}],"collection":[{"href":"https:\/\/www.argensend.com\/en\/wp-json\/wp\/v2\/product"}],"about":[{"href":"https:\/\/www.argensend.com\/en\/wp-json\/wp\/v2\/types\/product"}],"replies":[{"embeddable":true,"href":"https:\/\/www.argensend.com\/en\/wp-json\/wp\/v2\/comments?post=36578"}],"version-history":[{"count":2,"href":"https:\/\/www.argensend.com\/en\/wp-json\/wp\/v2\/product\/36578\/revisions"}],"predecessor-version":[{"id":101700,"href":"https:\/\/www.argensend.com\/en\/wp-json\/wp\/v2\/product\/36578\/revisions\/101700"}],"wp:featuredmedia":[{"embeddable":true,"href":"https:\/\/www.argensend.com\/en\/wp-json\/wp\/v2\/media\/36581"}],"wp:attachment":[{"href":"https:\/\/www.argensend.com\/en\/wp-json\/wp\/v2\/media?parent=36578"}],"wp:term":[{"taxonomy":"brand","embeddable":true,"href":"https:\/\/www.argensend.com\/en\/wp-json\/wp\/v2\/etheme_brands?post=36578"},{"taxonomy":"product_brand","embeddable":true,"href":"https:\/\/www.argensend.com\/en\/wp-json\/wp\/v2\/product_brand?post=36578"},{"taxonomy":"product_cat","embeddable":true,"href":"https:\/\/www.argensend.com\/en\/wp-json\/wp\/v2\/product_cat?post=36578"},{"taxonomy":"product_tag","embeddable":true,"href":"https:\/\/www.argensend.com\/en\/wp-json\/wp\/v2\/product_tag?post=36578"}],"curies":[{"name":"wp","href":"https:\/\/api.w.org\/{rel}","templated":true}]}}