{"id":36811,"date":"2021-10-06T11:34:19","date_gmt":"2021-10-06T14:34:19","guid":{"rendered":"https:\/\/www.argensend.com\/?post_type=product&#038;p=36811"},"modified":"2024-12-06T16:19:29","modified_gmt":"2024-12-06T19:19:29","slug":"libro-el-hombre-en-busca-de-sentido-de-victor-frankl","status":"publish","type":"product","link":"https:\/\/www.argensend.com\/en\/product\/libro-el-hombre-en-busca-de-sentido-de-victor-frankl\/","title":{"rendered":"Victor Frankl &#8211; el Hombre en Busca de Sentido Versi\u00f3n Espa\u00f1ol"},"content":{"rendered":"","protected":false},"excerpt":{"rendered":"<p>El hombre en busca de sentido es el estremecedor relato en el que Viktor Frankl nos narra su experiencia en los campos de concentraci\u00f3n. Durante todos esos a\u00f1os de sufrimiento, sinti\u00f3 en su propio ser lo que significaba una existencia desnuda, absolutamente desprovista de todo, salvo de la existencia misma.<\/p>\n<p>\u2026\u2026\u2026\u2026\u2026\u2026\u2026\u2026\u2026\u2026\u2026\u2026\u2026\u2026\u2026\u2026\u2026\u2026\u2026\u2026\u2026\u2026\u2026\u2026\u2026\u2026\u2026\u2026\u2026\u2026\u2026\u2026\u2026\u2026\u2026<\/p>\n<p>Man&#8217;s Search for Meaning is Viktor Frankl&#8217;s harrowing account of his experience in the concentration camps. During all those years of suffering, he felt in his own being what a naked existence meant, absolutely devoid of everything except existence itself.<\/p>","protected":false},"featured_media":36812,"comment_status":"closed","ping_status":"closed","template":"","meta":{"_acf_changed":false,"om_disable_all_campaigns":false,"_monsterinsights_skip_tracking":false,"_monsterinsights_sitenote_active":false,"_monsterinsights_sitenote_note":"","_monsterinsights_sitenote_category":0},"etheme_brands":[],"product_brand":[],"product_cat":[685],"product_tag":[203,234,224,755,4718,4725,4727,752,4724,4726,3729,4723,4717],"class_list":{"0":"post-36811","1":"product","2":"type-product","3":"status-publish","4":"has-post-thumbnail","6":"product_cat-libros","7":"product_tag-argentina","8":"product_tag-argentine","9":"product_tag-argentino","10":"product_tag-book","11":"product_tag-el-hombre-en-busca-de-sentido","12":"product_tag-lectura","13":"product_tag-leer","14":"product_tag-libro","15":"product_tag-read","16":"product_tag-reading","17":"product_tag-store","18":"product_tag-the-man-in-search-of-meaning","19":"product_tag-victor-frankl","21":"first","22":"instock","23":"taxable","24":"shipping-taxable","25":"purchasable","26":"product-type-simple"},"acf":[],"aioseo_notices":[],"_links":{"self":[{"href":"https:\/\/www.argensend.com\/en\/wp-json\/wp\/v2\/product\/36811","targetHints":{"allow":["GET"]}}],"collection":[{"href":"https:\/\/www.argensend.com\/en\/wp-json\/wp\/v2\/product"}],"about":[{"href":"https:\/\/www.argensend.com\/en\/wp-json\/wp\/v2\/types\/product"}],"replies":[{"embeddable":true,"href":"https:\/\/www.argensend.com\/en\/wp-json\/wp\/v2\/comments?post=36811"}],"version-history":[{"count":5,"href":"https:\/\/www.argensend.com\/en\/wp-json\/wp\/v2\/product\/36811\/revisions"}],"predecessor-version":[{"id":107866,"href":"https:\/\/www.argensend.com\/en\/wp-json\/wp\/v2\/product\/36811\/revisions\/107866"}],"wp:featuredmedia":[{"embeddable":true,"href":"https:\/\/www.argensend.com\/en\/wp-json\/wp\/v2\/media\/36812"}],"wp:attachment":[{"href":"https:\/\/www.argensend.com\/en\/wp-json\/wp\/v2\/media?parent=36811"}],"wp:term":[{"taxonomy":"brand","embeddable":true,"href":"https:\/\/www.argensend.com\/en\/wp-json\/wp\/v2\/etheme_brands?post=36811"},{"taxonomy":"product_brand","embeddable":true,"href":"https:\/\/www.argensend.com\/en\/wp-json\/wp\/v2\/product_brand?post=36811"},{"taxonomy":"product_cat","embeddable":true,"href":"https:\/\/www.argensend.com\/en\/wp-json\/wp\/v2\/product_cat?post=36811"},{"taxonomy":"product_tag","embeddable":true,"href":"https:\/\/www.argensend.com\/en\/wp-json\/wp\/v2\/product_tag?post=36811"}],"curies":[{"name":"wp","href":"https:\/\/api.w.org\/{rel}","templated":true}]}}