{"id":36813,"date":"2021-10-06T11:39:16","date_gmt":"2021-10-06T14:39:16","guid":{"rendered":"https:\/\/www.argensend.com\/?post_type=product&#038;p=36813"},"modified":"2024-12-06T16:19:29","modified_gmt":"2024-12-06T19:19:29","slug":"libro-rota-se-camina-igual-lorena-pronsky-spanish-version","status":"publish","type":"product","link":"https:\/\/www.argensend.com\/en\/product\/libro-rota-se-camina-igual-lorena-pronsky-spanish-version\/","title":{"rendered":"Lorena Pronsky &#8211; Rota Se Camina Igual"},"content":{"rendered":"","protected":false},"excerpt":{"rendered":"<p>Apoyada en la herida como parte inevitable de la vida, la autora nos invita a reflexionar acerca de c\u00f3mo y de qu\u00e9 forma podemos transitar con los dolores que nos perforan el alma y nos marcan un nuevo destino. Con un lenguaje sencillo y con la capacidad magistral de poner en palabras las emociones, nos lleva por todos los huecos de la subjetividad humana para darnos, en cada texto, la llave que nos permita abrir esa puerta que uno mantiene cerrada. Este libro es un viaje al interior de las emociones, con el que podemos identificarnos y hacernos carne a trav\u00e9s de las heridas del desamor, del abandono, de las p\u00e9rdidas, de la soledad y de la desolaci\u00f3n. Lorena Pronsky nos muestra c\u00f3mo puede volverse a construir un nuevo mundo, a\u00fan con esas grietas que la vida nos impone. Este es un viaje de regreso hacia nosotros mismos, en donde nos cruzaremos con dos opciones: aferrarnos a un dolor que nos deja en pausa o asumir la realidad que nos toca vivir, entendiendo que rota puede caminarse igual.<\/p>","protected":false},"featured_media":78045,"comment_status":"closed","ping_status":"closed","template":"","meta":{"_acf_changed":false,"om_disable_all_campaigns":false,"_monsterinsights_skip_tracking":false,"_monsterinsights_sitenote_active":false,"_monsterinsights_sitenote_note":"","_monsterinsights_sitenote_category":0},"etheme_brands":[],"product_brand":[],"product_cat":[685],"product_tag":[203,234,224,755,4732,4728,3829,4725,4727,752,4733,4719,199,857,4724,4726,4720,4730,3830,3729,4057,4731,4729],"class_list":{"0":"post-36813","1":"product","2":"type-product","3":"status-publish","4":"has-post-thumbnail","6":"product_cat-libros","7":"product_tag-argentina","8":"product_tag-argentine","9":"product_tag-argentino","10":"product_tag-book","11":"product_tag-books","12":"product_tag-broken","13":"product_tag-espanol","14":"product_tag-lectura","15":"product_tag-leer","16":"product_tag-libro","17":"product_tag-libros","18":"product_tag-lorena-pronsky","19":"product_tag-mujer","20":"product_tag-mujeres","21":"product_tag-read","22":"product_tag-reading","23":"product_tag-rota-se-camina-igual","24":"product_tag-same","25":"product_tag-spanish","26":"product_tag-store","27":"product_tag-the","28":"product_tag-version","29":"product_tag-walks","31":"first","32":"instock","33":"taxable","34":"shipping-taxable","35":"purchasable","36":"product-type-simple"},"acf":[],"aioseo_notices":[],"_links":{"self":[{"href":"https:\/\/www.argensend.com\/en\/wp-json\/wp\/v2\/product\/36813","targetHints":{"allow":["GET"]}}],"collection":[{"href":"https:\/\/www.argensend.com\/en\/wp-json\/wp\/v2\/product"}],"about":[{"href":"https:\/\/www.argensend.com\/en\/wp-json\/wp\/v2\/types\/product"}],"replies":[{"embeddable":true,"href":"https:\/\/www.argensend.com\/en\/wp-json\/wp\/v2\/comments?post=36813"}],"version-history":[{"count":3,"href":"https:\/\/www.argensend.com\/en\/wp-json\/wp\/v2\/product\/36813\/revisions"}],"predecessor-version":[{"id":78047,"href":"https:\/\/www.argensend.com\/en\/wp-json\/wp\/v2\/product\/36813\/revisions\/78047"}],"wp:featuredmedia":[{"embeddable":true,"href":"https:\/\/www.argensend.com\/en\/wp-json\/wp\/v2\/media\/78045"}],"wp:attachment":[{"href":"https:\/\/www.argensend.com\/en\/wp-json\/wp\/v2\/media?parent=36813"}],"wp:term":[{"taxonomy":"brand","embeddable":true,"href":"https:\/\/www.argensend.com\/en\/wp-json\/wp\/v2\/etheme_brands?post=36813"},{"taxonomy":"product_brand","embeddable":true,"href":"https:\/\/www.argensend.com\/en\/wp-json\/wp\/v2\/product_brand?post=36813"},{"taxonomy":"product_cat","embeddable":true,"href":"https:\/\/www.argensend.com\/en\/wp-json\/wp\/v2\/product_cat?post=36813"},{"taxonomy":"product_tag","embeddable":true,"href":"https:\/\/www.argensend.com\/en\/wp-json\/wp\/v2\/product_tag?post=36813"}],"curies":[{"name":"wp","href":"https:\/\/api.w.org\/{rel}","templated":true}]}}