{"id":37145,"date":"2021-10-11T00:19:06","date_gmt":"2021-10-11T03:19:06","guid":{"rendered":"https:\/\/www.argensend.com\/?post_type=product&#038;p=37145"},"modified":"2025-04-27T18:26:12","modified_gmt":"2025-04-27T21:26:12","slug":"pehuamar-mani-japones-sabor-sal-y-limon-110-gr","status":"publish","type":"product","link":"https:\/\/www.argensend.com\/en\/product\/pehuamar-mani-japones-sabor-sal-y-limon-110-gr\/","title":{"rendered":"Pehuamar Man\u00ed Japon\u00e9s Sabor Sal y Lim\u00f3n 110gr"},"content":{"rendered":"","protected":false},"excerpt":{"rendered":"","protected":false},"featured_media":37146,"comment_status":"closed","ping_status":"closed","template":"","meta":{"_acf_changed":false,"om_disable_all_campaigns":false,"_monsterinsights_skip_tracking":false,"_monsterinsights_sitenote_active":false,"_monsterinsights_sitenote_note":"","_monsterinsights_sitenote_category":0},"etheme_brands":[],"product_brand":[],"product_cat":[8815,3006],"product_tag":[230,231,203,234,224,2934,2933,1189,510,791,1514,378,3933,1902,10016,228],"class_list":{"0":"post-37145","1":"product","2":"type-product","3":"status-publish","4":"has-post-thumbnail","6":"product_cat-salados-veganos","7":"product_cat-snacks-salados","8":"product_tag-alimento","9":"product_tag-alimentos","10":"product_tag-argentina","11":"product_tag-argentine","12":"product_tag-argentino","13":"product_tag-krachitos-pehumar","14":"product_tag-normal","15":"product_tag-palito","16":"product_tag-palitos","17":"product_tag-queso","18":"product_tag-salados","19":"product_tag-snack","20":"product_tag-snacka","21":"product_tag-snacks","22":"product_tag-t10ss","23":"product_tag-tradicional","25":"first","26":"outofstock","27":"taxable","28":"shipping-taxable","29":"purchasable","30":"product-type-simple"},"acf":[],"aioseo_notices":[],"_links":{"self":[{"href":"https:\/\/www.argensend.com\/en\/wp-json\/wp\/v2\/product\/37145","targetHints":{"allow":["GET"]}}],"collection":[{"href":"https:\/\/www.argensend.com\/en\/wp-json\/wp\/v2\/product"}],"about":[{"href":"https:\/\/www.argensend.com\/en\/wp-json\/wp\/v2\/types\/product"}],"replies":[{"embeddable":true,"href":"https:\/\/www.argensend.com\/en\/wp-json\/wp\/v2\/comments?post=37145"}],"version-history":[{"count":3,"href":"https:\/\/www.argensend.com\/en\/wp-json\/wp\/v2\/product\/37145\/revisions"}],"predecessor-version":[{"id":104277,"href":"https:\/\/www.argensend.com\/en\/wp-json\/wp\/v2\/product\/37145\/revisions\/104277"}],"wp:featuredmedia":[{"embeddable":true,"href":"https:\/\/www.argensend.com\/en\/wp-json\/wp\/v2\/media\/37146"}],"wp:attachment":[{"href":"https:\/\/www.argensend.com\/en\/wp-json\/wp\/v2\/media?parent=37145"}],"wp:term":[{"taxonomy":"brand","embeddable":true,"href":"https:\/\/www.argensend.com\/en\/wp-json\/wp\/v2\/etheme_brands?post=37145"},{"taxonomy":"product_brand","embeddable":true,"href":"https:\/\/www.argensend.com\/en\/wp-json\/wp\/v2\/product_brand?post=37145"},{"taxonomy":"product_cat","embeddable":true,"href":"https:\/\/www.argensend.com\/en\/wp-json\/wp\/v2\/product_cat?post=37145"},{"taxonomy":"product_tag","embeddable":true,"href":"https:\/\/www.argensend.com\/en\/wp-json\/wp\/v2\/product_tag?post=37145"}],"curies":[{"name":"wp","href":"https:\/\/api.w.org\/{rel}","templated":true}]}}