{"id":37176,"date":"2021-10-11T19:59:17","date_gmt":"2021-10-11T22:59:17","guid":{"rendered":"https:\/\/www.argensend.com\/?post_type=product&#038;p=37176"},"modified":"2024-12-06T16:19:53","modified_gmt":"2024-12-06T19:19:53","slug":"vasos-quilmes-futbol-club-atletico-tucuman-x-12-unidades","status":"publish","type":"product","link":"https:\/\/www.argensend.com\/en\/product\/vasos-quilmes-futbol-club-atletico-tucuman-x-12-unidades\/","title":{"rendered":"Vasos Quilmes F\u00fatbol Club Atl\u00e9tico Tucum\u00e1n &#8211; 12 Unidades"},"content":{"rendered":"","protected":false},"excerpt":{"rendered":"<p>&#8216;-<\/p>\n<p>*Eco-vasos de 500cc reutilizables, material pl\u00e1stico.<\/p>","protected":false},"featured_media":37177,"comment_status":"closed","ping_status":"closed","template":"","meta":{"_acf_changed":false,"om_disable_all_campaigns":false,"_monsterinsights_skip_tracking":false,"_monsterinsights_sitenote_active":false,"_monsterinsights_sitenote_note":"","_monsterinsights_sitenote_category":0},"etheme_brands":[],"product_brand":[],"product_cat":[8794,8902],"product_tag":[203,234,788,2102,3921,1050,996,3900,353,1049,3352,3252,3348,3888],"class_list":{"0":"post-37176","1":"product","2":"type-product","3":"status-publish","4":"has-post-thumbnail","6":"product_cat-bazar","7":"product_cat-club-atletico-de-tucuman","8":"product_tag-argentina","9":"product_tag-argentine","10":"product_tag-cocina","11":"product_tag-equipo","12":"product_tag-footbal","13":"product_tag-futbol","14":"product_tag-glass","15":"product_tag-kitchen","16":"product_tag-plate","17":"product_tag-river","18":"product_tag-soccer","19":"product_tag-team","20":"product_tag-utensil","21":"product_tag-utensilio","23":"first","24":"outofstock","25":"taxable","26":"shipping-taxable","27":"purchasable","28":"product-type-simple"},"acf":[],"aioseo_notices":[],"_links":{"self":[{"href":"https:\/\/www.argensend.com\/en\/wp-json\/wp\/v2\/product\/37176","targetHints":{"allow":["GET"]}}],"collection":[{"href":"https:\/\/www.argensend.com\/en\/wp-json\/wp\/v2\/product"}],"about":[{"href":"https:\/\/www.argensend.com\/en\/wp-json\/wp\/v2\/types\/product"}],"replies":[{"embeddable":true,"href":"https:\/\/www.argensend.com\/en\/wp-json\/wp\/v2\/comments?post=37176"}],"version-history":[{"count":3,"href":"https:\/\/www.argensend.com\/en\/wp-json\/wp\/v2\/product\/37176\/revisions"}],"predecessor-version":[{"id":119267,"href":"https:\/\/www.argensend.com\/en\/wp-json\/wp\/v2\/product\/37176\/revisions\/119267"}],"wp:featuredmedia":[{"embeddable":true,"href":"https:\/\/www.argensend.com\/en\/wp-json\/wp\/v2\/media\/37177"}],"wp:attachment":[{"href":"https:\/\/www.argensend.com\/en\/wp-json\/wp\/v2\/media?parent=37176"}],"wp:term":[{"taxonomy":"brand","embeddable":true,"href":"https:\/\/www.argensend.com\/en\/wp-json\/wp\/v2\/etheme_brands?post=37176"},{"taxonomy":"product_brand","embeddable":true,"href":"https:\/\/www.argensend.com\/en\/wp-json\/wp\/v2\/product_brand?post=37176"},{"taxonomy":"product_cat","embeddable":true,"href":"https:\/\/www.argensend.com\/en\/wp-json\/wp\/v2\/product_cat?post=37176"},{"taxonomy":"product_tag","embeddable":true,"href":"https:\/\/www.argensend.com\/en\/wp-json\/wp\/v2\/product_tag?post=37176"}],"curies":[{"name":"wp","href":"https:\/\/api.w.org\/{rel}","templated":true}]}}