{"id":37181,"date":"2021-10-11T22:08:56","date_gmt":"2021-10-12T01:08:56","guid":{"rendered":"https:\/\/www.argensend.com\/?post_type=product&#038;p=37181"},"modified":"2025-01-02T12:24:53","modified_gmt":"2025-01-02T15:24:53","slug":"pan-dulce-steinhauser-850-grs","status":"publish","type":"product","link":"https:\/\/www.argensend.com\/en\/product\/pan-dulce-steinhauser-850-grs\/","title":{"rendered":"Steinhauser &#8211; Pan Dulce 850gr"},"content":{"rendered":"","protected":false},"excerpt":{"rendered":"<p>Un Pan Dulce estilo europeo calidad Premium, que combina la abundante cantidad de frutos del t\u00edpico Stollen alem\u00e1n con la masa del Panettone Basso italiano. Con c\u00e1scara de naranja confitada, pasas de uva sultaninas, nueces, almendras y avellanas tostadas. Recubierto de una exquisita capa almendrada y az\u00facar en grana.<br \/>\n&#8212;&#8212;&#8212;&#8212;&#8212;&#8212;&#8212;&#8212;&#8212;&#8211;<\/p>","protected":false},"featured_media":82815,"comment_status":"closed","ping_status":"closed","template":"","meta":{"_acf_changed":false,"om_disable_all_campaigns":false,"_monsterinsights_skip_tracking":false,"_monsterinsights_sitenote_active":false,"_monsterinsights_sitenote_note":"","_monsterinsights_sitenote_category":0},"etheme_brands":[],"product_brand":[],"product_cat":[5355,2165],"product_tag":[4294,4314,4790,675,3908,3893,9447,1442,10631],"class_list":{"0":"post-37181","1":"product","2":"type-product","3":"status-publish","4":"has-post-thumbnail","6":"product_cat-italia","7":"product_cat-navidad","8":"product_tag-christmas","9":"product_tag-holidays","10":"product_tag-las-colonias","11":"product_tag-navidad","12":"product_tag-pan-dulce","13":"product_tag-sweet-bread","14":"product_tag-x-mas","15":"product_tag-xmas","16":"product_tag-xmass24","18":"first","19":"outofstock","20":"taxable","21":"shipping-taxable","22":"purchasable","23":"product-type-simple"},"acf":[],"aioseo_notices":[],"_links":{"self":[{"href":"https:\/\/www.argensend.com\/en\/wp-json\/wp\/v2\/product\/37181","targetHints":{"allow":["GET"]}}],"collection":[{"href":"https:\/\/www.argensend.com\/en\/wp-json\/wp\/v2\/product"}],"about":[{"href":"https:\/\/www.argensend.com\/en\/wp-json\/wp\/v2\/types\/product"}],"replies":[{"embeddable":true,"href":"https:\/\/www.argensend.com\/en\/wp-json\/wp\/v2\/comments?post=37181"}],"version-history":[{"count":3,"href":"https:\/\/www.argensend.com\/en\/wp-json\/wp\/v2\/product\/37181\/revisions"}],"predecessor-version":[{"id":105882,"href":"https:\/\/www.argensend.com\/en\/wp-json\/wp\/v2\/product\/37181\/revisions\/105882"}],"wp:featuredmedia":[{"embeddable":true,"href":"https:\/\/www.argensend.com\/en\/wp-json\/wp\/v2\/media\/82815"}],"wp:attachment":[{"href":"https:\/\/www.argensend.com\/en\/wp-json\/wp\/v2\/media?parent=37181"}],"wp:term":[{"taxonomy":"brand","embeddable":true,"href":"https:\/\/www.argensend.com\/en\/wp-json\/wp\/v2\/etheme_brands?post=37181"},{"taxonomy":"product_brand","embeddable":true,"href":"https:\/\/www.argensend.com\/en\/wp-json\/wp\/v2\/product_brand?post=37181"},{"taxonomy":"product_cat","embeddable":true,"href":"https:\/\/www.argensend.com\/en\/wp-json\/wp\/v2\/product_cat?post=37181"},{"taxonomy":"product_tag","embeddable":true,"href":"https:\/\/www.argensend.com\/en\/wp-json\/wp\/v2\/product_tag?post=37181"}],"curies":[{"name":"wp","href":"https:\/\/api.w.org\/{rel}","templated":true}]}}