{"id":37593,"date":"2021-10-19T09:36:11","date_gmt":"2021-10-19T12:36:11","guid":{"rendered":"https:\/\/www.argensend.com\/?post_type=product&#038;p=37593"},"modified":"2025-01-02T12:24:51","modified_gmt":"2025-01-02T15:24:51","slug":"turron-espanol-el-antiguo-mazapan-fruta-x-200-gr","status":"publish","type":"product","link":"https:\/\/www.argensend.com\/en\/product\/turron-espanol-el-antiguo-mazapan-fruta-x-200-gr\/","title":{"rendered":"Turr\u00f3n Espa\u00f1ol el Antiguo Mazap\u00e1n Fruta &#8211; 200gr"},"content":{"rendered":"","protected":false},"excerpt":{"rendered":"","protected":false},"featured_media":37594,"comment_status":"closed","ping_status":"closed","template":"","meta":{"_acf_changed":false,"om_disable_all_campaigns":false,"_monsterinsights_skip_tracking":false,"_monsterinsights_sitenote_active":false,"_monsterinsights_sitenote_note":"","_monsterinsights_sitenote_category":0},"etheme_brands":[],"product_brand":[],"product_cat":[8803,2165],"product_tag":[4341,4342,4294,4343,675,4290,1301,9447,1442,10631],"class_list":{"0":"post-37593","1":"product","2":"type-product","3":"status-publish","4":"has-post-thumbnail","6":"product_cat-dulce-sin-tacc","7":"product_cat-navidad","8":"product_tag-almendras","9":"product_tag-almonds","10":"product_tag-christmas","11":"product_tag-gluten-free","12":"product_tag-navidad","13":"product_tag-nougat","14":"product_tag-turron","15":"product_tag-x-mas","16":"product_tag-xmas","17":"product_tag-xmass24","19":"first","20":"outofstock","21":"taxable","22":"shipping-taxable","23":"purchasable","24":"product-type-simple"},"acf":[],"aioseo_notices":[],"_links":{"self":[{"href":"https:\/\/www.argensend.com\/en\/wp-json\/wp\/v2\/product\/37593","targetHints":{"allow":["GET"]}}],"collection":[{"href":"https:\/\/www.argensend.com\/en\/wp-json\/wp\/v2\/product"}],"about":[{"href":"https:\/\/www.argensend.com\/en\/wp-json\/wp\/v2\/types\/product"}],"replies":[{"embeddable":true,"href":"https:\/\/www.argensend.com\/en\/wp-json\/wp\/v2\/comments?post=37593"}],"version-history":[{"count":3,"href":"https:\/\/www.argensend.com\/en\/wp-json\/wp\/v2\/product\/37593\/revisions"}],"predecessor-version":[{"id":107829,"href":"https:\/\/www.argensend.com\/en\/wp-json\/wp\/v2\/product\/37593\/revisions\/107829"}],"wp:featuredmedia":[{"embeddable":true,"href":"https:\/\/www.argensend.com\/en\/wp-json\/wp\/v2\/media\/37594"}],"wp:attachment":[{"href":"https:\/\/www.argensend.com\/en\/wp-json\/wp\/v2\/media?parent=37593"}],"wp:term":[{"taxonomy":"brand","embeddable":true,"href":"https:\/\/www.argensend.com\/en\/wp-json\/wp\/v2\/etheme_brands?post=37593"},{"taxonomy":"product_brand","embeddable":true,"href":"https:\/\/www.argensend.com\/en\/wp-json\/wp\/v2\/product_brand?post=37593"},{"taxonomy":"product_cat","embeddable":true,"href":"https:\/\/www.argensend.com\/en\/wp-json\/wp\/v2\/product_cat?post=37593"},{"taxonomy":"product_tag","embeddable":true,"href":"https:\/\/www.argensend.com\/en\/wp-json\/wp\/v2\/product_tag?post=37593"}],"curies":[{"name":"wp","href":"https:\/\/api.w.org\/{rel}","templated":true}]}}