{"id":37690,"date":"2021-10-19T17:18:42","date_gmt":"2021-10-19T20:18:42","guid":{"rendered":"https:\/\/www.argensend.com\/?post_type=product&#038;p=37690"},"modified":"2024-12-06T16:20:27","modified_gmt":"2024-12-06T19:20:27","slug":"prime-preservativos-skyn-de-poli-isopreno-extra-lubricado-x-6-unidades-extra-lubricated-poly-isoprene-condoms-skyn-x-6-units","status":"publish","type":"product","link":"https:\/\/www.argensend.com\/en\/product\/prime-preservativos-skyn-de-poli-isopreno-extra-lubricado-x-6-unidades-extra-lubricated-poly-isoprene-condoms-skyn-x-6-units\/","title":{"rendered":"Prime &#8211; Preservativos &#8220;Skyn&#8221; de Poli-Isopreno Extra Lubricado &#8211; 6 Unidades"},"content":{"rendered":"<p>Skyn es una nueva generaci\u00f3n de preservativos sin l\u00e1tex fabricados de Poli isopreno, un material sint\u00e9tico que permite mayor adaptaci\u00f3n anat\u00f3mica.<\/p>\n<p>Beneficios:<br \/>\nInoloro. Apto para personas al\u00e9rgicas al l\u00e1tex. Color natural. Mayor comodidad de uso y trasmisi\u00f3n del calor. Skyn Extra lubricado posee un 40% m\u00e1s de lubricaci\u00f3n ultra suave de larga duraci\u00f3n.<\/p>","protected":false},"excerpt":{"rendered":"<p>Skyn es una nueva generaci\u00f3n de preservativos sin l\u00e1tex fabricados de Poli isopreno, un material sint\u00e9tico que permite mayor adaptaci\u00f3n anat\u00f3mica. Beneficios: Inoloro. Apto para&#8230;<\/p>","protected":false},"featured_media":37691,"comment_status":"closed","ping_status":"closed","template":"","meta":{"_acf_changed":false,"om_disable_all_campaigns":false,"_monsterinsights_skip_tracking":false,"_monsterinsights_sitenote_active":false,"_monsterinsights_sitenote_note":"","_monsterinsights_sitenote_category":0},"etheme_brands":[],"product_brand":[],"product_cat":[8819],"product_tag":[203,234,224,1417,4961,4962,947,4960,4974,4969,4972,4971,1344,4973,4975,4959,4970],"class_list":{"0":"post-37690","1":"product","2":"type-product","3":"status-publish","4":"has-post-thumbnail","6":"product_cat-farmacia","7":"product_tag-argentina","8":"product_tag-argentine","9":"product_tag-argentino","10":"product_tag-black","11":"product_tag-condoms","12":"product_tag-condones","13":"product_tag-extra","14":"product_tag-forros","15":"product_tag-isopreno","16":"product_tag-latex","17":"product_tag-lubricados","18":"product_tag-lubricated","19":"product_tag-negros","20":"product_tag-poli","21":"product_tag-poly-isoprene","22":"product_tag-preservativos","23":"product_tag-skyn","25":"first","26":"instock","27":"taxable","28":"shipping-taxable","29":"purchasable","30":"product-type-simple"},"acf":[],"aioseo_notices":[],"_links":{"self":[{"href":"https:\/\/www.argensend.com\/en\/wp-json\/wp\/v2\/product\/37690","targetHints":{"allow":["GET"]}}],"collection":[{"href":"https:\/\/www.argensend.com\/en\/wp-json\/wp\/v2\/product"}],"about":[{"href":"https:\/\/www.argensend.com\/en\/wp-json\/wp\/v2\/types\/product"}],"replies":[{"embeddable":true,"href":"https:\/\/www.argensend.com\/en\/wp-json\/wp\/v2\/comments?post=37690"}],"version-history":[{"count":2,"href":"https:\/\/www.argensend.com\/en\/wp-json\/wp\/v2\/product\/37690\/revisions"}],"predecessor-version":[{"id":101889,"href":"https:\/\/www.argensend.com\/en\/wp-json\/wp\/v2\/product\/37690\/revisions\/101889"}],"wp:featuredmedia":[{"embeddable":true,"href":"https:\/\/www.argensend.com\/en\/wp-json\/wp\/v2\/media\/37691"}],"wp:attachment":[{"href":"https:\/\/www.argensend.com\/en\/wp-json\/wp\/v2\/media?parent=37690"}],"wp:term":[{"taxonomy":"brand","embeddable":true,"href":"https:\/\/www.argensend.com\/en\/wp-json\/wp\/v2\/etheme_brands?post=37690"},{"taxonomy":"product_brand","embeddable":true,"href":"https:\/\/www.argensend.com\/en\/wp-json\/wp\/v2\/product_brand?post=37690"},{"taxonomy":"product_cat","embeddable":true,"href":"https:\/\/www.argensend.com\/en\/wp-json\/wp\/v2\/product_cat?post=37690"},{"taxonomy":"product_tag","embeddable":true,"href":"https:\/\/www.argensend.com\/en\/wp-json\/wp\/v2\/product_tag?post=37690"}],"curies":[{"name":"wp","href":"https:\/\/api.w.org\/{rel}","templated":true}]}}