{"id":37706,"date":"2021-10-20T08:17:59","date_gmt":"2021-10-20T11:17:59","guid":{"rendered":"https:\/\/www.argensend.com\/?post_type=product&#038;p=37706"},"modified":"2024-12-06T16:20:27","modified_gmt":"2024-12-06T19:20:27","slug":"prime-preservativos-ultra-fino-de-latex-maxima-sensibilidad-x-12-unidades-latex-ultra-thin-condoms-maxima-sensitivity-x-12-units","status":"publish","type":"product","link":"https:\/\/www.argensend.com\/en\/product\/prime-preservativos-ultra-fino-de-latex-maxima-sensibilidad-x-12-unidades-latex-ultra-thin-condoms-maxima-sensitivity-x-12-units\/","title":{"rendered":"Prime &#8211; Preservativos &#8220;Ultra Fino&#8221; de Latex Maxima Sensibilidad &#8211; 12 Unidades"},"content":{"rendered":"<section class=\"product-description-container\">\n<div class=\"product-description active\">\n<div class=\"productDescription\">\n<p>Son los m\u00e1s finos de la l\u00ednea l\u00e1tex. Permiten una mayor sensaci\u00f3n sin disminuir su seguridad. Muy sensitivos. Se sienten como usar nada.<\/p>\n<\/div>\n<\/div>\n<\/section>","protected":false},"excerpt":{"rendered":"<p>Son los m\u00e1s finos de la l\u00ednea l\u00e1tex. Permiten una mayor sensaci\u00f3n sin disminuir su seguridad. Muy sensitivos. Se sienten como usar nada.<\/p>","protected":false},"featured_media":37707,"comment_status":"closed","ping_status":"closed","template":"","meta":{"_acf_changed":false,"om_disable_all_campaigns":false,"_monsterinsights_skip_tracking":false,"_monsterinsights_sitenote_active":false,"_monsterinsights_sitenote_note":"","_monsterinsights_sitenote_category":0},"etheme_brands":[],"product_brand":[],"product_cat":[8819],"product_tag":[203,234,224,4961,4962,4953,4960,4969,4976,4959,724,713,4978,4977,4955,1548],"class_list":{"0":"post-37706","1":"product","2":"type-product","3":"status-publish","4":"has-post-thumbnail","6":"product_cat-farmacia","7":"product_tag-argentina","8":"product_tag-argentine","9":"product_tag-argentino","10":"product_tag-condoms","11":"product_tag-condones","12":"product_tag-fino","13":"product_tag-forros","14":"product_tag-latex","15":"product_tag-maxima","16":"product_tag-preservativos","17":"product_tag-red","18":"product_tag-rojo","19":"product_tag-sensibilidad","20":"product_tag-sensibility","21":"product_tag-thin","22":"product_tag-ultra","24":"first","25":"instock","26":"taxable","27":"shipping-taxable","28":"purchasable","29":"product-type-simple"},"acf":[],"aioseo_notices":[],"_links":{"self":[{"href":"https:\/\/www.argensend.com\/en\/wp-json\/wp\/v2\/product\/37706","targetHints":{"allow":["GET"]}}],"collection":[{"href":"https:\/\/www.argensend.com\/en\/wp-json\/wp\/v2\/product"}],"about":[{"href":"https:\/\/www.argensend.com\/en\/wp-json\/wp\/v2\/types\/product"}],"replies":[{"embeddable":true,"href":"https:\/\/www.argensend.com\/en\/wp-json\/wp\/v2\/comments?post=37706"}],"version-history":[{"count":2,"href":"https:\/\/www.argensend.com\/en\/wp-json\/wp\/v2\/product\/37706\/revisions"}],"predecessor-version":[{"id":101890,"href":"https:\/\/www.argensend.com\/en\/wp-json\/wp\/v2\/product\/37706\/revisions\/101890"}],"wp:featuredmedia":[{"embeddable":true,"href":"https:\/\/www.argensend.com\/en\/wp-json\/wp\/v2\/media\/37707"}],"wp:attachment":[{"href":"https:\/\/www.argensend.com\/en\/wp-json\/wp\/v2\/media?parent=37706"}],"wp:term":[{"taxonomy":"brand","embeddable":true,"href":"https:\/\/www.argensend.com\/en\/wp-json\/wp\/v2\/etheme_brands?post=37706"},{"taxonomy":"product_brand","embeddable":true,"href":"https:\/\/www.argensend.com\/en\/wp-json\/wp\/v2\/product_brand?post=37706"},{"taxonomy":"product_cat","embeddable":true,"href":"https:\/\/www.argensend.com\/en\/wp-json\/wp\/v2\/product_cat?post=37706"},{"taxonomy":"product_tag","embeddable":true,"href":"https:\/\/www.argensend.com\/en\/wp-json\/wp\/v2\/product_tag?post=37706"}],"curies":[{"name":"wp","href":"https:\/\/api.w.org\/{rel}","templated":true}]}}