{"id":37712,"date":"2021-10-20T08:27:57","date_gmt":"2021-10-20T11:27:57","guid":{"rendered":"https:\/\/www.argensend.com\/?post_type=product&#038;p=37712"},"modified":"2024-12-06T16:20:28","modified_gmt":"2024-12-06T19:20:28","slug":"prime-preservativos-retardante-de-latex-climax-control-x-12-unidades-latex-super-thin-condoms-for-prolonged-pleasure-x-12-units","status":"publish","type":"product","link":"https:\/\/www.argensend.com\/en\/product\/prime-preservativos-retardante-de-latex-climax-control-x-12-unidades-latex-super-thin-condoms-for-prolonged-pleasure-x-12-units\/","title":{"rendered":"Prime &#8211; Preservativos &#8220;Retardante&#8221; de Latex Climax control &#8211; 12 Unidades"},"content":{"rendered":"<section class=\"product-description-container\">\n<div class=\"product-description active\">\n<div class=\"productDescription\">\n<section class=\"product-description-container\">\n<div class=\"product-description active\">\n<div class=\"productDescription\">\n<section class=\"product-description-container\">\n<div class=\"product-description active\">\n<div class=\"productDescription\">\n<p>Climax control. Lubricado con benzoca\u00edna al 4.5% que ayuda a retardar la eyaculaci\u00f3n y contribuye a prolongar el tiempo de la relaci\u00f3n sexual. Prime Retardante es placer prolongado para ambos integrantes de la pareja.<\/p>\n<\/div>\n<div class=\"product-modules\"><\/div>\n<\/div>\n<\/section>\n<\/div>\n<div class=\"product-modules\"><\/div>\n<\/div>\n<\/section>\n<\/div>\n<\/div>\n<\/section>","protected":false},"excerpt":{"rendered":"<p>Climax control. Lubricado con benzoca\u00edna al 4.5% que ayuda a retardar la eyaculaci\u00f3n y contribuye a prolongar el tiempo de la relaci\u00f3n sexual. Prime Retardante&#8230;<\/p>","protected":false},"featured_media":37713,"comment_status":"closed","ping_status":"closed","template":"","meta":{"_acf_changed":false,"om_disable_all_campaigns":false,"_monsterinsights_skip_tracking":false,"_monsterinsights_sitenote_active":false,"_monsterinsights_sitenote_note":"","_monsterinsights_sitenote_category":0},"etheme_brands":[],"product_brand":[],"product_cat":[8819],"product_tag":[203,234,224,714,935,3215,4984,4961,4962,2970,4960,4969,766,4979,4980,4959,4983,4982,4981],"class_list":{"0":"post-37712","1":"product","2":"type-product","3":"status-publish","4":"has-post-thumbnail","6":"product_cat-farmacia","7":"product_tag-argentina","8":"product_tag-argentine","9":"product_tag-argentino","10":"product_tag-azul","11":"product_tag-blue","12":"product_tag-celeste","13":"product_tag-climax","14":"product_tag-condoms","15":"product_tag-condones","16":"product_tag-control","17":"product_tag-forros","18":"product_tag-latex","19":"product_tag-light","20":"product_tag-placer","21":"product_tag-pleasure","22":"product_tag-preservativos","23":"product_tag-prolongada","24":"product_tag-prolonged","25":"product_tag-retardante","27":"first","28":"instock","29":"taxable","30":"shipping-taxable","31":"purchasable","32":"product-type-simple"},"acf":[],"aioseo_notices":[],"_links":{"self":[{"href":"https:\/\/www.argensend.com\/en\/wp-json\/wp\/v2\/product\/37712","targetHints":{"allow":["GET"]}}],"collection":[{"href":"https:\/\/www.argensend.com\/en\/wp-json\/wp\/v2\/product"}],"about":[{"href":"https:\/\/www.argensend.com\/en\/wp-json\/wp\/v2\/types\/product"}],"replies":[{"embeddable":true,"href":"https:\/\/www.argensend.com\/en\/wp-json\/wp\/v2\/comments?post=37712"}],"version-history":[{"count":2,"href":"https:\/\/www.argensend.com\/en\/wp-json\/wp\/v2\/product\/37712\/revisions"}],"predecessor-version":[{"id":101893,"href":"https:\/\/www.argensend.com\/en\/wp-json\/wp\/v2\/product\/37712\/revisions\/101893"}],"wp:featuredmedia":[{"embeddable":true,"href":"https:\/\/www.argensend.com\/en\/wp-json\/wp\/v2\/media\/37713"}],"wp:attachment":[{"href":"https:\/\/www.argensend.com\/en\/wp-json\/wp\/v2\/media?parent=37712"}],"wp:term":[{"taxonomy":"brand","embeddable":true,"href":"https:\/\/www.argensend.com\/en\/wp-json\/wp\/v2\/etheme_brands?post=37712"},{"taxonomy":"product_brand","embeddable":true,"href":"https:\/\/www.argensend.com\/en\/wp-json\/wp\/v2\/product_brand?post=37712"},{"taxonomy":"product_cat","embeddable":true,"href":"https:\/\/www.argensend.com\/en\/wp-json\/wp\/v2\/product_cat?post=37712"},{"taxonomy":"product_tag","embeddable":true,"href":"https:\/\/www.argensend.com\/en\/wp-json\/wp\/v2\/product_tag?post=37712"}],"curies":[{"name":"wp","href":"https:\/\/api.w.org\/{rel}","templated":true}]}}